{"id":3,"date":"2023-01-19T12:30:03","date_gmt":"2023-01-19T12:30:03","guid":{"rendered":"http:\/\/dreamybunny.lt\/?page_id=3"},"modified":"2024-04-28T22:47:02","modified_gmt":"2024-04-28T19:47:02","slug":"privatumo-politika","status":"publish","type":"page","link":"https:\/\/dreamybunny.lt\/en\/privatumo-politika\/","title":{"rendered":"privacy policy"},"content":{"rendered":"<section class=\"wpb-content-wrapper\"><div class=\"vc_row wpb_row vc_row-fluid\"><div class=\"wpb_column vc_column_container vc_col-sm-12\"><div class=\"vc_column-inner\"><div class=\"wpb_wrapper\">\n\t<div class=\"wpb_text_column wpb_content_element\" >\n\t\t<div class=\"wpb_wrapper\">\n\t\t\t<h3 class=\"wp-block-heading\">Company MB Dreamy Bunny Privacy Policy<\/h3>\n<p>Paskutin\u012f kart\u0105 redaguota 2023-08-02<\/p>\n<p>Interneto svetain\u0117je DREAMYBUNNY, prieinamoje adresu https:\/\/www.dreamybunny.lt, vienas i\u0161 m\u016bs\u0173 pagrindini\u0173 prioritet\u0173 yra m\u016bs\u0173 lankytoj\u0173 privatumas. \u0160is dokumentas, Privatumo Politika, apra\u0161o informacijos, renkamos ir kaupiamos DREAMYBUNNY, tipus bei naudojimo b\u016bdus.<\/p>\n<p>If you have additional questions or want to know more information about our Privacy Policy, please contact us.<\/p>\n<p>This Privacy Policy applies only to our digital activities and applies only to our website visitors and information shared or collected on the DREAMYBUNNY website. This policy does not apply to information collected outside the digital space or through channels other than the website.<\/p>\n<p>\u00a0<\/p>\n<h3 class=\"wp-block-heading\">Consent<\/h3>\n<p>By using our website, you agree to our Privacy Policy and its terms.<\/p>\n<p>\u00a0<\/p>\n<h3 class=\"wp-block-heading\">Information we collect<\/h3>\n<p>The personal information you will be asked to provide and the reasons for the request will be clearly identified at the time we ask you to provide the personal information.<\/p>\n<p>If you contact us personally, we may receive additional information about you, e.g. name, email email address, phone number, message content and\/or attachments you may send and any other information you choose to provide.<\/p>\n<p>If you register your profile, we may ask you for contact information, e.g. name, company name, address, e-mail postal address, telephone number.<\/p>\n<p>\u00a0<\/p>\n<h3 class=\"wp-block-heading\">How we use your information<\/h3>\n<p>We use the information we collect in a number of ways, including:<\/p>\n<p>\u00a0<\/p>\n<ul>\n<li style=\"list-style-type: none;\">\n<ul>\n<li>Ensuring and maintaining the website<\/li>\n<li>Improvement, personalization and development of the website<\/li>\n<li>Understanding how you use our website<\/li>\n<li>Implementation of new products, services, functions<\/li>\n<li>Communicating with you, directly or through our partners, including customer service, to provide you with news and other information related to our website, as well as for marketing and advertising purposes<\/li>\n<li>email sending letters<\/li>\n<li>Fraud detection and elimination<\/li>\n<\/ul>\n<\/li>\n<\/ul>\n<h3>GDPR data protection rights<\/h3>\n<p><!-- \/wp:heading --><\/p>\n<p><!-- wp:paragraph -->We would like to make sure that you are fully informed about your data protection rights. Every visitor has the right to:<\/p>\n<p><!-- \/wp:paragraph --><\/p>\n<p><!-- wp:paragraph -->Right of access - You have the right to request copies of your data. We may charge a small fee for this service.<\/p>\n<p><!-- \/wp:paragraph --><\/p>\n<p><!-- wp:paragraph -->Right to rectification \u2013 You have the right to request that we correct any information that you believe is incorrect. You also have the right to request that we supplement any information that you believe is incomplete.<\/p>\n<p><!-- \/wp:paragraph --><\/p>\n<p><!-- wp:paragraph -->Right to erasure - you have the right to request that we delete your personal data under certain conditions.<\/p>\n<p><!-- \/wp:paragraph --><\/p>\n<p><!-- wp:paragraph -->Right to restriction of processing \u2013 you have the right to request that we restrict the processing of your personal data under certain conditions.<\/p>\n<p><!-- \/wp:paragraph --><\/p>\n<p><!-- wp:paragraph -->The right to object to processing - you have the right to object to the processing of your personal data under certain conditions.<\/p>\n<p><!-- \/wp:paragraph --><\/p>\n<p><!-- wp:paragraph -->The right to data portability \u2013 you have the right to request that we transfer the data we collect to another organization or to you personally under certain conditions.<\/p>\n<p><!-- \/wp:paragraph --><\/p>\n<p><!-- wp:paragraph -->We have one month to respond to your request. If you wish to exercise any of these rights, please contact us.<\/p>\n<p><!-- \/wp:paragraph -->\u00a0<\/p>\n<p><!-- wp:heading {\"level\":3} --><\/p>\n<h3>Information about children<\/h3>\n<p><!-- \/wp:heading --><\/p>\n<p><!-- wp:paragraph -->Another part of our priorities is the protection of children using the Internet. We encourage parents and guardians to monitor, participate and\/or control and manage their online activities.<\/p>\n<p><!-- \/wp:paragraph --><\/p>\n<p><!-- wp:paragraph -->The DREAMYBUNNY website does not knowingly collect any personally identifiable information from children under the age of 13. If you believe that your child has provided such information on our website, we encourage you to contact us immediately and we will endeavor to promptly delete such information from our records.<\/p>\n<p>&nbsp;<\/p>\n<p><!-- wp:heading {\"level\":3} --><\/p>\n<h3>Log files<\/h3>\n<p><!-- \/wp:heading --><\/p>\n<p><!-- wp:paragraph -->The DREAMYBUNNY website follows a standard procedure for using log files. These files record visitors when they visit websites. All hosting companies do this, and it is part of the analysis of hosting services. Information collected in log files includes Internet Protocol (IP) addresses, browser type, Internet Service Provider (ISP), date, time, referring and exit pages, and possibly the number of clicks. This information is not linked to personally identifiable information. The purpose of this information is to analyze trends, administer the site, track visitor actions and gather demographic information.<\/p>\n<p><!-- \/wp:paragraph -->\u00a0<\/p>\n<p><!-- wp:heading {\"level\":3} --><\/p>\n<h3>Cookies and web beacons<\/h3>\n<p><!-- \/wp:heading --><\/p>\n<p><!-- wp:paragraph -->Like any other website, DREAMYBUNNY uses cookies. These cookies are used to collect information about visitors&#039; preferences and pages accessed or visited by visitors. This information is used to optimize the visitor experience by customizing the content of our website based on the visitor&#039;s browser type and\/or other information.<\/p>\n<p><!-- \/wp:paragraph --><\/p>\n<p><!-- wp:paragraph -->For more basic information about cookies, please read on\u00a0<a href=\"https:\/\/www.privacypolicyonline.com\/what-are-cookies\/\">&quot;What are cookies&quot;<\/a>.<\/p>\n<p><!-- \/wp:paragraph -->\u00a0<\/p>\n<p><!-- wp:heading {\"level\":3} --><\/p>\n<h3>Privacy Policy of advertising partners<\/h3>\n<p><!-- \/wp:heading --><\/p>\n<p><!-- wp:paragraph -->You can review this list to find the Privacy Policy for each of DREAMYBUNNY&#039;s website advertising partners.<\/p>\n<p><!-- \/wp:paragraph --><\/p>\n<p><!-- wp:paragraph -->Tre\u010di\u0173 \u0161ali\u0173 reklam\u0173 serveriai ar platformos naudoja tokias technologijas, kaip slapukai, JavaScript ar \u017einiatinklio indikatoriai, kurie naudojami j\u0173 atitinkamose reklamose ir nuorodose, kurios pasiekiamos per\u00a0DREAMYBUNNY internetin\u0119 svetain\u0119, bei kurios siun\u010diamios tiesiogiai \u012f lankytojo nar\u0161ykl\u0119. Kai tai \u012fvyksta, jie automati\u0161kai gauna j\u016bs\u0173 IP adres\u0105. \u0160ios technologijos yra naudojamos, jog i\u0161matuot\u0173 j\u0173 reklamos kampanij\u0173 efektyvum\u0105 ir\/arba personalizuot\u0173 reklamos turin\u012f, kur\u012f matote tinklapiuose, kuriuose lankot\u0117s.<\/p>\n<p><!-- \/wp:paragraph --><\/p>\n<p><!-- wp:paragraph -->DREAMYBUNNY has no access or control over these cookies used by third-party advertisers.<\/p>\n<p><!-- \/wp:paragraph -->\u00a0<\/p>\n<p><!-- wp:heading {\"level\":3} --><\/p>\n<h3>Third Party Privacy Policy<\/h3>\n<p><!-- \/wp:heading --><\/p>\n<p><!-- wp:paragraph -->The DREAMYBUNNY website&#039;s Privacy Policy does not apply to other advertisers or websites. Therefore, we suggest that you review the respective Privacy Policy of these third-party ad servers for more detailed information. They may contain information about what practices are used and instructions on how to opt out of certain choices.<\/p>\n<p><!-- \/wp:paragraph --><\/p>\n<p><!-- wp:paragraph -->You can choose to disable cookies in your browser settings. If you want to know more detailed information about cookie controls in certain browsers, it can be found on the websites of the respective browsers.<\/p>\n\n\t\t<\/div>\n\t<\/div>\n\n\t<div class=\"wpb_raw_code wpb_content_element wpb_raw_html\" >\n\t\t<div class=\"wpb_wrapper\">\n\t\t\t <h3>Svetain\u0117je naudojame \u0161iuos slapukus<\/h35>\n\n    <div class=\"cky-audit-table-element\"><\/div>\n\n\t\t<\/div>\n\t<\/div>\n\n\t<div class=\"wpb_text_column wpb_content_element\" >\n\t\t<div class=\"wpb_wrapper\">\n\t\t\t<h3>Slapuk\u0173 nustatym\u0173 keitimas ir blokavimas<\/h3>\n<p>Daugelis interneto nar\u0161ykli\u0173 yra nustatytos taip, kad automati\u0161kai priimt\u0173 slapukus. Lankytojai savo nuo\u017ei\u016bra gali u\u017eblokuoti ar i\u0161trinti slapukus ir pana\u0161ius unikalius identifikatorius, jeigu tai jiems leid\u017eia j\u0173 nar\u0161ykl\u0117s ar \u012frenginio nustatymai.<br \/>Vis d\u0117lto, atkreipiame J\u016bs\u0173 d\u0117mes\u012f \u012f tai, kad b\u016btinieji slapukai ir analitiniai slapukai yra naudojimosi Svetaine s\u0105lyga. Jei atsisakysite \u0161i\u0173 slapuk\u0173, negalime b\u016bti tikri, kaip ir ar i\u0161 viso veiks m\u016bs\u0173 Svetain\u0117.<br \/>J\u016bs galite keisti savo pasirinkim\u0105 d\u0117l j\u0173 naudojimo nar\u0161ymo m\u016bs\u0173 svetain\u0117je metu\u00a0 paspausdami mygtuk\u0105:<\/p>\n\n\t\t<\/div>\n\t<\/div>\n\n\t<div class=\"wpb_raw_code wpb_content_element wpb_raw_html\" >\n\t\t<div class=\"wpb_wrapper\">\n\t\t\t<a class=\"cky-banner-element\">Keisti slapuk\u0173 nustatymus<\/a>\n\t\t<\/div>\n\t<\/div>\n<\/div><\/div><\/div><\/div><div class=\"vc_row wpb_row vc_row-fluid\"><div class=\"wpb_column vc_column_container vc_col-sm-12\"><div class=\"vc_column-inner\"><div class=\"wpb_wrapper\">\n\t<div class=\"wpb_text_column wpb_content_element\" >\n\t\t<div class=\"wpb_wrapper\">\n\t\t\t<p>Galite kontroliuoti kit\u0173 slapuk\u0173 naudojim\u0105, pakeit\u0119 savo nar\u0161ykl\u0117s nustatymus. Daugiau informacijos apie tai, kaip pa\u0161alinti slapukus, o taip pat kitos naudingos informacijos, susijusios su slapuk\u0173 naudojimu, galite rasti \u0161iose internetin\u0117se nuorodose:<\/p>\n<p><a title=\"Google Chrome\" href=\"https:\/\/support.google.com\/accounts\/answer\/32050?co=GENIE.Platform%3DDesktop&amp;hl=lt\" target=\"_blank\" rel=\"noopener\">Google Chrome.<\/a><br \/><a title=\"Safari\" href=\"https:\/\/www.wikihow.com\/Delete-Cookies-Using-the-Safari-Web-Browser\" target=\"_blank\" rel=\"noopener\">Safari<\/a>.<br \/><a title=\"Mozilla Firefox\" href=\"https:\/\/support.mozilla.org\/en-US\/kb\/clear-cookies-and-site-data-firefox?redirectslug=delete-cookies-remove-info-websites-stored&amp;redirectlocale=en-US\" target=\"_blank\" rel=\"noopener\">Mozilla Firefox.<\/a><br \/><a title=\"Opera\" href=\"https:\/\/help.opera.com\/ru\/latest\/web-preferences\/\" target=\"_blank\" rel=\"noopener\">Opera<\/a>.<br \/><a title=\"Microsoft Edge\" href=\"https:\/\/support.microsoft.com\/lt-lt\/windows\/-microsoft-edge-nar%C5%A1ymo-duomenys-ir-privatumas-bb8174ba-9d73-dcf2-9b4a-c582b4e640dd\" target=\"_blank\" rel=\"noopener\">Microsoft Edge<\/a>.<br \/><a title=\"Microsoft Internet Explorer\" href=\"https:\/\/support.microsoft.com\/en-gb\/topic\/how-to-delete-cookie-files-in-internet-explorer-bca9446f-d873-78de-77ba-d42645fa52fc\" target=\"_blank\" rel=\"noopener\">Microsoft Internet Explorer<\/a>.<\/p>\n<p>Visgi, jei atsisakysite ar u\u017eblokuosite slapukus ar kitas pana\u0161ias technologijas, kai kurios Svetain\u0117s funkcijos Jums gali b\u016bti neprieinamos arba jos gali veikti ne taip skland\u017eiai.<\/p>\n<h3>Taisykli\u0173 keitimas<\/h3>\n<p>Duomen\u0173 valdytojas turi teis\u0119 i\u0161 dalies arba visi\u0161kai pakeisti Taisykles apie tai prane\u0161damas dreamybunny.lt interneto svetain\u0117je.<br \/>Taisykli\u0173 papildymai arba pakeitimai \u012fsigalioja nuo j\u0173 paskelbimo dienos, t. y. nuo tos dienos, kai jie atsiranda interneto svetain\u0117je dreamybunny.lt.<br \/>Jeigu Pirk\u0117jas nesutinka su nauja Taisykli\u0173 redakcija, jis turi teis\u0119 ra\u0161tu jos atsisakyti.<br \/>Jei po Taisykli\u0173 papildymo arba pakeitimo Pirk\u0117jas ir toliau naudojasi interneto parduotuv\u0117s teikiamomis paslaugomis, laikoma, kad Pirk\u0117jas sutinka su nauj\u0105ja Taisykli\u0173 redakcija.<\/p>\n<h3>Informacijos pateikimas ir perdavimas<\/h3>\n<p>Visi prane\u0161imai, susij\u0119 su asmens duomen\u0173 tvarkymu, Duomen\u0173 valdytojui yra pateikiami u\u017epildydant susisiekimo form\u0105 <a href=\"https:\/\/dreamybunny.lt\/en\/kontaktai\/\">kontakt\u0173 puslapyje.<\/a><br \/>Atsakym\u0105 Duomen\u0173 valdytojas pateikia ta pa\u010dia forma, kuria buvo gautas prane\u0161imas arba pretenzija.<\/p>\n<p>I\u0161kilus klausimams kreipkit\u0117s u\u017epildydami susisiekimo form\u0105 <a href=\"https:\/\/dreamybunny.lt\/en\/kontaktai\/\">kontakt\u0173 puslapyje.<\/a><\/p>\n\n\t\t<\/div>\n\t<\/div>\n<\/div><\/div><\/div><\/div><\/section>","protected":false},"excerpt":{"rendered":"\u012emon\u0117s MB Dreamy Bunny Privatumo Politika Paskutin\u012f kart\u0105 redaguota 2023-08-02 Interneto svetain\u0117je DREAMYBUNNY, prieinamoje adresu https:\/\/www.dreamybunny.lt, vienas i\u0161 m\u016bs\u0173 pagrindini\u0173","protected":false},"author":1,"featured_media":0,"parent":0,"menu_order":0,"comment_status":"closed","ping_status":"open","template":"","meta":{"footnotes":""},"yoast_head":"<!-- This site is optimized with the Yoast SEO plugin v21.0 - https:\/\/yoast.com\/wordpress\/plugins\/seo\/ -->\n<title>Privatumo politika - Dreamy Bunny - prek\u0117s vaikams<\/title>\n<meta name=\"robots\" content=\"noindex, nofollow\" \/>\n<meta property=\"og:locale\" content=\"en_US\" \/>\n<meta property=\"og:type\" content=\"article\" \/>\n<meta property=\"og:title\" content=\"Privatumo politika - Dreamy Bunny - prek\u0117s vaikams\" \/>\n<meta property=\"og:url\" content=\"https:\/\/dreamybunny.lt\/en\/privatumo-politika\/\" \/>\n<meta property=\"og:site_name\" content=\"Dreamy Bunny - prek\u0117s vaikams\" \/>\n<meta property=\"article:modified_time\" content=\"2024-04-28T19:47:02+00:00\" \/>\n<meta name=\"twitter:card\" content=\"summary_large_image\" \/>\n<meta name=\"twitter:label1\" content=\"Est. reading time\" \/>\n\t<meta name=\"twitter:data1\" content=\"6 minutes\" \/>\n<script type=\"application\/ld+json\" class=\"yoast-schema-graph\">{\"@context\":\"https:\/\/schema.org\",\"@graph\":[{\"@type\":\"WebPage\",\"@id\":\"https:\/\/dreamybunny.lt\/privatumo-politika\/\",\"url\":\"https:\/\/dreamybunny.lt\/privatumo-politika\/\",\"name\":\"Privatumo politika - Dreamy Bunny - prek\u0117s vaikams\",\"isPartOf\":{\"@id\":\"https:\/\/dreamybunny.lt\/#website\"},\"datePublished\":\"2023-01-19T12:30:03+00:00\",\"dateModified\":\"2024-04-28T19:47:02+00:00\",\"breadcrumb\":{\"@id\":\"https:\/\/dreamybunny.lt\/privatumo-politika\/#breadcrumb\"},\"inLanguage\":\"en-US\",\"potentialAction\":[{\"@type\":\"ReadAction\",\"target\":[\"https:\/\/dreamybunny.lt\/privatumo-politika\/\"]}]},{\"@type\":\"BreadcrumbList\",\"@id\":\"https:\/\/dreamybunny.lt\/privatumo-politika\/#breadcrumb\",\"itemListElement\":[{\"@type\":\"ListItem\",\"position\":1,\"name\":\"Home\",\"item\":\"https:\/\/dreamybunny.lt\/\"},{\"@type\":\"ListItem\",\"position\":2,\"name\":\"Privatumo politika\"}]},{\"@type\":\"WebSite\",\"@id\":\"https:\/\/dreamybunny.lt\/#website\",\"url\":\"https:\/\/dreamybunny.lt\/\",\"name\":\"Dreamy Bunny - prek\u0117s vaikams\",\"description\":\"\",\"publisher\":{\"@id\":\"https:\/\/dreamybunny.lt\/#organization\"},\"potentialAction\":[{\"@type\":\"SearchAction\",\"target\":{\"@type\":\"EntryPoint\",\"urlTemplate\":\"https:\/\/dreamybunny.lt\/?s={search_term_string}\"},\"query-input\":\"required name=search_term_string\"}],\"inLanguage\":\"en-US\"},{\"@type\":\"Organization\",\"@id\":\"https:\/\/dreamybunny.lt\/#organization\",\"name\":\"MB DREAMY BUNNY\",\"url\":\"https:\/\/dreamybunny.lt\/\",\"logo\":{\"@type\":\"ImageObject\",\"inLanguage\":\"en-US\",\"@id\":\"https:\/\/dreamybunny.lt\/#\/schema\/logo\/image\/\",\"url\":\"http:\/\/dreamybunny.lt\/wp-content\/uploads\/2023\/01\/logo.png\",\"contentUrl\":\"http:\/\/dreamybunny.lt\/wp-content\/uploads\/2023\/01\/logo.png\",\"width\":500,\"height\":500,\"caption\":\"MB DREAMY BUNNY\"},\"image\":{\"@id\":\"https:\/\/dreamybunny.lt\/#\/schema\/logo\/image\/\"}}]}<\/script>\n<!-- \/ Yoast SEO plugin. -->","yoast_head_json":{"title":"Privatumo politika - Dreamy Bunny - prek\u0117s vaikams","robots":{"index":"noindex","follow":"nofollow"},"og_locale":"en_US","og_type":"article","og_title":"Privatumo politika - Dreamy Bunny - prek\u0117s vaikams","og_url":"https:\/\/dreamybunny.lt\/en\/privatumo-politika\/","og_site_name":"Dreamy Bunny - prek\u0117s vaikams","article_modified_time":"2024-04-28T19:47:02+00:00","twitter_card":"summary_large_image","twitter_misc":{"Est. reading time":"6 minutes"},"schema":{"@context":"https:\/\/schema.org","@graph":[{"@type":"WebPage","@id":"https:\/\/dreamybunny.lt\/privatumo-politika\/","url":"https:\/\/dreamybunny.lt\/privatumo-politika\/","name":"Privatumo politika - Dreamy Bunny - prek\u0117s vaikams","isPartOf":{"@id":"https:\/\/dreamybunny.lt\/#website"},"datePublished":"2023-01-19T12:30:03+00:00","dateModified":"2024-04-28T19:47:02+00:00","breadcrumb":{"@id":"https:\/\/dreamybunny.lt\/privatumo-politika\/#breadcrumb"},"inLanguage":"en-US","potentialAction":[{"@type":"ReadAction","target":["https:\/\/dreamybunny.lt\/privatumo-politika\/"]}]},{"@type":"BreadcrumbList","@id":"https:\/\/dreamybunny.lt\/privatumo-politika\/#breadcrumb","itemListElement":[{"@type":"ListItem","position":1,"name":"Home","item":"https:\/\/dreamybunny.lt\/"},{"@type":"ListItem","position":2,"name":"Privatumo politika"}]},{"@type":"WebSite","@id":"https:\/\/dreamybunny.lt\/#website","url":"https:\/\/dreamybunny.lt\/","name":"Dreamy Bunny - prek\u0117s vaikams","description":"","publisher":{"@id":"https:\/\/dreamybunny.lt\/#organization"},"potentialAction":[{"@type":"SearchAction","target":{"@type":"EntryPoint","urlTemplate":"https:\/\/dreamybunny.lt\/?s={search_term_string}"},"query-input":"required name=search_term_string"}],"inLanguage":"en-US"},{"@type":"Organization","@id":"https:\/\/dreamybunny.lt\/#organization","name":"MB DREAMY BUNNY","url":"https:\/\/dreamybunny.lt\/","logo":{"@type":"ImageObject","inLanguage":"en-US","@id":"https:\/\/dreamybunny.lt\/#\/schema\/logo\/image\/","url":"http:\/\/dreamybunny.lt\/wp-content\/uploads\/2023\/01\/logo.png","contentUrl":"http:\/\/dreamybunny.lt\/wp-content\/uploads\/2023\/01\/logo.png","width":500,"height":500,"caption":"MB DREAMY BUNNY"},"image":{"@id":"https:\/\/dreamybunny.lt\/#\/schema\/logo\/image\/"}}]}},"_links":{"self":[{"href":"https:\/\/dreamybunny.lt\/en\/wp-json\/wp\/v2\/pages\/3"}],"collection":[{"href":"https:\/\/dreamybunny.lt\/en\/wp-json\/wp\/v2\/pages"}],"about":[{"href":"https:\/\/dreamybunny.lt\/en\/wp-json\/wp\/v2\/types\/page"}],"author":[{"embeddable":true,"href":"https:\/\/dreamybunny.lt\/en\/wp-json\/wp\/v2\/users\/1"}],"replies":[{"embeddable":true,"href":"https:\/\/dreamybunny.lt\/en\/wp-json\/wp\/v2\/comments?post=3"}],"version-history":[{"count":9,"href":"https:\/\/dreamybunny.lt\/en\/wp-json\/wp\/v2\/pages\/3\/revisions"}],"predecessor-version":[{"id":9865,"href":"https:\/\/dreamybunny.lt\/en\/wp-json\/wp\/v2\/pages\/3\/revisions\/9865"}],"wp:attachment":[{"href":"https:\/\/dreamybunny.lt\/en\/wp-json\/wp\/v2\/media?parent=3"}],"curies":[{"name":"wp","href":"https:\/\/api.w.org\/{rel}","templated":true}]}}