{"id":5212,"date":"2021-08-25T07:26:28","date_gmt":"2021-08-25T07:26:28","guid":{"rendered":"http:\/\/dummy.xtemos.com\/woodmart2\/?page_id=5212"},"modified":"2023-02-26T17:18:44","modified_gmt":"2023-02-26T17:18:44","slug":"apie-mus","status":"publish","type":"page","link":"https:\/\/dreamybunny.lt\/en\/apie-mus\/","title":{"rendered":"About us"},"content":{"rendered":"<section class=\"wpb-content-wrapper\"><div class=\"vc_row wpb_row vc_row-fluid vc_custom_1675360420325 vc_row-o-equal-height vc_row-o-content-middle vc_row-flex row-reverse-mobile row-reverse-tablet wd-rs-63dbf8a0cc539\"><div class=\"wpb_column vc_column_container vc_col-sm-6 vc_col-lg-6 vc_col-md-6 vc_col-xs-12 wd-rs-63cbc20ae26bf\"><div class=\"vc_column-inner\"><div class=\"wpb_wrapper\">\t\t<div id=\"wd-63dbf883abdee\" class=\"wd-image wd-wpb wd-rs-63dbf883abdee text-left vc_custom_1675360399000\">\n\t\t\t\n\t\t\t<img decoding=\"async\" width=\"580\" height=\"580\" src=\"https:\/\/dreamybunny.lt\/wp-content\/uploads\/2023\/02\/apie-mus.jpg\" class=\"attachment-full\" alt=\"\" title=\"about us\" srcset=\"https:\/\/dreamybunny.lt\/wp-content\/uploads\/2023\/02\/apie-mus.jpg 580w, https:\/\/dreamybunny.lt\/wp-content\/uploads\/2023\/02\/apie-mus-300x300.jpg 300w, https:\/\/dreamybunny.lt\/wp-content\/uploads\/2023\/02\/apie-mus-150x150.jpg 150w, https:\/\/dreamybunny.lt\/wp-content\/uploads\/2023\/02\/apie-mus-12x12.jpg 12w, https:\/\/dreamybunny.lt\/wp-content\/uploads\/2023\/02\/apie-mus-430x430.jpg 430w\" sizes=\"(max-width: 580px) 100vw, 580px\" \/>\n\t\t\t\t\t<\/div>\n\t\t<\/div><\/div><\/div><div class=\"wpb_column about-us-column2 vc_column_container vc_col-sm-6 vc_col-lg-6 vc_col-md-6 vc_col-xs-12 wd-rs-63cbc07f5cafe\"><div class=\"vc_column-inner\"><div class=\"wpb_wrapper\">\n\t\t<div id=\"wd-63dbf79fa37de\" class=\"title-wrapper wd-wpb set-mb-s reset-last-child  wd-rs-63dbf79fa37de wd-title-color-primary wd-title-style-default text-left vc_custom_1675360164039 wd-underline-colored\">\n\t\t\t\t\t\t\t<div class=\"title-subtitle  subtitle-color-primary font-default subtitle-style-default wd-font-weight-600 wd-fontsize-xs\">QUALITY, SAFE AND STYLISH<\/div>\n\t\t\t\n\t\t\t<div class=\"liner-continer\">\n\t\t\t\t<h4 class=\"woodmart-title-container title  wd-font-weight- wd-fontsize-xxl\" >About our online store<\/h4>\n\t\t\t\t\t\t\t<\/div>\n\t\t\t\n\t\t\t\n\t\t\t\n\t\t<\/div>\n\t\t\n\t\t\t\t<div id=\"wd-63fb935763518\" class=\"wd-text-block wd-wpb reset-last-child wd-rs-63fb935763518 text-left wd-fontsize-custom vc_custom_1677431643430\">\n\t\t\t<p>The idea for the name &quot;Dreamy Bunny&quot; did not arise without reason. We all know that feeling when we close our eyes and dream about something, and a sincere smile spreads across our face. We also try to create such a beautiful experience when you open your parcel received from &quot;Dreamy Bunny&quot;.<\/p>\n<p>Every day we are looking for high-quality, safe and stylish products for children, so that a smile adorns not only the faces of the little ones, but also the parents. While sleeping, dining, bathing or playing - we believe that the purchased goods will become an integral part of the cozy everyday life of the little ones.<\/p>\n\t\t<\/div>\n\t\t<\/div><\/div><\/div><\/div>\n<\/section>","protected":false},"excerpt":{"rendered":"KOKYBI\u0160KA, SAUGU IR STILINGA Apie m\u016bs\u0173 elektronin\u0119 parduotuv\u0119 Pavadinimui \"Dreamy Bunny\" id\u0117ja kilo ne be reikalo. Visi \u017einome t\u0105 jausm\u0105,","protected":false},"author":1,"featured_media":0,"parent":0,"menu_order":0,"comment_status":"closed","ping_status":"closed","template":"","meta":{"footnotes":""},"yoast_head":"<!-- This site is optimized with the Yoast SEO plugin v21.0 - https:\/\/yoast.com\/wordpress\/plugins\/seo\/ -->\n<title>Apie mus - Dreamy Bunny - prek\u0117s vaikams<\/title>\n<meta name=\"description\" content=\"\u017dinome t\u0105 jausm\u0105, kai u\u017esimerk\u0119 svajojame, o veid\u0105 u\u017elieja \u0161ypsena. Tok\u012f potyr\u012f stengiam\u0117s sukelti ir mes, atidarant siuntin\u012f, gaut\u0105 i\u0161 m\u016bs\u0173.\" \/>\n<meta name=\"robots\" content=\"index, follow, max-snippet:-1, max-image-preview:large, max-video-preview:-1\" \/>\n<link rel=\"canonical\" href=\"https:\/\/dreamybunny.lt\/en\/apie-mus\/\" \/>\n<meta property=\"og:locale\" content=\"en_US\" \/>\n<meta property=\"og:type\" content=\"article\" \/>\n<meta property=\"og:title\" content=\"Apie mus - Dreamy Bunny - prek\u0117s vaikams\" \/>\n<meta property=\"og:description\" content=\"\u017dinome t\u0105 jausm\u0105, kai u\u017esimerk\u0119 svajojame, o veid\u0105 u\u017elieja \u0161ypsena. Tok\u012f potyr\u012f stengiam\u0117s sukelti ir mes, atidarant siuntin\u012f, gaut\u0105 i\u0161 m\u016bs\u0173.\" \/>\n<meta property=\"og:url\" content=\"https:\/\/dreamybunny.lt\/en\/apie-mus\/\" \/>\n<meta property=\"og:site_name\" content=\"Dreamy Bunny - prek\u0117s vaikams\" \/>\n<meta property=\"article:modified_time\" content=\"2023-02-26T17:18:44+00:00\" \/>\n<meta name=\"twitter:card\" content=\"summary_large_image\" \/>\n<meta name=\"twitter:label1\" content=\"Est. reading time\" \/>\n\t<meta name=\"twitter:data1\" content=\"2 minutes\" \/>\n<script type=\"application\/ld+json\" class=\"yoast-schema-graph\">{\"@context\":\"https:\/\/schema.org\",\"@graph\":[{\"@type\":\"WebPage\",\"@id\":\"https:\/\/dreamybunny.lt\/apie-mus\/\",\"url\":\"https:\/\/dreamybunny.lt\/apie-mus\/\",\"name\":\"Apie mus - Dreamy Bunny - prek\u0117s vaikams\",\"isPartOf\":{\"@id\":\"https:\/\/dreamybunny.lt\/#website\"},\"datePublished\":\"2021-08-25T07:26:28+00:00\",\"dateModified\":\"2023-02-26T17:18:44+00:00\",\"description\":\"\u017dinome t\u0105 jausm\u0105, kai u\u017esimerk\u0119 svajojame, o veid\u0105 u\u017elieja \u0161ypsena. Tok\u012f potyr\u012f stengiam\u0117s sukelti ir mes, atidarant siuntin\u012f, gaut\u0105 i\u0161 m\u016bs\u0173.\",\"breadcrumb\":{\"@id\":\"https:\/\/dreamybunny.lt\/apie-mus\/#breadcrumb\"},\"inLanguage\":\"en-US\",\"potentialAction\":[{\"@type\":\"ReadAction\",\"target\":[\"https:\/\/dreamybunny.lt\/apie-mus\/\"]}]},{\"@type\":\"BreadcrumbList\",\"@id\":\"https:\/\/dreamybunny.lt\/apie-mus\/#breadcrumb\",\"itemListElement\":[{\"@type\":\"ListItem\",\"position\":1,\"name\":\"Home\",\"item\":\"https:\/\/dreamybunny.lt\/\"},{\"@type\":\"ListItem\",\"position\":2,\"name\":\"Apie mus\"}]},{\"@type\":\"WebSite\",\"@id\":\"https:\/\/dreamybunny.lt\/#website\",\"url\":\"https:\/\/dreamybunny.lt\/\",\"name\":\"Dreamy Bunny - prek\u0117s vaikams\",\"description\":\"\",\"publisher\":{\"@id\":\"https:\/\/dreamybunny.lt\/#organization\"},\"potentialAction\":[{\"@type\":\"SearchAction\",\"target\":{\"@type\":\"EntryPoint\",\"urlTemplate\":\"https:\/\/dreamybunny.lt\/?s={search_term_string}\"},\"query-input\":\"required name=search_term_string\"}],\"inLanguage\":\"en-US\"},{\"@type\":\"Organization\",\"@id\":\"https:\/\/dreamybunny.lt\/#organization\",\"name\":\"MB DREAMY BUNNY\",\"url\":\"https:\/\/dreamybunny.lt\/\",\"logo\":{\"@type\":\"ImageObject\",\"inLanguage\":\"en-US\",\"@id\":\"https:\/\/dreamybunny.lt\/#\/schema\/logo\/image\/\",\"url\":\"http:\/\/dreamybunny.lt\/wp-content\/uploads\/2023\/01\/logo.png\",\"contentUrl\":\"http:\/\/dreamybunny.lt\/wp-content\/uploads\/2023\/01\/logo.png\",\"width\":500,\"height\":500,\"caption\":\"MB DREAMY BUNNY\"},\"image\":{\"@id\":\"https:\/\/dreamybunny.lt\/#\/schema\/logo\/image\/\"}}]}<\/script>\n<!-- \/ Yoast SEO plugin. -->","yoast_head_json":{"title":"Apie mus - Dreamy Bunny - prek\u0117s vaikams","description":"\u017dinome t\u0105 jausm\u0105, kai u\u017esimerk\u0119 svajojame, o veid\u0105 u\u017elieja \u0161ypsena. Tok\u012f potyr\u012f stengiam\u0117s sukelti ir mes, atidarant siuntin\u012f, gaut\u0105 i\u0161 m\u016bs\u0173.","robots":{"index":"index","follow":"follow","max-snippet":"max-snippet:-1","max-image-preview":"max-image-preview:large","max-video-preview":"max-video-preview:-1"},"canonical":"https:\/\/dreamybunny.lt\/en\/apie-mus\/","og_locale":"en_US","og_type":"article","og_title":"Apie mus - Dreamy Bunny - prek\u0117s vaikams","og_description":"\u017dinome t\u0105 jausm\u0105, kai u\u017esimerk\u0119 svajojame, o veid\u0105 u\u017elieja \u0161ypsena. Tok\u012f potyr\u012f stengiam\u0117s sukelti ir mes, atidarant siuntin\u012f, gaut\u0105 i\u0161 m\u016bs\u0173.","og_url":"https:\/\/dreamybunny.lt\/en\/apie-mus\/","og_site_name":"Dreamy Bunny - prek\u0117s vaikams","article_modified_time":"2023-02-26T17:18:44+00:00","twitter_card":"summary_large_image","twitter_misc":{"Est. reading time":"2 minutes"},"schema":{"@context":"https:\/\/schema.org","@graph":[{"@type":"WebPage","@id":"https:\/\/dreamybunny.lt\/apie-mus\/","url":"https:\/\/dreamybunny.lt\/apie-mus\/","name":"Apie mus - Dreamy Bunny - prek\u0117s vaikams","isPartOf":{"@id":"https:\/\/dreamybunny.lt\/#website"},"datePublished":"2021-08-25T07:26:28+00:00","dateModified":"2023-02-26T17:18:44+00:00","description":"\u017dinome t\u0105 jausm\u0105, kai u\u017esimerk\u0119 svajojame, o veid\u0105 u\u017elieja \u0161ypsena. Tok\u012f potyr\u012f stengiam\u0117s sukelti ir mes, atidarant siuntin\u012f, gaut\u0105 i\u0161 m\u016bs\u0173.","breadcrumb":{"@id":"https:\/\/dreamybunny.lt\/apie-mus\/#breadcrumb"},"inLanguage":"en-US","potentialAction":[{"@type":"ReadAction","target":["https:\/\/dreamybunny.lt\/apie-mus\/"]}]},{"@type":"BreadcrumbList","@id":"https:\/\/dreamybunny.lt\/apie-mus\/#breadcrumb","itemListElement":[{"@type":"ListItem","position":1,"name":"Home","item":"https:\/\/dreamybunny.lt\/"},{"@type":"ListItem","position":2,"name":"Apie mus"}]},{"@type":"WebSite","@id":"https:\/\/dreamybunny.lt\/#website","url":"https:\/\/dreamybunny.lt\/","name":"Dreamy Bunny - prek\u0117s vaikams","description":"","publisher":{"@id":"https:\/\/dreamybunny.lt\/#organization"},"potentialAction":[{"@type":"SearchAction","target":{"@type":"EntryPoint","urlTemplate":"https:\/\/dreamybunny.lt\/?s={search_term_string}"},"query-input":"required name=search_term_string"}],"inLanguage":"en-US"},{"@type":"Organization","@id":"https:\/\/dreamybunny.lt\/#organization","name":"MB DREAMY BUNNY","url":"https:\/\/dreamybunny.lt\/","logo":{"@type":"ImageObject","inLanguage":"en-US","@id":"https:\/\/dreamybunny.lt\/#\/schema\/logo\/image\/","url":"http:\/\/dreamybunny.lt\/wp-content\/uploads\/2023\/01\/logo.png","contentUrl":"http:\/\/dreamybunny.lt\/wp-content\/uploads\/2023\/01\/logo.png","width":500,"height":500,"caption":"MB DREAMY BUNNY"},"image":{"@id":"https:\/\/dreamybunny.lt\/#\/schema\/logo\/image\/"}}]}},"_links":{"self":[{"href":"https:\/\/dreamybunny.lt\/en\/wp-json\/wp\/v2\/pages\/5212"}],"collection":[{"href":"https:\/\/dreamybunny.lt\/en\/wp-json\/wp\/v2\/pages"}],"about":[{"href":"https:\/\/dreamybunny.lt\/en\/wp-json\/wp\/v2\/types\/page"}],"author":[{"embeddable":true,"href":"https:\/\/dreamybunny.lt\/en\/wp-json\/wp\/v2\/users\/1"}],"replies":[{"embeddable":true,"href":"https:\/\/dreamybunny.lt\/en\/wp-json\/wp\/v2\/comments?post=5212"}],"version-history":[{"count":34,"href":"https:\/\/dreamybunny.lt\/en\/wp-json\/wp\/v2\/pages\/5212\/revisions"}],"predecessor-version":[{"id":8179,"href":"https:\/\/dreamybunny.lt\/en\/wp-json\/wp\/v2\/pages\/5212\/revisions\/8179"}],"wp:attachment":[{"href":"https:\/\/dreamybunny.lt\/en\/wp-json\/wp\/v2\/media?parent=5212"}],"curies":[{"name":"wp","href":"https:\/\/api.w.org\/{rel}","templated":true}]}}