{"id":7028,"date":"2023-01-20T15:11:43","date_gmt":"2023-01-20T15:11:43","guid":{"rendered":"https:\/\/dreamybunny.lt\/?page_id=7028"},"modified":"2023-03-16T12:42:10","modified_gmt":"2023-03-16T10:42:10","slug":"pristatymas-ir-grazinimas","status":"publish","type":"page","link":"https:\/\/dreamybunny.lt\/en\/pristatymas-ir-grazinimas\/","title":{"rendered":"Shipping and returns"},"content":{"rendered":"<h3 class=\"wp-block-heading\">Delivery of goods<\/h3>\n\n\n\n<p>We can deliver goods to Lithuania in the following ways:<\/p>\n\n\n\n<p>Delivery to the customer&#039;s chosen Omniva or DPD post office - \u20ac3.50. by DPD courier - \u20ac4.80. Free delivery on purchases over \u20ac80.00. Delivery takes 2-30 days Delivery time is provided for each product.<\/p>\n\n\n\n<p>International shipping by courier - for more detailed information, please contact us by e-mail at info@dreamybunny.lt. Delivery takes up to one month.<\/p>\n\n\n\n<h3 class=\"wp-block-heading\">Returning the goods<\/h3>\n\n\n\n<p>If our email you have not used the quality product purchased in the store and have not damaged its commercial appearance and\/or functionality, you can return it within 14 days.<\/p>\n\n\n\n<p>You must return the product in its original and undamaged packaging. The deadline for returning goods starts counting from the day after the delivery of the goods by courier or collection from the self-service parcel terminal.<\/p>\n\n\n\n<p>If you want to return an item, please provide your order number. When you return the product, you will get back the amount you paid for it and its delivery. All costs associated with returning the product, if incurred, will be borne by you as the buyer. If the product you purchased was of poor quality, we will cover all the costs of returning the product.<\/p>\n\n\n\n<p>To return the product, please contact us by e-mail. by mail info@dreamybunny.lt<\/p>","protected":false},"excerpt":{"rendered":"<p>Preki\u0173 pristatymas Prekes Lietuvoje pristatyti galime \u0161iais b\u016bdais: Pristatymas \u012f kliento pasirinkt\u0105 Omniva ar DPD pa\u0161tomat\u0105 \u2013 3,50 \u20ac. DPD<\/p>","protected":false},"author":1,"featured_media":0,"parent":0,"menu_order":0,"comment_status":"closed","ping_status":"closed","template":"","meta":{"footnotes":""},"yoast_head":"<!-- This site is optimized with the Yoast SEO plugin v21.0 - https:\/\/yoast.com\/wordpress\/plugins\/seo\/ -->\n<title>Pristatymas ir gr\u0105\u017einimas - Dreamy Bunny - prek\u0117s vaikams<\/title>\n<meta name=\"robots\" content=\"index, follow, max-snippet:-1, max-image-preview:large, max-video-preview:-1\" \/>\n<link rel=\"canonical\" href=\"https:\/\/dreamybunny.lt\/en\/pristatymas-ir-grazinimas\/\" \/>\n<meta property=\"og:locale\" content=\"en_US\" \/>\n<meta property=\"og:type\" content=\"article\" \/>\n<meta property=\"og:title\" content=\"Pristatymas ir gr\u0105\u017einimas - Dreamy Bunny - prek\u0117s vaikams\" \/>\n<meta property=\"og:description\" content=\"Preki\u0173 pristatymas Prekes Lietuvoje pristatyti galime \u0161iais b\u016bdais: Pristatymas \u012f kliento pasirinkt\u0105 Omniva ar DPD pa\u0161tomat\u0105 \u2013 3,50 \u20ac. DPD\" \/>\n<meta property=\"og:url\" content=\"https:\/\/dreamybunny.lt\/en\/pristatymas-ir-grazinimas\/\" \/>\n<meta property=\"og:site_name\" content=\"Dreamy Bunny - prek\u0117s vaikams\" \/>\n<meta property=\"article:modified_time\" content=\"2023-03-16T10:42:10+00:00\" \/>\n<meta name=\"twitter:card\" content=\"summary_large_image\" \/>\n<meta name=\"twitter:label1\" content=\"Est. reading time\" \/>\n\t<meta name=\"twitter:data1\" content=\"1 minute\" \/>\n<script type=\"application\/ld+json\" class=\"yoast-schema-graph\">{\"@context\":\"https:\/\/schema.org\",\"@graph\":[{\"@type\":\"WebPage\",\"@id\":\"https:\/\/dreamybunny.lt\/pristatymas-ir-grazinimas\/\",\"url\":\"https:\/\/dreamybunny.lt\/pristatymas-ir-grazinimas\/\",\"name\":\"Pristatymas ir gr\u0105\u017einimas - Dreamy Bunny - prek\u0117s vaikams\",\"isPartOf\":{\"@id\":\"https:\/\/dreamybunny.lt\/#website\"},\"datePublished\":\"2023-01-20T15:11:43+00:00\",\"dateModified\":\"2023-03-16T10:42:10+00:00\",\"breadcrumb\":{\"@id\":\"https:\/\/dreamybunny.lt\/pristatymas-ir-grazinimas\/#breadcrumb\"},\"inLanguage\":\"en-US\",\"potentialAction\":[{\"@type\":\"ReadAction\",\"target\":[\"https:\/\/dreamybunny.lt\/pristatymas-ir-grazinimas\/\"]}]},{\"@type\":\"BreadcrumbList\",\"@id\":\"https:\/\/dreamybunny.lt\/pristatymas-ir-grazinimas\/#breadcrumb\",\"itemListElement\":[{\"@type\":\"ListItem\",\"position\":1,\"name\":\"Home\",\"item\":\"https:\/\/dreamybunny.lt\/\"},{\"@type\":\"ListItem\",\"position\":2,\"name\":\"Pristatymas ir gr\u0105\u017einimas\"}]},{\"@type\":\"WebSite\",\"@id\":\"https:\/\/dreamybunny.lt\/#website\",\"url\":\"https:\/\/dreamybunny.lt\/\",\"name\":\"Dreamy Bunny - prek\u0117s vaikams\",\"description\":\"\",\"publisher\":{\"@id\":\"https:\/\/dreamybunny.lt\/#organization\"},\"potentialAction\":[{\"@type\":\"SearchAction\",\"target\":{\"@type\":\"EntryPoint\",\"urlTemplate\":\"https:\/\/dreamybunny.lt\/?s={search_term_string}\"},\"query-input\":\"required name=search_term_string\"}],\"inLanguage\":\"en-US\"},{\"@type\":\"Organization\",\"@id\":\"https:\/\/dreamybunny.lt\/#organization\",\"name\":\"MB DREAMY BUNNY\",\"url\":\"https:\/\/dreamybunny.lt\/\",\"logo\":{\"@type\":\"ImageObject\",\"inLanguage\":\"en-US\",\"@id\":\"https:\/\/dreamybunny.lt\/#\/schema\/logo\/image\/\",\"url\":\"http:\/\/dreamybunny.lt\/wp-content\/uploads\/2023\/01\/logo.png\",\"contentUrl\":\"http:\/\/dreamybunny.lt\/wp-content\/uploads\/2023\/01\/logo.png\",\"width\":500,\"height\":500,\"caption\":\"MB DREAMY BUNNY\"},\"image\":{\"@id\":\"https:\/\/dreamybunny.lt\/#\/schema\/logo\/image\/\"}}]}<\/script>\n<!-- \/ Yoast SEO plugin. -->","yoast_head_json":{"title":"Pristatymas ir gr\u0105\u017einimas - Dreamy Bunny - prek\u0117s vaikams","robots":{"index":"index","follow":"follow","max-snippet":"max-snippet:-1","max-image-preview":"max-image-preview:large","max-video-preview":"max-video-preview:-1"},"canonical":"https:\/\/dreamybunny.lt\/en\/pristatymas-ir-grazinimas\/","og_locale":"en_US","og_type":"article","og_title":"Pristatymas ir gr\u0105\u017einimas - Dreamy Bunny - prek\u0117s vaikams","og_description":"Preki\u0173 pristatymas Prekes Lietuvoje pristatyti galime \u0161iais b\u016bdais: Pristatymas \u012f kliento pasirinkt\u0105 Omniva ar DPD pa\u0161tomat\u0105 \u2013 3,50 \u20ac. DPD","og_url":"https:\/\/dreamybunny.lt\/en\/pristatymas-ir-grazinimas\/","og_site_name":"Dreamy Bunny - prek\u0117s vaikams","article_modified_time":"2023-03-16T10:42:10+00:00","twitter_card":"summary_large_image","twitter_misc":{"Est. reading time":"1 minute"},"schema":{"@context":"https:\/\/schema.org","@graph":[{"@type":"WebPage","@id":"https:\/\/dreamybunny.lt\/pristatymas-ir-grazinimas\/","url":"https:\/\/dreamybunny.lt\/pristatymas-ir-grazinimas\/","name":"Pristatymas ir gr\u0105\u017einimas - Dreamy Bunny - prek\u0117s vaikams","isPartOf":{"@id":"https:\/\/dreamybunny.lt\/#website"},"datePublished":"2023-01-20T15:11:43+00:00","dateModified":"2023-03-16T10:42:10+00:00","breadcrumb":{"@id":"https:\/\/dreamybunny.lt\/pristatymas-ir-grazinimas\/#breadcrumb"},"inLanguage":"en-US","potentialAction":[{"@type":"ReadAction","target":["https:\/\/dreamybunny.lt\/pristatymas-ir-grazinimas\/"]}]},{"@type":"BreadcrumbList","@id":"https:\/\/dreamybunny.lt\/pristatymas-ir-grazinimas\/#breadcrumb","itemListElement":[{"@type":"ListItem","position":1,"name":"Home","item":"https:\/\/dreamybunny.lt\/"},{"@type":"ListItem","position":2,"name":"Pristatymas ir gr\u0105\u017einimas"}]},{"@type":"WebSite","@id":"https:\/\/dreamybunny.lt\/#website","url":"https:\/\/dreamybunny.lt\/","name":"Dreamy Bunny - prek\u0117s vaikams","description":"","publisher":{"@id":"https:\/\/dreamybunny.lt\/#organization"},"potentialAction":[{"@type":"SearchAction","target":{"@type":"EntryPoint","urlTemplate":"https:\/\/dreamybunny.lt\/?s={search_term_string}"},"query-input":"required name=search_term_string"}],"inLanguage":"en-US"},{"@type":"Organization","@id":"https:\/\/dreamybunny.lt\/#organization","name":"MB DREAMY BUNNY","url":"https:\/\/dreamybunny.lt\/","logo":{"@type":"ImageObject","inLanguage":"en-US","@id":"https:\/\/dreamybunny.lt\/#\/schema\/logo\/image\/","url":"http:\/\/dreamybunny.lt\/wp-content\/uploads\/2023\/01\/logo.png","contentUrl":"http:\/\/dreamybunny.lt\/wp-content\/uploads\/2023\/01\/logo.png","width":500,"height":500,"caption":"MB DREAMY BUNNY"},"image":{"@id":"https:\/\/dreamybunny.lt\/#\/schema\/logo\/image\/"}}]}},"_links":{"self":[{"href":"https:\/\/dreamybunny.lt\/en\/wp-json\/wp\/v2\/pages\/7028"}],"collection":[{"href":"https:\/\/dreamybunny.lt\/en\/wp-json\/wp\/v2\/pages"}],"about":[{"href":"https:\/\/dreamybunny.lt\/en\/wp-json\/wp\/v2\/types\/page"}],"author":[{"embeddable":true,"href":"https:\/\/dreamybunny.lt\/en\/wp-json\/wp\/v2\/users\/1"}],"replies":[{"embeddable":true,"href":"https:\/\/dreamybunny.lt\/en\/wp-json\/wp\/v2\/comments?post=7028"}],"version-history":[{"count":6,"href":"https:\/\/dreamybunny.lt\/en\/wp-json\/wp\/v2\/pages\/7028\/revisions"}],"predecessor-version":[{"id":8467,"href":"https:\/\/dreamybunny.lt\/en\/wp-json\/wp\/v2\/pages\/7028\/revisions\/8467"}],"wp:attachment":[{"href":"https:\/\/dreamybunny.lt\/en\/wp-json\/wp\/v2\/media?parent=7028"}],"curies":[{"name":"wp","href":"https:\/\/api.w.org\/{rel}","templated":true}]}}