{"id":7279,"date":"2023-02-15T08:56:08","date_gmt":"2023-02-15T06:56:08","guid":{"rendered":"https:\/\/dreamybunny.lt\/produktas\/pagalves-ir-antklodes-rinkinys-maiselyje-2\/"},"modified":"2023-05-16T00:01:59","modified_gmt":"2023-05-15T21:01:59","slug":"pagalves-ir-antklodes-rinkinys-maiselyje-washed-cotton","status":"publish","type":"product","link":"https:\/\/dreamybunny.lt\/en\/product\/pagalves-ir-antklodes-rinkinys-maiselyje-washed-cotton\/","title":{"rendered":"Pillow and blanket set in a bag for a baby - Washed Cotton"},"content":{"rendered":"<p>The pillow and blanket set is double-sided (two colors), so it will fit into any interior without any worries, whether any accessory will match it.<\/p>\n<p>An additional advantage is a practical bag\/backpack attached to the set, thanks to which you can carry the set to kindergarten or take it on any trip.<\/p>\n<p>The pillow can be personalized (with an embroidered phrase or name). For embroidery possibilities, please contact us by e-mail at info@dreamybunny.lt.<\/p>","protected":false},"excerpt":{"rendered":"<p>The set consists of a pillow with filling and a sewn decorative frame and a light blanket with anti-allergic silicone filling. A rainbow is embroidered on the blanket.<\/p>\n<p>Composition - 100% &quot;washed&quot; cotton.<\/p>\n<p>Dimensions:<br \/>\nPillow - 40 cm x 60 cm;<br \/>\nBlanket - 80 cm x 100 cm.<\/p>\n<p>You can choose the set from three colors - brown, pink, gray.<\/p>\n<p>Sewn by hand.<\/p>\n<p><strong>Product sewing 6-8 dd<\/strong><br \/>\n<strong>Product preparation and delivery in 2-4 days<\/strong><\/p>","protected":false},"featured_media":8149,"comment_status":"closed","ping_status":"closed","template":"","meta":[],"product_cat":[75,78],"product_tag":[],"yoast_head":"<!-- This site is optimized with the Yoast SEO plugin v21.0 - https:\/\/yoast.com\/wordpress\/plugins\/seo\/ -->\n<title>Pagalv\u0117s ir antklod\u0117s rinkinys mai\u0161elyje ma\u017eyliui - Washed Cotton - Dreamy Bunny - prek\u0117s vaikams<\/title>\n<meta name=\"description\" content=\"Pagalv\u0117s ir antklod\u0117s rinkinys mai\u0161elyje ma\u017eyliui - Washed Cotton ir kitos vaik\u0173 prek\u0117s. Prek\u0117s valgymui, miegui, \u017eaidimams, vaik\u0173 tekstil\u0117, prek\u0117s kambariui ir kitos prek\u0117s vaikams.\" \/>\n<meta name=\"robots\" content=\"index, follow, max-snippet:-1, max-image-preview:large, max-video-preview:-1\" \/>\n<link rel=\"canonical\" href=\"https:\/\/dreamybunny.lt\/en\/product\/pagalves-ir-antklodes-rinkinys-maiselyje-washed-cotton\/\" \/>\n<meta property=\"og:locale\" content=\"en_US\" \/>\n<meta property=\"og:type\" content=\"article\" \/>\n<meta property=\"og:title\" content=\"Pagalv\u0117s ir antklod\u0117s rinkinys mai\u0161elyje ma\u017eyliui - Washed Cotton - Dreamy Bunny - prek\u0117s vaikams\" \/>\n<meta property=\"og:description\" content=\"Pagalv\u0117s ir antklod\u0117s rinkinys mai\u0161elyje ma\u017eyliui - Washed Cotton ir kitos vaik\u0173 prek\u0117s. Prek\u0117s valgymui, miegui, \u017eaidimams, vaik\u0173 tekstil\u0117, prek\u0117s kambariui ir kitos prek\u0117s vaikams.\" \/>\n<meta property=\"og:url\" content=\"https:\/\/dreamybunny.lt\/en\/product\/pagalves-ir-antklodes-rinkinys-maiselyje-washed-cotton\/\" \/>\n<meta property=\"og:site_name\" content=\"Dreamy Bunny - prek\u0117s vaikams\" \/>\n<meta property=\"article:modified_time\" content=\"2023-05-15T21:01:59+00:00\" \/>\n<meta property=\"og:image\" content=\"https:\/\/dreamybunny.lt\/wp-content\/uploads\/2023\/02\/Ikimokyklinuko-pagalves-ir-antklodes-rinkinys-maiselyje-Washed-Cotton.jpg\" \/>\n\t<meta property=\"og:image:width\" content=\"2048\" \/>\n\t<meta property=\"og:image:height\" content=\"1366\" \/>\n\t<meta property=\"og:image:type\" content=\"image\/jpeg\" \/>\n<meta name=\"twitter:card\" content=\"summary_large_image\" \/>\n<meta name=\"twitter:label1\" content=\"Est. reading time\" \/>\n\t<meta name=\"twitter:data1\" content=\"1 minute\" \/>\n<script type=\"application\/ld+json\" class=\"yoast-schema-graph\">{\"@context\":\"https:\/\/schema.org\",\"@graph\":[{\"@type\":\"WebPage\",\"@id\":\"https:\/\/dreamybunny.lt\/produktas\/pagalves-ir-antklodes-rinkinys-maiselyje-washed-cotton\/\",\"url\":\"https:\/\/dreamybunny.lt\/produktas\/pagalves-ir-antklodes-rinkinys-maiselyje-washed-cotton\/\",\"name\":\"Pagalv\u0117s ir antklod\u0117s rinkinys mai\u0161elyje ma\u017eyliui - Washed Cotton - Dreamy Bunny - prek\u0117s vaikams\",\"isPartOf\":{\"@id\":\"https:\/\/dreamybunny.lt\/#website\"},\"datePublished\":\"2023-02-15T06:56:08+00:00\",\"dateModified\":\"2023-05-15T21:01:59+00:00\",\"description\":\"Pagalv\u0117s ir antklod\u0117s rinkinys mai\u0161elyje ma\u017eyliui - Washed Cotton ir kitos vaik\u0173 prek\u0117s. Prek\u0117s valgymui, miegui, \u017eaidimams, vaik\u0173 tekstil\u0117, prek\u0117s kambariui ir kitos prek\u0117s vaikams.\",\"breadcrumb\":{\"@id\":\"https:\/\/dreamybunny.lt\/produktas\/pagalves-ir-antklodes-rinkinys-maiselyje-washed-cotton\/#breadcrumb\"},\"inLanguage\":\"en-US\",\"potentialAction\":[{\"@type\":\"ReadAction\",\"target\":[\"https:\/\/dreamybunny.lt\/produktas\/pagalves-ir-antklodes-rinkinys-maiselyje-washed-cotton\/\"]}]},{\"@type\":\"BreadcrumbList\",\"@id\":\"https:\/\/dreamybunny.lt\/produktas\/pagalves-ir-antklodes-rinkinys-maiselyje-washed-cotton\/#breadcrumb\",\"itemListElement\":[{\"@type\":\"ListItem\",\"position\":1,\"name\":\"Home\",\"item\":\"https:\/\/dreamybunny.lt\/\"},{\"@type\":\"ListItem\",\"position\":2,\"name\":\"Parduotuv\u0117\",\"item\":\"https:\/\/dreamybunny.lt\/parduotuve\/\"},{\"@type\":\"ListItem\",\"position\":3,\"name\":\"Pagalv\u0117s ir antklod\u0117s rinkinys mai\u0161elyje ma\u017eyliui &#8211; Washed Cotton\"}]},{\"@type\":\"WebSite\",\"@id\":\"https:\/\/dreamybunny.lt\/#website\",\"url\":\"https:\/\/dreamybunny.lt\/\",\"name\":\"Dreamy Bunny - prek\u0117s vaikams\",\"description\":\"\",\"publisher\":{\"@id\":\"https:\/\/dreamybunny.lt\/#organization\"},\"potentialAction\":[{\"@type\":\"SearchAction\",\"target\":{\"@type\":\"EntryPoint\",\"urlTemplate\":\"https:\/\/dreamybunny.lt\/?s={search_term_string}\"},\"query-input\":\"required name=search_term_string\"}],\"inLanguage\":\"en-US\"},{\"@type\":\"Organization\",\"@id\":\"https:\/\/dreamybunny.lt\/#organization\",\"name\":\"MB DREAMY BUNNY\",\"url\":\"https:\/\/dreamybunny.lt\/\",\"logo\":{\"@type\":\"ImageObject\",\"inLanguage\":\"en-US\",\"@id\":\"https:\/\/dreamybunny.lt\/#\/schema\/logo\/image\/\",\"url\":\"http:\/\/dreamybunny.lt\/wp-content\/uploads\/2023\/01\/logo.png\",\"contentUrl\":\"http:\/\/dreamybunny.lt\/wp-content\/uploads\/2023\/01\/logo.png\",\"width\":500,\"height\":500,\"caption\":\"MB DREAMY BUNNY\"},\"image\":{\"@id\":\"https:\/\/dreamybunny.lt\/#\/schema\/logo\/image\/\"}}]}<\/script>\n<!-- \/ Yoast SEO plugin. -->","yoast_head_json":{"title":"Pagalv\u0117s ir antklod\u0117s rinkinys mai\u0161elyje ma\u017eyliui - Washed Cotton - Dreamy Bunny - prek\u0117s vaikams","description":"Pagalv\u0117s ir antklod\u0117s rinkinys mai\u0161elyje ma\u017eyliui - Washed Cotton ir kitos vaik\u0173 prek\u0117s. Prek\u0117s valgymui, miegui, \u017eaidimams, vaik\u0173 tekstil\u0117, prek\u0117s kambariui ir kitos prek\u0117s vaikams.","robots":{"index":"index","follow":"follow","max-snippet":"max-snippet:-1","max-image-preview":"max-image-preview:large","max-video-preview":"max-video-preview:-1"},"canonical":"https:\/\/dreamybunny.lt\/en\/product\/pagalves-ir-antklodes-rinkinys-maiselyje-washed-cotton\/","og_locale":"en_US","og_type":"article","og_title":"Pagalv\u0117s ir antklod\u0117s rinkinys mai\u0161elyje ma\u017eyliui - Washed Cotton - Dreamy Bunny - prek\u0117s vaikams","og_description":"Pagalv\u0117s ir antklod\u0117s rinkinys mai\u0161elyje ma\u017eyliui - Washed Cotton ir kitos vaik\u0173 prek\u0117s. Prek\u0117s valgymui, miegui, \u017eaidimams, vaik\u0173 tekstil\u0117, prek\u0117s kambariui ir kitos prek\u0117s vaikams.","og_url":"https:\/\/dreamybunny.lt\/en\/product\/pagalves-ir-antklodes-rinkinys-maiselyje-washed-cotton\/","og_site_name":"Dreamy Bunny - prek\u0117s vaikams","article_modified_time":"2023-05-15T21:01:59+00:00","og_image":[{"width":2048,"height":1366,"url":"https:\/\/dreamybunny.lt\/wp-content\/uploads\/2023\/02\/Ikimokyklinuko-pagalves-ir-antklodes-rinkinys-maiselyje-Washed-Cotton.jpg","type":"image\/jpeg"}],"twitter_card":"summary_large_image","twitter_misc":{"Est. reading time":"1 minute"},"schema":{"@context":"https:\/\/schema.org","@graph":[{"@type":"WebPage","@id":"https:\/\/dreamybunny.lt\/produktas\/pagalves-ir-antklodes-rinkinys-maiselyje-washed-cotton\/","url":"https:\/\/dreamybunny.lt\/produktas\/pagalves-ir-antklodes-rinkinys-maiselyje-washed-cotton\/","name":"Pagalv\u0117s ir antklod\u0117s rinkinys mai\u0161elyje ma\u017eyliui - Washed Cotton - Dreamy Bunny - prek\u0117s vaikams","isPartOf":{"@id":"https:\/\/dreamybunny.lt\/#website"},"datePublished":"2023-02-15T06:56:08+00:00","dateModified":"2023-05-15T21:01:59+00:00","description":"Pagalv\u0117s ir antklod\u0117s rinkinys mai\u0161elyje ma\u017eyliui - Washed Cotton ir kitos vaik\u0173 prek\u0117s. Prek\u0117s valgymui, miegui, \u017eaidimams, vaik\u0173 tekstil\u0117, prek\u0117s kambariui ir kitos prek\u0117s vaikams.","breadcrumb":{"@id":"https:\/\/dreamybunny.lt\/produktas\/pagalves-ir-antklodes-rinkinys-maiselyje-washed-cotton\/#breadcrumb"},"inLanguage":"en-US","potentialAction":[{"@type":"ReadAction","target":["https:\/\/dreamybunny.lt\/produktas\/pagalves-ir-antklodes-rinkinys-maiselyje-washed-cotton\/"]}]},{"@type":"BreadcrumbList","@id":"https:\/\/dreamybunny.lt\/produktas\/pagalves-ir-antklodes-rinkinys-maiselyje-washed-cotton\/#breadcrumb","itemListElement":[{"@type":"ListItem","position":1,"name":"Home","item":"https:\/\/dreamybunny.lt\/"},{"@type":"ListItem","position":2,"name":"Parduotuv\u0117","item":"https:\/\/dreamybunny.lt\/parduotuve\/"},{"@type":"ListItem","position":3,"name":"Pagalv\u0117s ir antklod\u0117s rinkinys mai\u0161elyje ma\u017eyliui &#8211; Washed Cotton"}]},{"@type":"WebSite","@id":"https:\/\/dreamybunny.lt\/#website","url":"https:\/\/dreamybunny.lt\/","name":"Dreamy Bunny - prek\u0117s vaikams","description":"","publisher":{"@id":"https:\/\/dreamybunny.lt\/#organization"},"potentialAction":[{"@type":"SearchAction","target":{"@type":"EntryPoint","urlTemplate":"https:\/\/dreamybunny.lt\/?s={search_term_string}"},"query-input":"required name=search_term_string"}],"inLanguage":"en-US"},{"@type":"Organization","@id":"https:\/\/dreamybunny.lt\/#organization","name":"MB DREAMY BUNNY","url":"https:\/\/dreamybunny.lt\/","logo":{"@type":"ImageObject","inLanguage":"en-US","@id":"https:\/\/dreamybunny.lt\/#\/schema\/logo\/image\/","url":"http:\/\/dreamybunny.lt\/wp-content\/uploads\/2023\/01\/logo.png","contentUrl":"http:\/\/dreamybunny.lt\/wp-content\/uploads\/2023\/01\/logo.png","width":500,"height":500,"caption":"MB DREAMY BUNNY"},"image":{"@id":"https:\/\/dreamybunny.lt\/#\/schema\/logo\/image\/"}}]}},"_links":{"self":[{"href":"https:\/\/dreamybunny.lt\/en\/wp-json\/wp\/v2\/product\/7279"}],"collection":[{"href":"https:\/\/dreamybunny.lt\/en\/wp-json\/wp\/v2\/product"}],"about":[{"href":"https:\/\/dreamybunny.lt\/en\/wp-json\/wp\/v2\/types\/product"}],"replies":[{"embeddable":true,"href":"https:\/\/dreamybunny.lt\/en\/wp-json\/wp\/v2\/comments?post=7279"}],"wp:featuredmedia":[{"embeddable":true,"href":"https:\/\/dreamybunny.lt\/en\/wp-json\/wp\/v2\/media\/8149"}],"wp:attachment":[{"href":"https:\/\/dreamybunny.lt\/en\/wp-json\/wp\/v2\/media?parent=7279"}],"wp:term":[{"taxonomy":"product_cat","embeddable":true,"href":"https:\/\/dreamybunny.lt\/en\/wp-json\/wp\/v2\/product_cat?post=7279"},{"taxonomy":"product_tag","embeddable":true,"href":"https:\/\/dreamybunny.lt\/en\/wp-json\/wp\/v2\/product_tag?post=7279"}],"curies":[{"name":"wp","href":"https:\/\/api.w.org\/{rel}","templated":true}]}}