{"id":7312,"date":"2023-02-15T08:59:41","date_gmt":"2023-02-15T06:59:41","guid":{"rendered":"https:\/\/dreamybunny.lt\/produktas\/bambukinis-pledukas-sand\/"},"modified":"2023-09-13T15:16:36","modified_gmt":"2023-09-13T12:16:36","slug":"bambukinis-pledukas-sand","status":"publish","type":"product","link":"https:\/\/dreamybunny.lt\/en\/product\/bambukinis-pledukas-sand\/","title":{"rendered":"Bamboo blanket - Sand"},"content":{"rendered":"<p>It is definitely a must-have item in a baby&#039;s crib, but the blanket will last a long time due to its larger dimensions. The blanket is perfect for a crib, stroller or car seat.<\/p>","protected":false},"excerpt":{"rendered":"<p>Soft and soft blanket made of certified bamboo yarn with cotton addition. The blanket has thermoregulatory properties, so it is perfect for summer, autumn and winter. The fabric is very kind to the baby&#039;s skin, keeps it warm and at the same time protects against overheating.<\/p>\n<p>Material - 50% CV bamboo, 50% cotton.<br \/>\nDimensions - 80 cm x 100 cm.<\/p>\n<p><strong>Prek\u0117s paruo\u0161imas ir pristatymas 8-12 d.d.<\/strong><\/p>","protected":false},"featured_media":7994,"comment_status":"closed","ping_status":"closed","template":"","meta":[],"product_cat":[75,80],"product_tag":[],"yoast_head":"<!-- This site is optimized with the Yoast SEO plugin v21.0 - https:\/\/yoast.com\/wordpress\/plugins\/seo\/ -->\n<title>Bambukinis pledukas - Sand - Dreamy Bunny - prek\u0117s vaikams<\/title>\n<meta name=\"description\" content=\"Bambukinis pledukas - Sand ir kitos vaik\u0173 prek\u0117s. Prek\u0117s valgymui, miegui, \u017eaidimams, vaik\u0173 tekstil\u0117, prek\u0117s kambariui ir kitos prek\u0117s vaikams.\" \/>\n<meta name=\"robots\" content=\"index, follow, max-snippet:-1, max-image-preview:large, max-video-preview:-1\" \/>\n<link rel=\"canonical\" href=\"https:\/\/dreamybunny.lt\/en\/product\/bambukinis-pledukas-sand\/\" \/>\n<meta property=\"og:locale\" content=\"en_US\" \/>\n<meta property=\"og:type\" content=\"article\" \/>\n<meta property=\"og:title\" content=\"Bambukinis pledukas - Sand - Dreamy Bunny - prek\u0117s vaikams\" \/>\n<meta property=\"og:description\" content=\"Bambukinis pledukas - Sand ir kitos vaik\u0173 prek\u0117s. Prek\u0117s valgymui, miegui, \u017eaidimams, vaik\u0173 tekstil\u0117, prek\u0117s kambariui ir kitos prek\u0117s vaikams.\" \/>\n<meta property=\"og:url\" content=\"https:\/\/dreamybunny.lt\/en\/product\/bambukinis-pledukas-sand\/\" \/>\n<meta property=\"og:site_name\" content=\"Dreamy Bunny - prek\u0117s vaikams\" \/>\n<meta property=\"article:modified_time\" content=\"2023-09-13T12:16:36+00:00\" \/>\n<meta property=\"og:image\" content=\"https:\/\/dreamybunny.lt\/wp-content\/uploads\/2023\/02\/Bambukinis-pledukas-sand.jpg\" \/>\n\t<meta property=\"og:image:width\" content=\"1536\" \/>\n\t<meta property=\"og:image:height\" content=\"2047\" \/>\n\t<meta property=\"og:image:type\" content=\"image\/jpeg\" \/>\n<meta name=\"twitter:card\" content=\"summary_large_image\" \/>\n<meta name=\"twitter:label1\" content=\"Est. reading time\" \/>\n\t<meta name=\"twitter:data1\" content=\"1 minute\" \/>\n<script type=\"application\/ld+json\" class=\"yoast-schema-graph\">{\"@context\":\"https:\/\/schema.org\",\"@graph\":[{\"@type\":\"WebPage\",\"@id\":\"https:\/\/dreamybunny.lt\/produktas\/bambukinis-pledukas-sand\/\",\"url\":\"https:\/\/dreamybunny.lt\/produktas\/bambukinis-pledukas-sand\/\",\"name\":\"Bambukinis pledukas - Sand - Dreamy Bunny - prek\u0117s vaikams\",\"isPartOf\":{\"@id\":\"https:\/\/dreamybunny.lt\/#website\"},\"datePublished\":\"2023-02-15T06:59:41+00:00\",\"dateModified\":\"2023-09-13T12:16:36+00:00\",\"description\":\"Bambukinis pledukas - Sand ir kitos vaik\u0173 prek\u0117s. Prek\u0117s valgymui, miegui, \u017eaidimams, vaik\u0173 tekstil\u0117, prek\u0117s kambariui ir kitos prek\u0117s vaikams.\",\"breadcrumb\":{\"@id\":\"https:\/\/dreamybunny.lt\/produktas\/bambukinis-pledukas-sand\/#breadcrumb\"},\"inLanguage\":\"en-US\",\"potentialAction\":[{\"@type\":\"ReadAction\",\"target\":[\"https:\/\/dreamybunny.lt\/produktas\/bambukinis-pledukas-sand\/\"]}]},{\"@type\":\"BreadcrumbList\",\"@id\":\"https:\/\/dreamybunny.lt\/produktas\/bambukinis-pledukas-sand\/#breadcrumb\",\"itemListElement\":[{\"@type\":\"ListItem\",\"position\":1,\"name\":\"Home\",\"item\":\"https:\/\/dreamybunny.lt\/\"},{\"@type\":\"ListItem\",\"position\":2,\"name\":\"Parduotuv\u0117\",\"item\":\"https:\/\/dreamybunny.lt\/parduotuve\/\"},{\"@type\":\"ListItem\",\"position\":3,\"name\":\"Bambukinis pledukas &#8211; Sand\"}]},{\"@type\":\"WebSite\",\"@id\":\"https:\/\/dreamybunny.lt\/#website\",\"url\":\"https:\/\/dreamybunny.lt\/\",\"name\":\"Dreamy Bunny - prek\u0117s vaikams\",\"description\":\"\",\"publisher\":{\"@id\":\"https:\/\/dreamybunny.lt\/#organization\"},\"potentialAction\":[{\"@type\":\"SearchAction\",\"target\":{\"@type\":\"EntryPoint\",\"urlTemplate\":\"https:\/\/dreamybunny.lt\/?s={search_term_string}\"},\"query-input\":\"required name=search_term_string\"}],\"inLanguage\":\"en-US\"},{\"@type\":\"Organization\",\"@id\":\"https:\/\/dreamybunny.lt\/#organization\",\"name\":\"MB DREAMY BUNNY\",\"url\":\"https:\/\/dreamybunny.lt\/\",\"logo\":{\"@type\":\"ImageObject\",\"inLanguage\":\"en-US\",\"@id\":\"https:\/\/dreamybunny.lt\/#\/schema\/logo\/image\/\",\"url\":\"http:\/\/dreamybunny.lt\/wp-content\/uploads\/2023\/01\/logo.png\",\"contentUrl\":\"http:\/\/dreamybunny.lt\/wp-content\/uploads\/2023\/01\/logo.png\",\"width\":500,\"height\":500,\"caption\":\"MB DREAMY BUNNY\"},\"image\":{\"@id\":\"https:\/\/dreamybunny.lt\/#\/schema\/logo\/image\/\"}}]}<\/script>\n<!-- \/ Yoast SEO plugin. -->","yoast_head_json":{"title":"Bambukinis pledukas - Sand - Dreamy Bunny - prek\u0117s vaikams","description":"Bambukinis pledukas - Sand ir kitos vaik\u0173 prek\u0117s. Prek\u0117s valgymui, miegui, \u017eaidimams, vaik\u0173 tekstil\u0117, prek\u0117s kambariui ir kitos prek\u0117s vaikams.","robots":{"index":"index","follow":"follow","max-snippet":"max-snippet:-1","max-image-preview":"max-image-preview:large","max-video-preview":"max-video-preview:-1"},"canonical":"https:\/\/dreamybunny.lt\/en\/product\/bambukinis-pledukas-sand\/","og_locale":"en_US","og_type":"article","og_title":"Bambukinis pledukas - Sand - Dreamy Bunny - prek\u0117s vaikams","og_description":"Bambukinis pledukas - Sand ir kitos vaik\u0173 prek\u0117s. Prek\u0117s valgymui, miegui, \u017eaidimams, vaik\u0173 tekstil\u0117, prek\u0117s kambariui ir kitos prek\u0117s vaikams.","og_url":"https:\/\/dreamybunny.lt\/en\/product\/bambukinis-pledukas-sand\/","og_site_name":"Dreamy Bunny - prek\u0117s vaikams","article_modified_time":"2023-09-13T12:16:36+00:00","og_image":[{"width":1536,"height":2047,"url":"https:\/\/dreamybunny.lt\/wp-content\/uploads\/2023\/02\/Bambukinis-pledukas-sand.jpg","type":"image\/jpeg"}],"twitter_card":"summary_large_image","twitter_misc":{"Est. reading time":"1 minute"},"schema":{"@context":"https:\/\/schema.org","@graph":[{"@type":"WebPage","@id":"https:\/\/dreamybunny.lt\/produktas\/bambukinis-pledukas-sand\/","url":"https:\/\/dreamybunny.lt\/produktas\/bambukinis-pledukas-sand\/","name":"Bambukinis pledukas - Sand - Dreamy Bunny - prek\u0117s vaikams","isPartOf":{"@id":"https:\/\/dreamybunny.lt\/#website"},"datePublished":"2023-02-15T06:59:41+00:00","dateModified":"2023-09-13T12:16:36+00:00","description":"Bambukinis pledukas - Sand ir kitos vaik\u0173 prek\u0117s. Prek\u0117s valgymui, miegui, \u017eaidimams, vaik\u0173 tekstil\u0117, prek\u0117s kambariui ir kitos prek\u0117s vaikams.","breadcrumb":{"@id":"https:\/\/dreamybunny.lt\/produktas\/bambukinis-pledukas-sand\/#breadcrumb"},"inLanguage":"en-US","potentialAction":[{"@type":"ReadAction","target":["https:\/\/dreamybunny.lt\/produktas\/bambukinis-pledukas-sand\/"]}]},{"@type":"BreadcrumbList","@id":"https:\/\/dreamybunny.lt\/produktas\/bambukinis-pledukas-sand\/#breadcrumb","itemListElement":[{"@type":"ListItem","position":1,"name":"Home","item":"https:\/\/dreamybunny.lt\/"},{"@type":"ListItem","position":2,"name":"Parduotuv\u0117","item":"https:\/\/dreamybunny.lt\/parduotuve\/"},{"@type":"ListItem","position":3,"name":"Bambukinis pledukas &#8211; Sand"}]},{"@type":"WebSite","@id":"https:\/\/dreamybunny.lt\/#website","url":"https:\/\/dreamybunny.lt\/","name":"Dreamy Bunny - prek\u0117s vaikams","description":"","publisher":{"@id":"https:\/\/dreamybunny.lt\/#organization"},"potentialAction":[{"@type":"SearchAction","target":{"@type":"EntryPoint","urlTemplate":"https:\/\/dreamybunny.lt\/?s={search_term_string}"},"query-input":"required name=search_term_string"}],"inLanguage":"en-US"},{"@type":"Organization","@id":"https:\/\/dreamybunny.lt\/#organization","name":"MB DREAMY BUNNY","url":"https:\/\/dreamybunny.lt\/","logo":{"@type":"ImageObject","inLanguage":"en-US","@id":"https:\/\/dreamybunny.lt\/#\/schema\/logo\/image\/","url":"http:\/\/dreamybunny.lt\/wp-content\/uploads\/2023\/01\/logo.png","contentUrl":"http:\/\/dreamybunny.lt\/wp-content\/uploads\/2023\/01\/logo.png","width":500,"height":500,"caption":"MB DREAMY BUNNY"},"image":{"@id":"https:\/\/dreamybunny.lt\/#\/schema\/logo\/image\/"}}]}},"_links":{"self":[{"href":"https:\/\/dreamybunny.lt\/en\/wp-json\/wp\/v2\/product\/7312"}],"collection":[{"href":"https:\/\/dreamybunny.lt\/en\/wp-json\/wp\/v2\/product"}],"about":[{"href":"https:\/\/dreamybunny.lt\/en\/wp-json\/wp\/v2\/types\/product"}],"replies":[{"embeddable":true,"href":"https:\/\/dreamybunny.lt\/en\/wp-json\/wp\/v2\/comments?post=7312"}],"wp:featuredmedia":[{"embeddable":true,"href":"https:\/\/dreamybunny.lt\/en\/wp-json\/wp\/v2\/media\/7994"}],"wp:attachment":[{"href":"https:\/\/dreamybunny.lt\/en\/wp-json\/wp\/v2\/media?parent=7312"}],"wp:term":[{"taxonomy":"product_cat","embeddable":true,"href":"https:\/\/dreamybunny.lt\/en\/wp-json\/wp\/v2\/product_cat?post=7312"},{"taxonomy":"product_tag","embeddable":true,"href":"https:\/\/dreamybunny.lt\/en\/wp-json\/wp\/v2\/product_tag?post=7312"}],"curies":[{"name":"wp","href":"https:\/\/api.w.org\/{rel}","templated":true}]}}