{"id":7329,"date":"2023-02-15T08:59:43","date_gmt":"2023-02-15T06:59:43","guid":{"rendered":"https:\/\/dreamybunny.lt\/produktas\/miegmaisis-kudikiams-nuo-2-iki-12-men-camel\/"},"modified":"2023-05-15T23:53:29","modified_gmt":"2023-05-15T20:53:29","slug":"miegmaisis-kudikiams-nuo-2-iki-12-men-camel","status":"publish","type":"product","link":"https:\/\/dreamybunny.lt\/en\/product\/miegmaisis-kudikiams-nuo-2-iki-12-men-camel\/","title":{"rendered":"Sleeping bag for babies from 2 to 12 months. - Caramel"},"content":{"rendered":"<p>A sleeping bag is the most practical and safest way to keep a child&#039;s peaceful sleep, because it will not freeze, fold or cover its head while sleeping. The sleeping bag has practical shoulder straps. There is also an additional press under the armpits, which will allow you to easily adjust the size according to your child. The entire sleeping bag is closed with a zipper, which provides even more comfort when putting it on or taking it off.<\/p>","protected":false},"excerpt":{"rendered":"<p>Cotton sleeping bag for babies. The interior is insulated with anti-allergic silicone non-woven fabric. Cotton has Oeko TEX certificate.<\/p>\n<p>Intended for babies from 2 to 12 months.<br \/>\nDimensions - 85 cm x 50 cm (at the widest point).<\/p>\n<p>Sewn by hand.<\/p>\n<p><strong>Product sewing 6-8 dd<\/strong><br \/>\n<strong>Product preparation and delivery in 2-4 days<\/strong><\/p>","protected":false},"featured_media":7970,"comment_status":"closed","ping_status":"closed","template":"","meta":[],"product_cat":[75,82],"product_tag":[],"yoast_head":"<!-- This site is optimized with the Yoast SEO plugin v21.0 - https:\/\/yoast.com\/wordpress\/plugins\/seo\/ -->\n<title>Miegmai\u0161is k\u016bdikiams nuo 2 iki 12 m\u0117n. - Caramel - Dreamy Bunny - prek\u0117s vaikams<\/title>\n<meta name=\"description\" content=\"Miegmai\u0161is k\u016bdikiams nuo 2 iki 12 m\u0117n. - Caramel ir kitos vaik\u0173 prek\u0117s. Prek\u0117s valgymui, miegui, \u017eaidimams, vaik\u0173 tekstil\u0117, prek\u0117s kambariui ir kitos prek\u0117s vaikams.\" \/>\n<meta name=\"robots\" content=\"index, follow, max-snippet:-1, max-image-preview:large, max-video-preview:-1\" \/>\n<link rel=\"canonical\" href=\"https:\/\/dreamybunny.lt\/en\/product\/miegmaisis-kudikiams-nuo-2-iki-12-men-camel\/\" \/>\n<meta property=\"og:locale\" content=\"en_US\" \/>\n<meta property=\"og:type\" content=\"article\" \/>\n<meta property=\"og:title\" content=\"Miegmai\u0161is k\u016bdikiams nuo 2 iki 12 m\u0117n. - Caramel - Dreamy Bunny - prek\u0117s vaikams\" \/>\n<meta property=\"og:description\" content=\"Miegmai\u0161is k\u016bdikiams nuo 2 iki 12 m\u0117n. - Caramel ir kitos vaik\u0173 prek\u0117s. Prek\u0117s valgymui, miegui, \u017eaidimams, vaik\u0173 tekstil\u0117, prek\u0117s kambariui ir kitos prek\u0117s vaikams.\" \/>\n<meta property=\"og:url\" content=\"https:\/\/dreamybunny.lt\/en\/product\/miegmaisis-kudikiams-nuo-2-iki-12-men-camel\/\" \/>\n<meta property=\"og:site_name\" content=\"Dreamy Bunny - prek\u0117s vaikams\" \/>\n<meta property=\"article:modified_time\" content=\"2023-05-15T20:53:29+00:00\" \/>\n<meta property=\"og:image\" content=\"https:\/\/dreamybunny.lt\/wp-content\/uploads\/2023\/02\/Miegmaisis-kudikiams-nuo-2-iki-12-men.-Camel.jpg\" \/>\n\t<meta property=\"og:image:width\" content=\"1357\" \/>\n\t<meta property=\"og:image:height\" content=\"2047\" \/>\n\t<meta property=\"og:image:type\" content=\"image\/jpeg\" \/>\n<meta name=\"twitter:card\" content=\"summary_large_image\" \/>\n<meta name=\"twitter:label1\" content=\"Est. reading time\" \/>\n\t<meta name=\"twitter:data1\" content=\"1 minute\" \/>\n<script type=\"application\/ld+json\" class=\"yoast-schema-graph\">{\"@context\":\"https:\/\/schema.org\",\"@graph\":[{\"@type\":\"WebPage\",\"@id\":\"https:\/\/dreamybunny.lt\/en\/product\/miegmaisis-kudikiams-nuo-2-iki-12-men-camel\/\",\"url\":\"https:\/\/dreamybunny.lt\/en\/product\/miegmaisis-kudikiams-nuo-2-iki-12-men-camel\/\",\"name\":\"Miegmai\u0161is k\u016bdikiams nuo 2 iki 12 m\u0117n. - Caramel - Dreamy Bunny - prek\u0117s vaikams\",\"isPartOf\":{\"@id\":\"https:\/\/dreamybunny.lt\/#website\"},\"datePublished\":\"2023-02-15T06:59:43+00:00\",\"dateModified\":\"2023-05-15T20:53:29+00:00\",\"description\":\"Miegmai\u0161is k\u016bdikiams nuo 2 iki 12 m\u0117n. - Caramel ir kitos vaik\u0173 prek\u0117s. Prek\u0117s valgymui, miegui, \u017eaidimams, vaik\u0173 tekstil\u0117, prek\u0117s kambariui ir kitos prek\u0117s vaikams.\",\"breadcrumb\":{\"@id\":\"https:\/\/dreamybunny.lt\/en\/product\/miegmaisis-kudikiams-nuo-2-iki-12-men-camel\/#breadcrumb\"},\"inLanguage\":\"en-US\",\"potentialAction\":[{\"@type\":\"ReadAction\",\"target\":[\"https:\/\/dreamybunny.lt\/en\/product\/miegmaisis-kudikiams-nuo-2-iki-12-men-camel\/\"]}]},{\"@type\":\"BreadcrumbList\",\"@id\":\"https:\/\/dreamybunny.lt\/en\/product\/miegmaisis-kudikiams-nuo-2-iki-12-men-camel\/#breadcrumb\",\"itemListElement\":[{\"@type\":\"ListItem\",\"position\":1,\"name\":\"Home\",\"item\":\"https:\/\/dreamybunny.lt\/\"},{\"@type\":\"ListItem\",\"position\":2,\"name\":\"Parduotuv\u0117\",\"item\":\"https:\/\/dreamybunny.lt\/parduotuve\/\"},{\"@type\":\"ListItem\",\"position\":3,\"name\":\"Miegmai\u0161is k\u016bdikiams nuo 2 iki 12 m\u0117n. &#8211; Caramel\"}]},{\"@type\":\"WebSite\",\"@id\":\"https:\/\/dreamybunny.lt\/#website\",\"url\":\"https:\/\/dreamybunny.lt\/\",\"name\":\"Dreamy Bunny - prek\u0117s vaikams\",\"description\":\"\",\"publisher\":{\"@id\":\"https:\/\/dreamybunny.lt\/#organization\"},\"potentialAction\":[{\"@type\":\"SearchAction\",\"target\":{\"@type\":\"EntryPoint\",\"urlTemplate\":\"https:\/\/dreamybunny.lt\/?s={search_term_string}\"},\"query-input\":\"required name=search_term_string\"}],\"inLanguage\":\"en-US\"},{\"@type\":\"Organization\",\"@id\":\"https:\/\/dreamybunny.lt\/#organization\",\"name\":\"MB DREAMY BUNNY\",\"url\":\"https:\/\/dreamybunny.lt\/\",\"logo\":{\"@type\":\"ImageObject\",\"inLanguage\":\"en-US\",\"@id\":\"https:\/\/dreamybunny.lt\/#\/schema\/logo\/image\/\",\"url\":\"http:\/\/dreamybunny.lt\/wp-content\/uploads\/2023\/01\/logo.png\",\"contentUrl\":\"http:\/\/dreamybunny.lt\/wp-content\/uploads\/2023\/01\/logo.png\",\"width\":500,\"height\":500,\"caption\":\"MB DREAMY BUNNY\"},\"image\":{\"@id\":\"https:\/\/dreamybunny.lt\/#\/schema\/logo\/image\/\"}}]}<\/script>\n<!-- \/ Yoast SEO plugin. -->","yoast_head_json":{"title":"Miegmai\u0161is k\u016bdikiams nuo 2 iki 12 m\u0117n. - Caramel - Dreamy Bunny - prek\u0117s vaikams","description":"Miegmai\u0161is k\u016bdikiams nuo 2 iki 12 m\u0117n. - Caramel ir kitos vaik\u0173 prek\u0117s. Prek\u0117s valgymui, miegui, \u017eaidimams, vaik\u0173 tekstil\u0117, prek\u0117s kambariui ir kitos prek\u0117s vaikams.","robots":{"index":"index","follow":"follow","max-snippet":"max-snippet:-1","max-image-preview":"max-image-preview:large","max-video-preview":"max-video-preview:-1"},"canonical":"https:\/\/dreamybunny.lt\/en\/product\/miegmaisis-kudikiams-nuo-2-iki-12-men-camel\/","og_locale":"en_US","og_type":"article","og_title":"Miegmai\u0161is k\u016bdikiams nuo 2 iki 12 m\u0117n. - Caramel - Dreamy Bunny - prek\u0117s vaikams","og_description":"Miegmai\u0161is k\u016bdikiams nuo 2 iki 12 m\u0117n. - Caramel ir kitos vaik\u0173 prek\u0117s. Prek\u0117s valgymui, miegui, \u017eaidimams, vaik\u0173 tekstil\u0117, prek\u0117s kambariui ir kitos prek\u0117s vaikams.","og_url":"https:\/\/dreamybunny.lt\/en\/product\/miegmaisis-kudikiams-nuo-2-iki-12-men-camel\/","og_site_name":"Dreamy Bunny - prek\u0117s vaikams","article_modified_time":"2023-05-15T20:53:29+00:00","og_image":[{"width":1357,"height":2047,"url":"https:\/\/dreamybunny.lt\/wp-content\/uploads\/2023\/02\/Miegmaisis-kudikiams-nuo-2-iki-12-men.-Camel.jpg","type":"image\/jpeg"}],"twitter_card":"summary_large_image","twitter_misc":{"Est. reading time":"1 minute"},"schema":{"@context":"https:\/\/schema.org","@graph":[{"@type":"WebPage","@id":"https:\/\/dreamybunny.lt\/en\/product\/miegmaisis-kudikiams-nuo-2-iki-12-men-camel\/","url":"https:\/\/dreamybunny.lt\/en\/product\/miegmaisis-kudikiams-nuo-2-iki-12-men-camel\/","name":"Miegmai\u0161is k\u016bdikiams nuo 2 iki 12 m\u0117n. - Caramel - Dreamy Bunny - prek\u0117s vaikams","isPartOf":{"@id":"https:\/\/dreamybunny.lt\/#website"},"datePublished":"2023-02-15T06:59:43+00:00","dateModified":"2023-05-15T20:53:29+00:00","description":"Miegmai\u0161is k\u016bdikiams nuo 2 iki 12 m\u0117n. - Caramel ir kitos vaik\u0173 prek\u0117s. Prek\u0117s valgymui, miegui, \u017eaidimams, vaik\u0173 tekstil\u0117, prek\u0117s kambariui ir kitos prek\u0117s vaikams.","breadcrumb":{"@id":"https:\/\/dreamybunny.lt\/en\/product\/miegmaisis-kudikiams-nuo-2-iki-12-men-camel\/#breadcrumb"},"inLanguage":"en-US","potentialAction":[{"@type":"ReadAction","target":["https:\/\/dreamybunny.lt\/en\/product\/miegmaisis-kudikiams-nuo-2-iki-12-men-camel\/"]}]},{"@type":"BreadcrumbList","@id":"https:\/\/dreamybunny.lt\/en\/product\/miegmaisis-kudikiams-nuo-2-iki-12-men-camel\/#breadcrumb","itemListElement":[{"@type":"ListItem","position":1,"name":"Home","item":"https:\/\/dreamybunny.lt\/"},{"@type":"ListItem","position":2,"name":"Parduotuv\u0117","item":"https:\/\/dreamybunny.lt\/parduotuve\/"},{"@type":"ListItem","position":3,"name":"Miegmai\u0161is k\u016bdikiams nuo 2 iki 12 m\u0117n. &#8211; Caramel"}]},{"@type":"WebSite","@id":"https:\/\/dreamybunny.lt\/#website","url":"https:\/\/dreamybunny.lt\/","name":"Dreamy Bunny - prek\u0117s vaikams","description":"","publisher":{"@id":"https:\/\/dreamybunny.lt\/#organization"},"potentialAction":[{"@type":"SearchAction","target":{"@type":"EntryPoint","urlTemplate":"https:\/\/dreamybunny.lt\/?s={search_term_string}"},"query-input":"required name=search_term_string"}],"inLanguage":"en-US"},{"@type":"Organization","@id":"https:\/\/dreamybunny.lt\/#organization","name":"MB DREAMY BUNNY","url":"https:\/\/dreamybunny.lt\/","logo":{"@type":"ImageObject","inLanguage":"en-US","@id":"https:\/\/dreamybunny.lt\/#\/schema\/logo\/image\/","url":"http:\/\/dreamybunny.lt\/wp-content\/uploads\/2023\/01\/logo.png","contentUrl":"http:\/\/dreamybunny.lt\/wp-content\/uploads\/2023\/01\/logo.png","width":500,"height":500,"caption":"MB DREAMY BUNNY"},"image":{"@id":"https:\/\/dreamybunny.lt\/#\/schema\/logo\/image\/"}}]}},"_links":{"self":[{"href":"https:\/\/dreamybunny.lt\/en\/wp-json\/wp\/v2\/product\/7329"}],"collection":[{"href":"https:\/\/dreamybunny.lt\/en\/wp-json\/wp\/v2\/product"}],"about":[{"href":"https:\/\/dreamybunny.lt\/en\/wp-json\/wp\/v2\/types\/product"}],"replies":[{"embeddable":true,"href":"https:\/\/dreamybunny.lt\/en\/wp-json\/wp\/v2\/comments?post=7329"}],"wp:featuredmedia":[{"embeddable":true,"href":"https:\/\/dreamybunny.lt\/en\/wp-json\/wp\/v2\/media\/7970"}],"wp:attachment":[{"href":"https:\/\/dreamybunny.lt\/en\/wp-json\/wp\/v2\/media?parent=7329"}],"wp:term":[{"taxonomy":"product_cat","embeddable":true,"href":"https:\/\/dreamybunny.lt\/en\/wp-json\/wp\/v2\/product_cat?post=7329"},{"taxonomy":"product_tag","embeddable":true,"href":"https:\/\/dreamybunny.lt\/en\/wp-json\/wp\/v2\/product_tag?post=7329"}],"curies":[{"name":"wp","href":"https:\/\/api.w.org\/{rel}","templated":true}]}}