{"id":7617,"date":"2023-02-15T09:53:55","date_gmt":"2023-02-15T07:53:55","guid":{"rendered":"https:\/\/dreamybunny.lt\/produktas\/dekoratyvine-pagalve-balionas-petrol\/"},"modified":"2023-05-15T23:36:37","modified_gmt":"2023-05-15T20:36:37","slug":"dekoratyvine-pagalve-balionas-petrol","status":"publish","type":"product","link":"https:\/\/dreamybunny.lt\/en\/product\/dekoratyvine-pagalve-balionas-petrol\/","title":{"rendered":"Decorative pillow &quot;Balloon&quot; - Petrol"},"content":{"rendered":"<p>The pillow is perfect for everyday use, but at the same time it will be a beautiful decoration of the child&#039;s room. Thanks to the loop at the back, the balloon can be hung on the wall or in another place. This is a great gift idea!<\/p>","protected":false},"excerpt":{"rendered":"<p>The pillow is made of soft and extremely pleasant &quot;washed cotton&quot;. There is a silicone anti-allergic filling inside.<\/p>\n<p>The pillow is made to order, so you can choose the phrase - &quot;Hello&quot;, &quot;Oh girl&quot;, &quot;Oh boy&quot; and the color of the embroidery. Include this information in your order.<\/p>\n<p>Width - 40 cm;<br \/>\nHeight - 50 cm.<\/p>\n<p>Sewn by hand.<\/p>\n<p><strong>Product sewing 6-8 dd<\/strong><br \/>\n<strong>Product preparation and delivery in 2-4 days<\/strong><\/p>","protected":false},"featured_media":7792,"comment_status":"closed","ping_status":"closed","template":"","meta":[],"product_cat":[94,95],"product_tag":[],"yoast_head":"<!-- This site is optimized with the Yoast SEO plugin v21.0 - https:\/\/yoast.com\/wordpress\/plugins\/seo\/ -->\n<title>Dekoratyvin\u0117 pagalv\u0117 &quot;Balionas&quot; - Petrol - Dreamy Bunny - prek\u0117s vaikams<\/title>\n<meta name=\"description\" content=\"Dekoratyvin\u0117 pagalv\u0117 &quot;Balionas&quot; - Petrol ir kitos vaik\u0173 prek\u0117s. Prek\u0117s valgymui, miegui, \u017eaidimams, vaik\u0173 tekstil\u0117, prek\u0117s kambariui ir kitos prek\u0117s vaikams.\" \/>\n<meta name=\"robots\" content=\"index, follow, max-snippet:-1, max-image-preview:large, max-video-preview:-1\" \/>\n<link rel=\"canonical\" href=\"https:\/\/dreamybunny.lt\/en\/product\/dekoratyvine-pagalve-balionas-petrol\/\" \/>\n<meta property=\"og:locale\" content=\"en_US\" \/>\n<meta property=\"og:type\" content=\"article\" \/>\n<meta property=\"og:title\" content=\"Dekoratyvin\u0117 pagalv\u0117 &quot;Balionas&quot; - Petrol - Dreamy Bunny - prek\u0117s vaikams\" \/>\n<meta property=\"og:description\" content=\"Dekoratyvin\u0117 pagalv\u0117 &quot;Balionas&quot; - Petrol ir kitos vaik\u0173 prek\u0117s. Prek\u0117s valgymui, miegui, \u017eaidimams, vaik\u0173 tekstil\u0117, prek\u0117s kambariui ir kitos prek\u0117s vaikams.\" \/>\n<meta property=\"og:url\" content=\"https:\/\/dreamybunny.lt\/en\/product\/dekoratyvine-pagalve-balionas-petrol\/\" \/>\n<meta property=\"og:site_name\" content=\"Dreamy Bunny - prek\u0117s vaikams\" \/>\n<meta property=\"article:modified_time\" content=\"2023-05-15T20:36:37+00:00\" \/>\n<meta property=\"og:image\" content=\"https:\/\/dreamybunny.lt\/wp-content\/uploads\/2023\/02\/Dekoratyvine-pagalve-Balionas-Petrol.jpg\" \/>\n\t<meta property=\"og:image:width\" content=\"1365\" \/>\n\t<meta property=\"og:image:height\" content=\"2046\" \/>\n\t<meta property=\"og:image:type\" content=\"image\/jpeg\" \/>\n<meta name=\"twitter:card\" content=\"summary_large_image\" \/>\n<meta name=\"twitter:label1\" content=\"Est. reading time\" \/>\n\t<meta name=\"twitter:data1\" content=\"1 minute\" \/>\n<script type=\"application\/ld+json\" class=\"yoast-schema-graph\">{\"@context\":\"https:\/\/schema.org\",\"@graph\":[{\"@type\":\"WebPage\",\"@id\":\"https:\/\/dreamybunny.lt\/produktas\/dekoratyvine-pagalve-balionas-petrol\/\",\"url\":\"https:\/\/dreamybunny.lt\/produktas\/dekoratyvine-pagalve-balionas-petrol\/\",\"name\":\"Dekoratyvin\u0117 pagalv\u0117 \\\"Balionas\\\" - Petrol - Dreamy Bunny - prek\u0117s vaikams\",\"isPartOf\":{\"@id\":\"https:\/\/dreamybunny.lt\/#website\"},\"datePublished\":\"2023-02-15T07:53:55+00:00\",\"dateModified\":\"2023-05-15T20:36:37+00:00\",\"description\":\"Dekoratyvin\u0117 pagalv\u0117 \\\"Balionas\\\" - Petrol ir kitos vaik\u0173 prek\u0117s. Prek\u0117s valgymui, miegui, \u017eaidimams, vaik\u0173 tekstil\u0117, prek\u0117s kambariui ir kitos prek\u0117s vaikams.\",\"breadcrumb\":{\"@id\":\"https:\/\/dreamybunny.lt\/produktas\/dekoratyvine-pagalve-balionas-petrol\/#breadcrumb\"},\"inLanguage\":\"en-US\",\"potentialAction\":[{\"@type\":\"ReadAction\",\"target\":[\"https:\/\/dreamybunny.lt\/produktas\/dekoratyvine-pagalve-balionas-petrol\/\"]}]},{\"@type\":\"BreadcrumbList\",\"@id\":\"https:\/\/dreamybunny.lt\/produktas\/dekoratyvine-pagalve-balionas-petrol\/#breadcrumb\",\"itemListElement\":[{\"@type\":\"ListItem\",\"position\":1,\"name\":\"Home\",\"item\":\"https:\/\/dreamybunny.lt\/\"},{\"@type\":\"ListItem\",\"position\":2,\"name\":\"Parduotuv\u0117\",\"item\":\"https:\/\/dreamybunny.lt\/parduotuve\/\"},{\"@type\":\"ListItem\",\"position\":3,\"name\":\"Dekoratyvin\u0117 pagalv\u0117 &#8222;Balionas&#8221; &#8211; Petrol\"}]},{\"@type\":\"WebSite\",\"@id\":\"https:\/\/dreamybunny.lt\/#website\",\"url\":\"https:\/\/dreamybunny.lt\/\",\"name\":\"Dreamy Bunny - prek\u0117s vaikams\",\"description\":\"\",\"publisher\":{\"@id\":\"https:\/\/dreamybunny.lt\/#organization\"},\"potentialAction\":[{\"@type\":\"SearchAction\",\"target\":{\"@type\":\"EntryPoint\",\"urlTemplate\":\"https:\/\/dreamybunny.lt\/?s={search_term_string}\"},\"query-input\":\"required name=search_term_string\"}],\"inLanguage\":\"en-US\"},{\"@type\":\"Organization\",\"@id\":\"https:\/\/dreamybunny.lt\/#organization\",\"name\":\"MB DREAMY BUNNY\",\"url\":\"https:\/\/dreamybunny.lt\/\",\"logo\":{\"@type\":\"ImageObject\",\"inLanguage\":\"en-US\",\"@id\":\"https:\/\/dreamybunny.lt\/#\/schema\/logo\/image\/\",\"url\":\"http:\/\/dreamybunny.lt\/wp-content\/uploads\/2023\/01\/logo.png\",\"contentUrl\":\"http:\/\/dreamybunny.lt\/wp-content\/uploads\/2023\/01\/logo.png\",\"width\":500,\"height\":500,\"caption\":\"MB DREAMY BUNNY\"},\"image\":{\"@id\":\"https:\/\/dreamybunny.lt\/#\/schema\/logo\/image\/\"}}]}<\/script>\n<!-- \/ Yoast SEO plugin. -->","yoast_head_json":{"title":"Dekoratyvin\u0117 pagalv\u0117 \"Balionas\" - Petrol - Dreamy Bunny - prek\u0117s vaikams","description":"Dekoratyvin\u0117 pagalv\u0117 \"Balionas\" - Petrol ir kitos vaik\u0173 prek\u0117s. Prek\u0117s valgymui, miegui, \u017eaidimams, vaik\u0173 tekstil\u0117, prek\u0117s kambariui ir kitos prek\u0117s vaikams.","robots":{"index":"index","follow":"follow","max-snippet":"max-snippet:-1","max-image-preview":"max-image-preview:large","max-video-preview":"max-video-preview:-1"},"canonical":"https:\/\/dreamybunny.lt\/en\/product\/dekoratyvine-pagalve-balionas-petrol\/","og_locale":"en_US","og_type":"article","og_title":"Dekoratyvin\u0117 pagalv\u0117 \"Balionas\" - Petrol - Dreamy Bunny - prek\u0117s vaikams","og_description":"Dekoratyvin\u0117 pagalv\u0117 \"Balionas\" - Petrol ir kitos vaik\u0173 prek\u0117s. Prek\u0117s valgymui, miegui, \u017eaidimams, vaik\u0173 tekstil\u0117, prek\u0117s kambariui ir kitos prek\u0117s vaikams.","og_url":"https:\/\/dreamybunny.lt\/en\/product\/dekoratyvine-pagalve-balionas-petrol\/","og_site_name":"Dreamy Bunny - prek\u0117s vaikams","article_modified_time":"2023-05-15T20:36:37+00:00","og_image":[{"width":1365,"height":2046,"url":"https:\/\/dreamybunny.lt\/wp-content\/uploads\/2023\/02\/Dekoratyvine-pagalve-Balionas-Petrol.jpg","type":"image\/jpeg"}],"twitter_card":"summary_large_image","twitter_misc":{"Est. reading time":"1 minute"},"schema":{"@context":"https:\/\/schema.org","@graph":[{"@type":"WebPage","@id":"https:\/\/dreamybunny.lt\/produktas\/dekoratyvine-pagalve-balionas-petrol\/","url":"https:\/\/dreamybunny.lt\/produktas\/dekoratyvine-pagalve-balionas-petrol\/","name":"Dekoratyvin\u0117 pagalv\u0117 \"Balionas\" - Petrol - Dreamy Bunny - prek\u0117s vaikams","isPartOf":{"@id":"https:\/\/dreamybunny.lt\/#website"},"datePublished":"2023-02-15T07:53:55+00:00","dateModified":"2023-05-15T20:36:37+00:00","description":"Dekoratyvin\u0117 pagalv\u0117 \"Balionas\" - Petrol ir kitos vaik\u0173 prek\u0117s. Prek\u0117s valgymui, miegui, \u017eaidimams, vaik\u0173 tekstil\u0117, prek\u0117s kambariui ir kitos prek\u0117s vaikams.","breadcrumb":{"@id":"https:\/\/dreamybunny.lt\/produktas\/dekoratyvine-pagalve-balionas-petrol\/#breadcrumb"},"inLanguage":"en-US","potentialAction":[{"@type":"ReadAction","target":["https:\/\/dreamybunny.lt\/produktas\/dekoratyvine-pagalve-balionas-petrol\/"]}]},{"@type":"BreadcrumbList","@id":"https:\/\/dreamybunny.lt\/produktas\/dekoratyvine-pagalve-balionas-petrol\/#breadcrumb","itemListElement":[{"@type":"ListItem","position":1,"name":"Home","item":"https:\/\/dreamybunny.lt\/"},{"@type":"ListItem","position":2,"name":"Parduotuv\u0117","item":"https:\/\/dreamybunny.lt\/parduotuve\/"},{"@type":"ListItem","position":3,"name":"Dekoratyvin\u0117 pagalv\u0117 &#8222;Balionas&#8221; &#8211; Petrol"}]},{"@type":"WebSite","@id":"https:\/\/dreamybunny.lt\/#website","url":"https:\/\/dreamybunny.lt\/","name":"Dreamy Bunny - prek\u0117s vaikams","description":"","publisher":{"@id":"https:\/\/dreamybunny.lt\/#organization"},"potentialAction":[{"@type":"SearchAction","target":{"@type":"EntryPoint","urlTemplate":"https:\/\/dreamybunny.lt\/?s={search_term_string}"},"query-input":"required name=search_term_string"}],"inLanguage":"en-US"},{"@type":"Organization","@id":"https:\/\/dreamybunny.lt\/#organization","name":"MB DREAMY BUNNY","url":"https:\/\/dreamybunny.lt\/","logo":{"@type":"ImageObject","inLanguage":"en-US","@id":"https:\/\/dreamybunny.lt\/#\/schema\/logo\/image\/","url":"http:\/\/dreamybunny.lt\/wp-content\/uploads\/2023\/01\/logo.png","contentUrl":"http:\/\/dreamybunny.lt\/wp-content\/uploads\/2023\/01\/logo.png","width":500,"height":500,"caption":"MB DREAMY BUNNY"},"image":{"@id":"https:\/\/dreamybunny.lt\/#\/schema\/logo\/image\/"}}]}},"_links":{"self":[{"href":"https:\/\/dreamybunny.lt\/en\/wp-json\/wp\/v2\/product\/7617"}],"collection":[{"href":"https:\/\/dreamybunny.lt\/en\/wp-json\/wp\/v2\/product"}],"about":[{"href":"https:\/\/dreamybunny.lt\/en\/wp-json\/wp\/v2\/types\/product"}],"replies":[{"embeddable":true,"href":"https:\/\/dreamybunny.lt\/en\/wp-json\/wp\/v2\/comments?post=7617"}],"wp:featuredmedia":[{"embeddable":true,"href":"https:\/\/dreamybunny.lt\/en\/wp-json\/wp\/v2\/media\/7792"}],"wp:attachment":[{"href":"https:\/\/dreamybunny.lt\/en\/wp-json\/wp\/v2\/media?parent=7617"}],"wp:term":[{"taxonomy":"product_cat","embeddable":true,"href":"https:\/\/dreamybunny.lt\/en\/wp-json\/wp\/v2\/product_cat?post=7617"},{"taxonomy":"product_tag","embeddable":true,"href":"https:\/\/dreamybunny.lt\/en\/wp-json\/wp\/v2\/product_tag?post=7617"}],"curies":[{"name":"wp","href":"https:\/\/api.w.org\/{rel}","templated":true}]}}