{"id":8446,"date":"2023-03-16T12:12:02","date_gmt":"2023-03-16T10:12:02","guid":{"rendered":"https:\/\/dreamybunny.lt\/?post_type=product&#038;p=8446"},"modified":"2023-05-15T23:15:45","modified_gmt":"2023-05-15T20:15:45","slug":"vaikiskas-pagalves-ir-antklodes-komplektas-is-100-bambuko-savannah","status":"publish","type":"product","link":"https:\/\/dreamybunny.lt\/en\/product\/vaikiskas-pagalves-ir-antklodes-komplektas-is-100-bambuko-savannah\/","title":{"rendered":"Children&#039;s 100% bamboo pillow and blanket set - Savannah"},"content":{"rendered":"<section class=\"wpb-content-wrapper\"><div class=\"vc_row wpb_row vc_row-fluid vc_row-o-equal-height vc_row-flex wd-rs-63df7195dd723\"><div class=\"wpb_column vc_column_container vc_col-sm-12 vc_col-xs-12 wd-rs-63dc05d3bab9f\"><div class=\"vc_column-inner vc_custom_1675363805480\"><div class=\"wpb_wrapper\">\t\t<div id=\"wd-64309b0d62e02\" class=\"wd-text-block wd-wpb reset-last-child wd-rs-64309b0d62e02 text-left vc_custom_1680907031153\">\n\t\t\t<p>Bamboo has antibacterial, antiallergic and antifungal properties. Bamboo material absorbs water 60 % more efficiently than cotton and perfectly absorbs odors. The fabric from which the pillow and blanket set is made is free of pesticides or other pollutants. Bamboo fabric 30 % is self-sterilizing. Also, this fabric has thermoregulatory properties, which means that in hot weather it keeps the temperature 2 degrees lower than the environment.<\/p>\n<p>Bamboo fabric is arguably one of the most natural fabrics you can give your baby. A bamboo pillow and blanket is recommended for AD patients. After washing the set, 100 % feels fresh and clean. Washing the pillow and blanket itself, not just their covers, is the most ideal solution for allergic babies in order to minimize allergens.<\/p>\n<p>The S and M size pillow is flat, and the blanket is soft and fluffy. The L-sized pillow and blanket are fluffy.<\/p>\n<p>Do not forget that this set can be combined with other Makaszka products, thus taking into account not only the quality of items for the little one, but also fostering the harmony of style in her\/his environment. Makaszka pillows and blankets and other products are sewn by hand, cultivating care and attention to detail, and the highest quality fabrics ensure the durability of the products.<\/p>\n<p>This set is a great idea for a gift - on the occasion of welcoming a baby, for the first &quot;favors&quot; or for another important holiday.<\/p>\n<p>Dimensions:<br \/>\nS \u2013 30 cm x 40 cm, 70 cm x 90 cm (+\/-2 cm);<br \/>\nM - 40 cm x 60 cm, 100 cm x 135 cm (+\/-2 cm);<br \/>\nL - 50cm x 60cm, 120cm x 170cm (+\/-2cm).<\/p>\n<p>Composition - 100% premium bamboo fabric with OEKO-TEX 100 Class I certificate.<\/p>\n<p>The filling is an anti-allergic, breathable silicone non-woven fabric sewn to the outer fabrics. The filler does not move or change its structure during washing and use.<\/p>\n<p>Washing method:<br \/>\nWash in the washing machine delicate program 30\u00b0;<br \/>\nDo not tumble dry;<br \/>\nDo not hand wash;<br \/>\nIroning with no higher than medium heat is recommended.<\/p>\n<p>Attention - natural fabrics can shrink. A set of bamboo fabric can naturally wear out due to too frequent washing, storage in the sun - the fabric can become fluffy or puffy, and the colors will no longer be as intense.<\/p>\n\t\t<\/div>\n\t\t<\/div><\/div><\/div><\/div>\n<\/section>","protected":false},"excerpt":{"rendered":"<p>Pillow and blanket set, made of bamboo material, with sewn-in filling.<\/p>\n<p>The set is made of 100% bamboo fabric. The filling is an anti-allergic silicone non-woven fabric, elastic and undoubtedly soft.<\/p>\n<p>You can choose the set from 3 sizes:<br \/>\nS - for babies up to about 9 months. The pillow is flat, and the blanket is soft and fluffy;<br \/>\nM - for babies up to 3 years old. The pillow is flat;<br \/>\nL - for children from 3 to 7 years old. The pillow is fluffy.<\/p>\n<p>Sewn by hand.<\/p>\n<p><strong>Product preparation and delivery in 1-1.5 weeks.<\/strong><\/p>","protected":false},"featured_media":8450,"comment_status":"closed","ping_status":"closed","template":"","meta":[],"product_cat":[75,78],"product_tag":[],"yoast_head":"<!-- This site is optimized with the Yoast SEO plugin v21.0 - https:\/\/yoast.com\/wordpress\/plugins\/seo\/ -->\n<title>Vaiki\u0161kas pagalv\u0117s ir antklod\u0117s komplektas i\u0161 100% bambuko - Savannah - Dreamy Bunny - prek\u0117s vaikams<\/title>\n<meta name=\"description\" content=\"Vaiki\u0161kas pagalv\u0117s ir antklod\u0117s komplektas i\u0161 100% bambuko - Savannah ir kitos vaik\u0173 prek\u0117s. Prek\u0117s valgymui, miegui, \u017eaidimams, vaik\u0173 tekstil\u0117, prek\u0117s kambariui ir kitos prek\u0117s vaikams.\" \/>\n<meta name=\"robots\" content=\"index, follow, max-snippet:-1, max-image-preview:large, max-video-preview:-1\" \/>\n<link rel=\"canonical\" href=\"https:\/\/dreamybunny.lt\/en\/product\/vaikiskas-pagalves-ir-antklodes-komplektas-is-100-bambuko-savannah\/\" \/>\n<meta property=\"og:locale\" content=\"en_US\" \/>\n<meta property=\"og:type\" content=\"article\" \/>\n<meta property=\"og:title\" content=\"Vaiki\u0161kas pagalv\u0117s ir antklod\u0117s komplektas i\u0161 100% bambuko - Savannah - Dreamy Bunny - prek\u0117s vaikams\" \/>\n<meta property=\"og:description\" content=\"Vaiki\u0161kas pagalv\u0117s ir antklod\u0117s komplektas i\u0161 100% bambuko - Savannah ir kitos vaik\u0173 prek\u0117s. Prek\u0117s valgymui, miegui, \u017eaidimams, vaik\u0173 tekstil\u0117, prek\u0117s kambariui ir kitos prek\u0117s vaikams.\" \/>\n<meta property=\"og:url\" content=\"https:\/\/dreamybunny.lt\/en\/product\/vaikiskas-pagalves-ir-antklodes-komplektas-is-100-bambuko-savannah\/\" \/>\n<meta property=\"og:site_name\" content=\"Dreamy Bunny - prek\u0117s vaikams\" \/>\n<meta property=\"article:modified_time\" content=\"2023-05-15T20:15:45+00:00\" \/>\n<meta property=\"og:image\" content=\"https:\/\/dreamybunny.lt\/wp-content\/uploads\/2023\/03\/Vaikiskas-pagalves-ir-antklodes-komplektas-is-100-bambuko-Savannah3.jpg\" \/>\n\t<meta property=\"og:image:width\" content=\"1000\" \/>\n\t<meta property=\"og:image:height\" content=\"1000\" \/>\n\t<meta property=\"og:image:type\" content=\"image\/jpeg\" \/>\n<meta name=\"twitter:card\" content=\"summary_large_image\" \/>\n<meta name=\"twitter:label1\" content=\"Est. reading time\" \/>\n\t<meta name=\"twitter:data1\" content=\"2 minutes\" \/>\n<script type=\"application\/ld+json\" class=\"yoast-schema-graph\">{\"@context\":\"https:\/\/schema.org\",\"@graph\":[{\"@type\":\"WebPage\",\"@id\":\"https:\/\/dreamybunny.lt\/en\/product\/vaikiskas-pagalves-ir-antklodes-komplektas-is-100-bambuko-savannah\/\",\"url\":\"https:\/\/dreamybunny.lt\/en\/product\/vaikiskas-pagalves-ir-antklodes-komplektas-is-100-bambuko-savannah\/\",\"name\":\"Vaiki\u0161kas pagalv\u0117s ir antklod\u0117s komplektas i\u0161 100% bambuko - Savannah - Dreamy Bunny - prek\u0117s vaikams\",\"isPartOf\":{\"@id\":\"https:\/\/dreamybunny.lt\/#website\"},\"datePublished\":\"2023-03-16T10:12:02+00:00\",\"dateModified\":\"2023-05-15T20:15:45+00:00\",\"description\":\"Vaiki\u0161kas pagalv\u0117s ir antklod\u0117s komplektas i\u0161 100% bambuko - Savannah ir kitos vaik\u0173 prek\u0117s. Prek\u0117s valgymui, miegui, \u017eaidimams, vaik\u0173 tekstil\u0117, prek\u0117s kambariui ir kitos prek\u0117s vaikams.\",\"breadcrumb\":{\"@id\":\"https:\/\/dreamybunny.lt\/en\/product\/vaikiskas-pagalves-ir-antklodes-komplektas-is-100-bambuko-savannah\/#breadcrumb\"},\"inLanguage\":\"en-US\",\"potentialAction\":[{\"@type\":\"ReadAction\",\"target\":[\"https:\/\/dreamybunny.lt\/en\/product\/vaikiskas-pagalves-ir-antklodes-komplektas-is-100-bambuko-savannah\/\"]}]},{\"@type\":\"BreadcrumbList\",\"@id\":\"https:\/\/dreamybunny.lt\/en\/product\/vaikiskas-pagalves-ir-antklodes-komplektas-is-100-bambuko-savannah\/#breadcrumb\",\"itemListElement\":[{\"@type\":\"ListItem\",\"position\":1,\"name\":\"Home\",\"item\":\"https:\/\/dreamybunny.lt\/\"},{\"@type\":\"ListItem\",\"position\":2,\"name\":\"Parduotuv\u0117\",\"item\":\"https:\/\/dreamybunny.lt\/parduotuve\/\"},{\"@type\":\"ListItem\",\"position\":3,\"name\":\"Vaiki\u0161kas pagalv\u0117s ir antklod\u0117s komplektas i\u0161 100% bambuko &#8211; Savannah\"}]},{\"@type\":\"WebSite\",\"@id\":\"https:\/\/dreamybunny.lt\/#website\",\"url\":\"https:\/\/dreamybunny.lt\/\",\"name\":\"Dreamy Bunny - prek\u0117s vaikams\",\"description\":\"\",\"publisher\":{\"@id\":\"https:\/\/dreamybunny.lt\/#organization\"},\"potentialAction\":[{\"@type\":\"SearchAction\",\"target\":{\"@type\":\"EntryPoint\",\"urlTemplate\":\"https:\/\/dreamybunny.lt\/?s={search_term_string}\"},\"query-input\":\"required name=search_term_string\"}],\"inLanguage\":\"en-US\"},{\"@type\":\"Organization\",\"@id\":\"https:\/\/dreamybunny.lt\/#organization\",\"name\":\"MB DREAMY BUNNY\",\"url\":\"https:\/\/dreamybunny.lt\/\",\"logo\":{\"@type\":\"ImageObject\",\"inLanguage\":\"en-US\",\"@id\":\"https:\/\/dreamybunny.lt\/#\/schema\/logo\/image\/\",\"url\":\"http:\/\/dreamybunny.lt\/wp-content\/uploads\/2023\/01\/logo.png\",\"contentUrl\":\"http:\/\/dreamybunny.lt\/wp-content\/uploads\/2023\/01\/logo.png\",\"width\":500,\"height\":500,\"caption\":\"MB DREAMY BUNNY\"},\"image\":{\"@id\":\"https:\/\/dreamybunny.lt\/#\/schema\/logo\/image\/\"}}]}<\/script>\n<!-- \/ Yoast SEO plugin. -->","yoast_head_json":{"title":"Vaiki\u0161kas pagalv\u0117s ir antklod\u0117s komplektas i\u0161 100% bambuko - Savannah - Dreamy Bunny - prek\u0117s vaikams","description":"Vaiki\u0161kas pagalv\u0117s ir antklod\u0117s komplektas i\u0161 100% bambuko - Savannah ir kitos vaik\u0173 prek\u0117s. Prek\u0117s valgymui, miegui, \u017eaidimams, vaik\u0173 tekstil\u0117, prek\u0117s kambariui ir kitos prek\u0117s vaikams.","robots":{"index":"index","follow":"follow","max-snippet":"max-snippet:-1","max-image-preview":"max-image-preview:large","max-video-preview":"max-video-preview:-1"},"canonical":"https:\/\/dreamybunny.lt\/en\/product\/vaikiskas-pagalves-ir-antklodes-komplektas-is-100-bambuko-savannah\/","og_locale":"en_US","og_type":"article","og_title":"Vaiki\u0161kas pagalv\u0117s ir antklod\u0117s komplektas i\u0161 100% bambuko - Savannah - Dreamy Bunny - prek\u0117s vaikams","og_description":"Vaiki\u0161kas pagalv\u0117s ir antklod\u0117s komplektas i\u0161 100% bambuko - Savannah ir kitos vaik\u0173 prek\u0117s. Prek\u0117s valgymui, miegui, \u017eaidimams, vaik\u0173 tekstil\u0117, prek\u0117s kambariui ir kitos prek\u0117s vaikams.","og_url":"https:\/\/dreamybunny.lt\/en\/product\/vaikiskas-pagalves-ir-antklodes-komplektas-is-100-bambuko-savannah\/","og_site_name":"Dreamy Bunny - prek\u0117s vaikams","article_modified_time":"2023-05-15T20:15:45+00:00","og_image":[{"width":1000,"height":1000,"url":"https:\/\/dreamybunny.lt\/wp-content\/uploads\/2023\/03\/Vaikiskas-pagalves-ir-antklodes-komplektas-is-100-bambuko-Savannah3.jpg","type":"image\/jpeg"}],"twitter_card":"summary_large_image","twitter_misc":{"Est. reading time":"2 minutes"},"schema":{"@context":"https:\/\/schema.org","@graph":[{"@type":"WebPage","@id":"https:\/\/dreamybunny.lt\/en\/product\/vaikiskas-pagalves-ir-antklodes-komplektas-is-100-bambuko-savannah\/","url":"https:\/\/dreamybunny.lt\/en\/product\/vaikiskas-pagalves-ir-antklodes-komplektas-is-100-bambuko-savannah\/","name":"Vaiki\u0161kas pagalv\u0117s ir antklod\u0117s komplektas i\u0161 100% bambuko - Savannah - Dreamy Bunny - prek\u0117s vaikams","isPartOf":{"@id":"https:\/\/dreamybunny.lt\/#website"},"datePublished":"2023-03-16T10:12:02+00:00","dateModified":"2023-05-15T20:15:45+00:00","description":"Vaiki\u0161kas pagalv\u0117s ir antklod\u0117s komplektas i\u0161 100% bambuko - Savannah ir kitos vaik\u0173 prek\u0117s. Prek\u0117s valgymui, miegui, \u017eaidimams, vaik\u0173 tekstil\u0117, prek\u0117s kambariui ir kitos prek\u0117s vaikams.","breadcrumb":{"@id":"https:\/\/dreamybunny.lt\/en\/product\/vaikiskas-pagalves-ir-antklodes-komplektas-is-100-bambuko-savannah\/#breadcrumb"},"inLanguage":"en-US","potentialAction":[{"@type":"ReadAction","target":["https:\/\/dreamybunny.lt\/en\/product\/vaikiskas-pagalves-ir-antklodes-komplektas-is-100-bambuko-savannah\/"]}]},{"@type":"BreadcrumbList","@id":"https:\/\/dreamybunny.lt\/en\/product\/vaikiskas-pagalves-ir-antklodes-komplektas-is-100-bambuko-savannah\/#breadcrumb","itemListElement":[{"@type":"ListItem","position":1,"name":"Home","item":"https:\/\/dreamybunny.lt\/"},{"@type":"ListItem","position":2,"name":"Parduotuv\u0117","item":"https:\/\/dreamybunny.lt\/parduotuve\/"},{"@type":"ListItem","position":3,"name":"Vaiki\u0161kas pagalv\u0117s ir antklod\u0117s komplektas i\u0161 100% bambuko &#8211; Savannah"}]},{"@type":"WebSite","@id":"https:\/\/dreamybunny.lt\/#website","url":"https:\/\/dreamybunny.lt\/","name":"Dreamy Bunny - prek\u0117s vaikams","description":"","publisher":{"@id":"https:\/\/dreamybunny.lt\/#organization"},"potentialAction":[{"@type":"SearchAction","target":{"@type":"EntryPoint","urlTemplate":"https:\/\/dreamybunny.lt\/?s={search_term_string}"},"query-input":"required name=search_term_string"}],"inLanguage":"en-US"},{"@type":"Organization","@id":"https:\/\/dreamybunny.lt\/#organization","name":"MB DREAMY BUNNY","url":"https:\/\/dreamybunny.lt\/","logo":{"@type":"ImageObject","inLanguage":"en-US","@id":"https:\/\/dreamybunny.lt\/#\/schema\/logo\/image\/","url":"http:\/\/dreamybunny.lt\/wp-content\/uploads\/2023\/01\/logo.png","contentUrl":"http:\/\/dreamybunny.lt\/wp-content\/uploads\/2023\/01\/logo.png","width":500,"height":500,"caption":"MB DREAMY BUNNY"},"image":{"@id":"https:\/\/dreamybunny.lt\/#\/schema\/logo\/image\/"}}]}},"_links":{"self":[{"href":"https:\/\/dreamybunny.lt\/en\/wp-json\/wp\/v2\/product\/8446"}],"collection":[{"href":"https:\/\/dreamybunny.lt\/en\/wp-json\/wp\/v2\/product"}],"about":[{"href":"https:\/\/dreamybunny.lt\/en\/wp-json\/wp\/v2\/types\/product"}],"replies":[{"embeddable":true,"href":"https:\/\/dreamybunny.lt\/en\/wp-json\/wp\/v2\/comments?post=8446"}],"wp:featuredmedia":[{"embeddable":true,"href":"https:\/\/dreamybunny.lt\/en\/wp-json\/wp\/v2\/media\/8450"}],"wp:attachment":[{"href":"https:\/\/dreamybunny.lt\/en\/wp-json\/wp\/v2\/media?parent=8446"}],"wp:term":[{"taxonomy":"product_cat","embeddable":true,"href":"https:\/\/dreamybunny.lt\/en\/wp-json\/wp\/v2\/product_cat?post=8446"},{"taxonomy":"product_tag","embeddable":true,"href":"https:\/\/dreamybunny.lt\/en\/wp-json\/wp\/v2\/product_tag?post=8446"}],"curies":[{"name":"wp","href":"https:\/\/api.w.org\/{rel}","templated":true}]}}