{"id":8617,"date":"2023-03-17T14:48:15","date_gmt":"2023-03-17T12:48:15","guid":{"rendered":"https:\/\/dreamybunny.lt\/?post_type=product&#038;p=8617"},"modified":"2023-05-17T16:18:44","modified_gmt":"2023-05-17T13:18:44","slug":"vaikiskas-pagalves-ir-antklodes-komplektas-is-medvilnes-woodland","status":"publish","type":"product","link":"https:\/\/dreamybunny.lt\/en\/product\/vaikiskas-pagalves-ir-antklodes-komplektas-is-medvilnes-woodland\/","title":{"rendered":"Children&#039;s cotton pillow and blanket set - Woodland"},"content":{"rendered":"<section class=\"wpb-content-wrapper\"><div class=\"vc_row wpb_row vc_row-fluid vc_row-o-equal-height vc_row-flex wd-rs-63df7195dd723\"><div class=\"wpb_column vc_column_container vc_col-sm-12 vc_col-xs-12 wd-rs-63dc05d3bab9f\"><div class=\"vc_column-inner vc_custom_1675363805480\"><div class=\"wpb_wrapper\">\t\t<div id=\"wd-64131e9d694b4\" class=\"wd-text-block wd-wpb reset-last-child wd-rs-64131e9d694b4 text-left vc_custom_1678974630851\">\n\t\t\t<p>The set can be washed. After washing, 100 % feels fresh and clean. Washing the pillow and blanket itself, not just their covers, is the most ideal solution for allergic babies in order to minimize allergens.<\/p>\n<p>The S and M size pillow is flat, and the blanket is soft and fluffy. The L-sized pillow and blanket are fluffy.<\/p>\n<p>Do not forget that this set can be combined with other Makaszka products, thus taking into account not only the quality of items for the little one, but also fostering the harmony of style in her\/his environment. Makaszka pillows and blankets and other products are sewn by hand, cultivating care and attention to detail, and the highest quality fabrics ensure the durability of the products.<\/p>\n<p>This set is a great idea for a gift - on the occasion of welcoming a baby, for the first &quot;favors&quot; or for another important holiday.<\/p>\n<p>Dimensions:<br \/>\nS \u2013 30 cm x 40 cm, 75 cm x 90 cm (+\/-2 cm);<br \/>\nM - 40 cm x 60 cm, 100 cm x 135 cm (+\/-2 cm);<br \/>\nL - 50cm x 60cm, 120cm x 170cm (+\/-2cm).<\/p>\n<p>Composition - 100% premium cotton with OEKO-TEX 100 Class I certificate.<\/p>\n<p>The filling is an anti-allergic, breathable silicone non-woven fabric sewn to the outer fabrics. The filler does not move or change its structure during washing and use.<\/p>\n<p>Washing method:<br \/>\nWash in the washing machine delicate program 30\u00b0;<br \/>\nDo not tumble dry;<br \/>\nDo not hand wash;<br \/>\nIroning with no higher than medium heat is recommended.<\/p>\n\t\t<\/div>\n\t\t<\/div><\/div><\/div><\/div>\n<\/section>","protected":false},"excerpt":{"rendered":"<p>Pillow and blanket set, made of the highest quality cotton, with sewn-in filling.<\/p>\n<p>You can choose the set from 3 sizes:<br \/>\nS - for babies up to about 9 months. The pillow is flat, and the blanket is soft and fluffy;<br \/>\nM - for babies up to 3 years old. The pillow is flat;<br \/>\nL - for children from 3 to 7 years old. The pillow is fluffy.<\/p>\n<p>Sewn by hand.<\/p>\n<p><strong>Product preparation and delivery in 1-1.5 weeks.<\/strong><\/p>","protected":false},"featured_media":8621,"comment_status":"closed","ping_status":"closed","template":"","meta":[],"product_cat":[75,78],"product_tag":[],"yoast_head":"<!-- This site is optimized with the Yoast SEO plugin v21.0 - https:\/\/yoast.com\/wordpress\/plugins\/seo\/ -->\n<title>Vaiki\u0161kas pagalv\u0117s ir antklod\u0117s komplektas i\u0161 medviln\u0117s - Woodland - Dreamy Bunny - prek\u0117s vaikams<\/title>\n<meta name=\"description\" content=\"Vaiki\u0161kas pagalv\u0117s ir antklod\u0117s komplektas i\u0161 medviln\u0117s - Woodland ir kitos vaik\u0173 prek\u0117s. Prek\u0117s valgymui, miegui, \u017eaidimams, vaik\u0173 tekstil\u0117, prek\u0117s kambariui ir kitos prek\u0117s vaikams.\" \/>\n<meta name=\"robots\" content=\"index, follow, max-snippet:-1, max-image-preview:large, max-video-preview:-1\" \/>\n<link rel=\"canonical\" href=\"https:\/\/dreamybunny.lt\/en\/product\/vaikiskas-pagalves-ir-antklodes-komplektas-is-medvilnes-woodland\/\" \/>\n<meta property=\"og:locale\" content=\"en_US\" \/>\n<meta property=\"og:type\" content=\"article\" \/>\n<meta property=\"og:title\" content=\"Vaiki\u0161kas pagalv\u0117s ir antklod\u0117s komplektas i\u0161 medviln\u0117s - Woodland - Dreamy Bunny - prek\u0117s vaikams\" \/>\n<meta property=\"og:description\" content=\"Vaiki\u0161kas pagalv\u0117s ir antklod\u0117s komplektas i\u0161 medviln\u0117s - Woodland ir kitos vaik\u0173 prek\u0117s. Prek\u0117s valgymui, miegui, \u017eaidimams, vaik\u0173 tekstil\u0117, prek\u0117s kambariui ir kitos prek\u0117s vaikams.\" \/>\n<meta property=\"og:url\" content=\"https:\/\/dreamybunny.lt\/en\/product\/vaikiskas-pagalves-ir-antklodes-komplektas-is-medvilnes-woodland\/\" \/>\n<meta property=\"og:site_name\" content=\"Dreamy Bunny - prek\u0117s vaikams\" \/>\n<meta property=\"article:modified_time\" content=\"2023-05-17T13:18:44+00:00\" \/>\n<meta property=\"og:image\" content=\"https:\/\/dreamybunny.lt\/wp-content\/uploads\/2023\/03\/Vaikiskas-pagalves-ir-antklodes-komplektas-is-medvilnes-Woodland11.jpg\" \/>\n\t<meta property=\"og:image:width\" content=\"1000\" \/>\n\t<meta property=\"og:image:height\" content=\"1000\" \/>\n\t<meta property=\"og:image:type\" content=\"image\/jpeg\" \/>\n<meta name=\"twitter:card\" content=\"summary_large_image\" \/>\n<meta name=\"twitter:label1\" content=\"Est. reading time\" \/>\n\t<meta name=\"twitter:data1\" content=\"2 minutes\" \/>\n<script type=\"application\/ld+json\" class=\"yoast-schema-graph\">{\"@context\":\"https:\/\/schema.org\",\"@graph\":[{\"@type\":\"WebPage\",\"@id\":\"https:\/\/dreamybunny.lt\/en\/product\/vaikiskas-pagalves-ir-antklodes-komplektas-is-medvilnes-woodland\/\",\"url\":\"https:\/\/dreamybunny.lt\/en\/product\/vaikiskas-pagalves-ir-antklodes-komplektas-is-medvilnes-woodland\/\",\"name\":\"Vaiki\u0161kas pagalv\u0117s ir antklod\u0117s komplektas i\u0161 medviln\u0117s - Woodland - Dreamy Bunny - prek\u0117s vaikams\",\"isPartOf\":{\"@id\":\"https:\/\/dreamybunny.lt\/#website\"},\"datePublished\":\"2023-03-17T12:48:15+00:00\",\"dateModified\":\"2023-05-17T13:18:44+00:00\",\"description\":\"Vaiki\u0161kas pagalv\u0117s ir antklod\u0117s komplektas i\u0161 medviln\u0117s - Woodland ir kitos vaik\u0173 prek\u0117s. Prek\u0117s valgymui, miegui, \u017eaidimams, vaik\u0173 tekstil\u0117, prek\u0117s kambariui ir kitos prek\u0117s vaikams.\",\"breadcrumb\":{\"@id\":\"https:\/\/dreamybunny.lt\/en\/product\/vaikiskas-pagalves-ir-antklodes-komplektas-is-medvilnes-woodland\/#breadcrumb\"},\"inLanguage\":\"en-US\",\"potentialAction\":[{\"@type\":\"ReadAction\",\"target\":[\"https:\/\/dreamybunny.lt\/en\/product\/vaikiskas-pagalves-ir-antklodes-komplektas-is-medvilnes-woodland\/\"]}]},{\"@type\":\"BreadcrumbList\",\"@id\":\"https:\/\/dreamybunny.lt\/en\/product\/vaikiskas-pagalves-ir-antklodes-komplektas-is-medvilnes-woodland\/#breadcrumb\",\"itemListElement\":[{\"@type\":\"ListItem\",\"position\":1,\"name\":\"Home\",\"item\":\"https:\/\/dreamybunny.lt\/\"},{\"@type\":\"ListItem\",\"position\":2,\"name\":\"Parduotuv\u0117\",\"item\":\"https:\/\/dreamybunny.lt\/parduotuve\/\"},{\"@type\":\"ListItem\",\"position\":3,\"name\":\"Vaiki\u0161kas pagalv\u0117s ir antklod\u0117s komplektas i\u0161 medviln\u0117s &#8211; Woodland\"}]},{\"@type\":\"WebSite\",\"@id\":\"https:\/\/dreamybunny.lt\/#website\",\"url\":\"https:\/\/dreamybunny.lt\/\",\"name\":\"Dreamy Bunny - prek\u0117s vaikams\",\"description\":\"\",\"publisher\":{\"@id\":\"https:\/\/dreamybunny.lt\/#organization\"},\"potentialAction\":[{\"@type\":\"SearchAction\",\"target\":{\"@type\":\"EntryPoint\",\"urlTemplate\":\"https:\/\/dreamybunny.lt\/?s={search_term_string}\"},\"query-input\":\"required name=search_term_string\"}],\"inLanguage\":\"en-US\"},{\"@type\":\"Organization\",\"@id\":\"https:\/\/dreamybunny.lt\/#organization\",\"name\":\"MB DREAMY BUNNY\",\"url\":\"https:\/\/dreamybunny.lt\/\",\"logo\":{\"@type\":\"ImageObject\",\"inLanguage\":\"en-US\",\"@id\":\"https:\/\/dreamybunny.lt\/#\/schema\/logo\/image\/\",\"url\":\"http:\/\/dreamybunny.lt\/wp-content\/uploads\/2023\/01\/logo.png\",\"contentUrl\":\"http:\/\/dreamybunny.lt\/wp-content\/uploads\/2023\/01\/logo.png\",\"width\":500,\"height\":500,\"caption\":\"MB DREAMY BUNNY\"},\"image\":{\"@id\":\"https:\/\/dreamybunny.lt\/#\/schema\/logo\/image\/\"}}]}<\/script>\n<!-- \/ Yoast SEO plugin. -->","yoast_head_json":{"title":"Vaiki\u0161kas pagalv\u0117s ir antklod\u0117s komplektas i\u0161 medviln\u0117s - Woodland - Dreamy Bunny - prek\u0117s vaikams","description":"Vaiki\u0161kas pagalv\u0117s ir antklod\u0117s komplektas i\u0161 medviln\u0117s - Woodland ir kitos vaik\u0173 prek\u0117s. Prek\u0117s valgymui, miegui, \u017eaidimams, vaik\u0173 tekstil\u0117, prek\u0117s kambariui ir kitos prek\u0117s vaikams.","robots":{"index":"index","follow":"follow","max-snippet":"max-snippet:-1","max-image-preview":"max-image-preview:large","max-video-preview":"max-video-preview:-1"},"canonical":"https:\/\/dreamybunny.lt\/en\/product\/vaikiskas-pagalves-ir-antklodes-komplektas-is-medvilnes-woodland\/","og_locale":"en_US","og_type":"article","og_title":"Vaiki\u0161kas pagalv\u0117s ir antklod\u0117s komplektas i\u0161 medviln\u0117s - Woodland - Dreamy Bunny - prek\u0117s vaikams","og_description":"Vaiki\u0161kas pagalv\u0117s ir antklod\u0117s komplektas i\u0161 medviln\u0117s - Woodland ir kitos vaik\u0173 prek\u0117s. Prek\u0117s valgymui, miegui, \u017eaidimams, vaik\u0173 tekstil\u0117, prek\u0117s kambariui ir kitos prek\u0117s vaikams.","og_url":"https:\/\/dreamybunny.lt\/en\/product\/vaikiskas-pagalves-ir-antklodes-komplektas-is-medvilnes-woodland\/","og_site_name":"Dreamy Bunny - prek\u0117s vaikams","article_modified_time":"2023-05-17T13:18:44+00:00","og_image":[{"width":1000,"height":1000,"url":"https:\/\/dreamybunny.lt\/wp-content\/uploads\/2023\/03\/Vaikiskas-pagalves-ir-antklodes-komplektas-is-medvilnes-Woodland11.jpg","type":"image\/jpeg"}],"twitter_card":"summary_large_image","twitter_misc":{"Est. reading time":"2 minutes"},"schema":{"@context":"https:\/\/schema.org","@graph":[{"@type":"WebPage","@id":"https:\/\/dreamybunny.lt\/en\/product\/vaikiskas-pagalves-ir-antklodes-komplektas-is-medvilnes-woodland\/","url":"https:\/\/dreamybunny.lt\/en\/product\/vaikiskas-pagalves-ir-antklodes-komplektas-is-medvilnes-woodland\/","name":"Vaiki\u0161kas pagalv\u0117s ir antklod\u0117s komplektas i\u0161 medviln\u0117s - Woodland - Dreamy Bunny - prek\u0117s vaikams","isPartOf":{"@id":"https:\/\/dreamybunny.lt\/#website"},"datePublished":"2023-03-17T12:48:15+00:00","dateModified":"2023-05-17T13:18:44+00:00","description":"Vaiki\u0161kas pagalv\u0117s ir antklod\u0117s komplektas i\u0161 medviln\u0117s - Woodland ir kitos vaik\u0173 prek\u0117s. Prek\u0117s valgymui, miegui, \u017eaidimams, vaik\u0173 tekstil\u0117, prek\u0117s kambariui ir kitos prek\u0117s vaikams.","breadcrumb":{"@id":"https:\/\/dreamybunny.lt\/en\/product\/vaikiskas-pagalves-ir-antklodes-komplektas-is-medvilnes-woodland\/#breadcrumb"},"inLanguage":"en-US","potentialAction":[{"@type":"ReadAction","target":["https:\/\/dreamybunny.lt\/en\/product\/vaikiskas-pagalves-ir-antklodes-komplektas-is-medvilnes-woodland\/"]}]},{"@type":"BreadcrumbList","@id":"https:\/\/dreamybunny.lt\/en\/product\/vaikiskas-pagalves-ir-antklodes-komplektas-is-medvilnes-woodland\/#breadcrumb","itemListElement":[{"@type":"ListItem","position":1,"name":"Home","item":"https:\/\/dreamybunny.lt\/"},{"@type":"ListItem","position":2,"name":"Parduotuv\u0117","item":"https:\/\/dreamybunny.lt\/parduotuve\/"},{"@type":"ListItem","position":3,"name":"Vaiki\u0161kas pagalv\u0117s ir antklod\u0117s komplektas i\u0161 medviln\u0117s &#8211; Woodland"}]},{"@type":"WebSite","@id":"https:\/\/dreamybunny.lt\/#website","url":"https:\/\/dreamybunny.lt\/","name":"Dreamy Bunny - prek\u0117s vaikams","description":"","publisher":{"@id":"https:\/\/dreamybunny.lt\/#organization"},"potentialAction":[{"@type":"SearchAction","target":{"@type":"EntryPoint","urlTemplate":"https:\/\/dreamybunny.lt\/?s={search_term_string}"},"query-input":"required name=search_term_string"}],"inLanguage":"en-US"},{"@type":"Organization","@id":"https:\/\/dreamybunny.lt\/#organization","name":"MB DREAMY BUNNY","url":"https:\/\/dreamybunny.lt\/","logo":{"@type":"ImageObject","inLanguage":"en-US","@id":"https:\/\/dreamybunny.lt\/#\/schema\/logo\/image\/","url":"http:\/\/dreamybunny.lt\/wp-content\/uploads\/2023\/01\/logo.png","contentUrl":"http:\/\/dreamybunny.lt\/wp-content\/uploads\/2023\/01\/logo.png","width":500,"height":500,"caption":"MB DREAMY BUNNY"},"image":{"@id":"https:\/\/dreamybunny.lt\/#\/schema\/logo\/image\/"}}]}},"_links":{"self":[{"href":"https:\/\/dreamybunny.lt\/en\/wp-json\/wp\/v2\/product\/8617"}],"collection":[{"href":"https:\/\/dreamybunny.lt\/en\/wp-json\/wp\/v2\/product"}],"about":[{"href":"https:\/\/dreamybunny.lt\/en\/wp-json\/wp\/v2\/types\/product"}],"replies":[{"embeddable":true,"href":"https:\/\/dreamybunny.lt\/en\/wp-json\/wp\/v2\/comments?post=8617"}],"wp:featuredmedia":[{"embeddable":true,"href":"https:\/\/dreamybunny.lt\/en\/wp-json\/wp\/v2\/media\/8621"}],"wp:attachment":[{"href":"https:\/\/dreamybunny.lt\/en\/wp-json\/wp\/v2\/media?parent=8617"}],"wp:term":[{"taxonomy":"product_cat","embeddable":true,"href":"https:\/\/dreamybunny.lt\/en\/wp-json\/wp\/v2\/product_cat?post=8617"},{"taxonomy":"product_tag","embeddable":true,"href":"https:\/\/dreamybunny.lt\/en\/wp-json\/wp\/v2\/product_tag?post=8617"}],"curies":[{"name":"wp","href":"https:\/\/api.w.org\/{rel}","templated":true}]}}