{"id":8637,"date":"2023-03-21T15:04:53","date_gmt":"2023-03-21T13:04:53","guid":{"rendered":"https:\/\/dreamybunny.lt\/?post_type=product&#038;p=8637"},"modified":"2023-04-12T13:24:57","modified_gmt":"2023-04-12T10:24:57","slug":"zaidimu-kilimelis-ecru","status":"publish","type":"product","link":"https:\/\/dreamybunny.lt\/en\/product\/zaidimu-kilimelis-ecru\/","title":{"rendered":"Game mat - Ecru"},"content":{"rendered":"<section class=\"wpb-content-wrapper\"><div class=\"vc_row wpb_row vc_row-fluid vc_row-o-equal-height vc_row-flex wd-rs-63df7195dd723\"><div class=\"wpb_column vc_column_container vc_col-sm-12 vc_col-xs-12 wd-rs-63dc05d3bab9f\"><div class=\"vc_column-inner vc_custom_1675363805480\"><div class=\"wpb_wrapper\">\t\t<div id=\"wd-641a14052caac\" class=\"wd-text-block wd-wpb reset-last-child wd-rs-641a14052caac text-left vc_custom_1679430665689\">\n\t\t\t<p>The play mat has a cushioning surface, so it is very convenient to use it under the swing or next to the slide. If the baby slips and falls, the soft surface will protect him.<\/p>\n<p>Play mats are designed to look great in home interiors. Of course, the play mats can be combined with other products in the Eeveve collection.<\/p>\n<p>Eeveve play mats are CE certified, comply with European EN71 standards and REACH approved<\/p>\n<p>Dimensions:<br \/>\n180 cm x 120 cm;<br \/>\n12 mm thickness;<br \/>\n1 tile 60 cm x 60 cm.<\/p>\n<p>There are 6 &quot;tiles&quot; in the package.<\/p>\n<p>Material:<br \/>\nMade of high quality EVA foam;<br \/>\nNon-toxic, formamide-free;<br \/>\nEasy to clean;<br \/>\nDoes not slip;<br \/>\nSoft and smooth;<br \/>\nNon-allergenic surface.<\/p>\n<p>Cleaning method:<br \/>\nClean with a damp cloth or the soft side of a sponge;<br \/>\nWe highly recommend daily cleaning;<br \/>\nLeave the mat to dry naturally or dry with a cloth; Do not clean with products containing acid or chlorine.<\/p>\n\t\t<\/div>\n\t\t<\/div><\/div><\/div><\/div>\n<\/section>","protected":false},"excerpt":{"rendered":"<p>The play mat is ideal for babies and toddlers to play, learn to crawl, roll over and more! However, this play mat is also perfect for parents to practice yoga or pilates.<\/p>\n<p>The high-quality mats are very soft and have a water-resistant surface.<\/p>\n<p><strong>Product delivery in 2-3 days<\/strong><\/p>","protected":false},"featured_media":8641,"comment_status":"closed","ping_status":"closed","template":"","meta":[],"product_cat":[94,97],"product_tag":[],"yoast_head":"<!-- This site is optimized with the Yoast SEO plugin v21.0 - https:\/\/yoast.com\/wordpress\/plugins\/seo\/ -->\n<title>\u017daidim\u0173 kilim\u0117lis - Ecru - Dreamy Bunny - prek\u0117s vaikams<\/title>\n<meta name=\"description\" content=\"\u017daidim\u0173 kilim\u0117lis - Ecru ir kitos vaik\u0173 prek\u0117s. Prek\u0117s valgymui, miegui, \u017eaidimams, vaik\u0173 tekstil\u0117, prek\u0117s kambariui ir kitos prek\u0117s vaikams.\" \/>\n<meta name=\"robots\" content=\"index, follow, max-snippet:-1, max-image-preview:large, max-video-preview:-1\" \/>\n<link rel=\"canonical\" href=\"https:\/\/dreamybunny.lt\/en\/product\/zaidimu-kilimelis-ecru\/\" \/>\n<meta property=\"og:locale\" content=\"en_US\" \/>\n<meta property=\"og:type\" content=\"article\" \/>\n<meta property=\"og:title\" content=\"\u017daidim\u0173 kilim\u0117lis - Ecru - Dreamy Bunny - prek\u0117s vaikams\" \/>\n<meta property=\"og:description\" content=\"\u017daidim\u0173 kilim\u0117lis - Ecru ir kitos vaik\u0173 prek\u0117s. Prek\u0117s valgymui, miegui, \u017eaidimams, vaik\u0173 tekstil\u0117, prek\u0117s kambariui ir kitos prek\u0117s vaikams.\" \/>\n<meta property=\"og:url\" content=\"https:\/\/dreamybunny.lt\/en\/product\/zaidimu-kilimelis-ecru\/\" \/>\n<meta property=\"og:site_name\" content=\"Dreamy Bunny - prek\u0117s vaikams\" \/>\n<meta property=\"article:modified_time\" content=\"2023-04-12T10:24:57+00:00\" \/>\n<meta property=\"og:image\" content=\"https:\/\/dreamybunny.lt\/wp-content\/uploads\/2023\/03\/eeveve_zaidimu_kilimelis_ecru-scaled.jpeg\" \/>\n\t<meta property=\"og:image:width\" content=\"2560\" \/>\n\t<meta property=\"og:image:height\" content=\"1707\" \/>\n\t<meta property=\"og:image:type\" content=\"image\/jpeg\" \/>\n<meta name=\"twitter:card\" content=\"summary_large_image\" \/>\n<meta name=\"twitter:label1\" content=\"Est. reading time\" \/>\n\t<meta name=\"twitter:data1\" content=\"1 minute\" \/>\n<script type=\"application\/ld+json\" class=\"yoast-schema-graph\">{\"@context\":\"https:\/\/schema.org\",\"@graph\":[{\"@type\":\"WebPage\",\"@id\":\"https:\/\/dreamybunny.lt\/en\/product\/zaidimu-kilimelis-ecru\/\",\"url\":\"https:\/\/dreamybunny.lt\/en\/product\/zaidimu-kilimelis-ecru\/\",\"name\":\"\u017daidim\u0173 kilim\u0117lis - Ecru - Dreamy Bunny - prek\u0117s vaikams\",\"isPartOf\":{\"@id\":\"https:\/\/dreamybunny.lt\/#website\"},\"datePublished\":\"2023-03-21T13:04:53+00:00\",\"dateModified\":\"2023-04-12T10:24:57+00:00\",\"description\":\"\u017daidim\u0173 kilim\u0117lis - Ecru ir kitos vaik\u0173 prek\u0117s. Prek\u0117s valgymui, miegui, \u017eaidimams, vaik\u0173 tekstil\u0117, prek\u0117s kambariui ir kitos prek\u0117s vaikams.\",\"breadcrumb\":{\"@id\":\"https:\/\/dreamybunny.lt\/en\/product\/zaidimu-kilimelis-ecru\/#breadcrumb\"},\"inLanguage\":\"en-US\",\"potentialAction\":[{\"@type\":\"ReadAction\",\"target\":[\"https:\/\/dreamybunny.lt\/en\/product\/zaidimu-kilimelis-ecru\/\"]}]},{\"@type\":\"BreadcrumbList\",\"@id\":\"https:\/\/dreamybunny.lt\/en\/product\/zaidimu-kilimelis-ecru\/#breadcrumb\",\"itemListElement\":[{\"@type\":\"ListItem\",\"position\":1,\"name\":\"Home\",\"item\":\"https:\/\/dreamybunny.lt\/\"},{\"@type\":\"ListItem\",\"position\":2,\"name\":\"Parduotuv\u0117\",\"item\":\"https:\/\/dreamybunny.lt\/parduotuve\/\"},{\"@type\":\"ListItem\",\"position\":3,\"name\":\"\u017daidim\u0173 kilim\u0117lis &#8211; Ecru\"}]},{\"@type\":\"WebSite\",\"@id\":\"https:\/\/dreamybunny.lt\/#website\",\"url\":\"https:\/\/dreamybunny.lt\/\",\"name\":\"Dreamy Bunny - prek\u0117s vaikams\",\"description\":\"\",\"publisher\":{\"@id\":\"https:\/\/dreamybunny.lt\/#organization\"},\"potentialAction\":[{\"@type\":\"SearchAction\",\"target\":{\"@type\":\"EntryPoint\",\"urlTemplate\":\"https:\/\/dreamybunny.lt\/?s={search_term_string}\"},\"query-input\":\"required name=search_term_string\"}],\"inLanguage\":\"en-US\"},{\"@type\":\"Organization\",\"@id\":\"https:\/\/dreamybunny.lt\/#organization\",\"name\":\"MB DREAMY BUNNY\",\"url\":\"https:\/\/dreamybunny.lt\/\",\"logo\":{\"@type\":\"ImageObject\",\"inLanguage\":\"en-US\",\"@id\":\"https:\/\/dreamybunny.lt\/#\/schema\/logo\/image\/\",\"url\":\"http:\/\/dreamybunny.lt\/wp-content\/uploads\/2023\/01\/logo.png\",\"contentUrl\":\"http:\/\/dreamybunny.lt\/wp-content\/uploads\/2023\/01\/logo.png\",\"width\":500,\"height\":500,\"caption\":\"MB DREAMY BUNNY\"},\"image\":{\"@id\":\"https:\/\/dreamybunny.lt\/#\/schema\/logo\/image\/\"}}]}<\/script>\n<!-- \/ Yoast SEO plugin. -->","yoast_head_json":{"title":"\u017daidim\u0173 kilim\u0117lis - Ecru - Dreamy Bunny - prek\u0117s vaikams","description":"\u017daidim\u0173 kilim\u0117lis - Ecru ir kitos vaik\u0173 prek\u0117s. Prek\u0117s valgymui, miegui, \u017eaidimams, vaik\u0173 tekstil\u0117, prek\u0117s kambariui ir kitos prek\u0117s vaikams.","robots":{"index":"index","follow":"follow","max-snippet":"max-snippet:-1","max-image-preview":"max-image-preview:large","max-video-preview":"max-video-preview:-1"},"canonical":"https:\/\/dreamybunny.lt\/en\/product\/zaidimu-kilimelis-ecru\/","og_locale":"en_US","og_type":"article","og_title":"\u017daidim\u0173 kilim\u0117lis - Ecru - Dreamy Bunny - prek\u0117s vaikams","og_description":"\u017daidim\u0173 kilim\u0117lis - Ecru ir kitos vaik\u0173 prek\u0117s. Prek\u0117s valgymui, miegui, \u017eaidimams, vaik\u0173 tekstil\u0117, prek\u0117s kambariui ir kitos prek\u0117s vaikams.","og_url":"https:\/\/dreamybunny.lt\/en\/product\/zaidimu-kilimelis-ecru\/","og_site_name":"Dreamy Bunny - prek\u0117s vaikams","article_modified_time":"2023-04-12T10:24:57+00:00","og_image":[{"width":2560,"height":1707,"url":"https:\/\/dreamybunny.lt\/wp-content\/uploads\/2023\/03\/eeveve_zaidimu_kilimelis_ecru-scaled.jpeg","type":"image\/jpeg"}],"twitter_card":"summary_large_image","twitter_misc":{"Est. reading time":"1 minute"},"schema":{"@context":"https:\/\/schema.org","@graph":[{"@type":"WebPage","@id":"https:\/\/dreamybunny.lt\/en\/product\/zaidimu-kilimelis-ecru\/","url":"https:\/\/dreamybunny.lt\/en\/product\/zaidimu-kilimelis-ecru\/","name":"\u017daidim\u0173 kilim\u0117lis - Ecru - Dreamy Bunny - prek\u0117s vaikams","isPartOf":{"@id":"https:\/\/dreamybunny.lt\/#website"},"datePublished":"2023-03-21T13:04:53+00:00","dateModified":"2023-04-12T10:24:57+00:00","description":"\u017daidim\u0173 kilim\u0117lis - Ecru ir kitos vaik\u0173 prek\u0117s. Prek\u0117s valgymui, miegui, \u017eaidimams, vaik\u0173 tekstil\u0117, prek\u0117s kambariui ir kitos prek\u0117s vaikams.","breadcrumb":{"@id":"https:\/\/dreamybunny.lt\/en\/product\/zaidimu-kilimelis-ecru\/#breadcrumb"},"inLanguage":"en-US","potentialAction":[{"@type":"ReadAction","target":["https:\/\/dreamybunny.lt\/en\/product\/zaidimu-kilimelis-ecru\/"]}]},{"@type":"BreadcrumbList","@id":"https:\/\/dreamybunny.lt\/en\/product\/zaidimu-kilimelis-ecru\/#breadcrumb","itemListElement":[{"@type":"ListItem","position":1,"name":"Home","item":"https:\/\/dreamybunny.lt\/"},{"@type":"ListItem","position":2,"name":"Parduotuv\u0117","item":"https:\/\/dreamybunny.lt\/parduotuve\/"},{"@type":"ListItem","position":3,"name":"\u017daidim\u0173 kilim\u0117lis &#8211; Ecru"}]},{"@type":"WebSite","@id":"https:\/\/dreamybunny.lt\/#website","url":"https:\/\/dreamybunny.lt\/","name":"Dreamy Bunny - prek\u0117s vaikams","description":"","publisher":{"@id":"https:\/\/dreamybunny.lt\/#organization"},"potentialAction":[{"@type":"SearchAction","target":{"@type":"EntryPoint","urlTemplate":"https:\/\/dreamybunny.lt\/?s={search_term_string}"},"query-input":"required name=search_term_string"}],"inLanguage":"en-US"},{"@type":"Organization","@id":"https:\/\/dreamybunny.lt\/#organization","name":"MB DREAMY BUNNY","url":"https:\/\/dreamybunny.lt\/","logo":{"@type":"ImageObject","inLanguage":"en-US","@id":"https:\/\/dreamybunny.lt\/#\/schema\/logo\/image\/","url":"http:\/\/dreamybunny.lt\/wp-content\/uploads\/2023\/01\/logo.png","contentUrl":"http:\/\/dreamybunny.lt\/wp-content\/uploads\/2023\/01\/logo.png","width":500,"height":500,"caption":"MB DREAMY BUNNY"},"image":{"@id":"https:\/\/dreamybunny.lt\/#\/schema\/logo\/image\/"}}]}},"_links":{"self":[{"href":"https:\/\/dreamybunny.lt\/en\/wp-json\/wp\/v2\/product\/8637"}],"collection":[{"href":"https:\/\/dreamybunny.lt\/en\/wp-json\/wp\/v2\/product"}],"about":[{"href":"https:\/\/dreamybunny.lt\/en\/wp-json\/wp\/v2\/types\/product"}],"replies":[{"embeddable":true,"href":"https:\/\/dreamybunny.lt\/en\/wp-json\/wp\/v2\/comments?post=8637"}],"wp:featuredmedia":[{"embeddable":true,"href":"https:\/\/dreamybunny.lt\/en\/wp-json\/wp\/v2\/media\/8641"}],"wp:attachment":[{"href":"https:\/\/dreamybunny.lt\/en\/wp-json\/wp\/v2\/media?parent=8637"}],"wp:term":[{"taxonomy":"product_cat","embeddable":true,"href":"https:\/\/dreamybunny.lt\/en\/wp-json\/wp\/v2\/product_cat?post=8637"},{"taxonomy":"product_tag","embeddable":true,"href":"https:\/\/dreamybunny.lt\/en\/wp-json\/wp\/v2\/product_tag?post=8637"}],"curies":[{"name":"wp","href":"https:\/\/api.w.org\/{rel}","templated":true}]}}