{"id":8715,"date":"2023-03-22T14:27:51","date_gmt":"2023-03-22T12:27:51","guid":{"rendered":"https:\/\/dreamybunny.lt\/?post_type=product&#038;p=8715"},"modified":"2023-04-12T13:24:50","modified_gmt":"2023-04-12T10:24:50","slug":"silikoninis-dubenelis-vaikams-marble-green-kopija","status":"publish","type":"product","link":"https:\/\/dreamybunny.lt\/en\/product\/silikoninis-dubenelis-vaikams-marble-green-kopija\/","title":{"rendered":"Silicone bowl for children - Marble Granite Grey"},"content":{"rendered":"<section class=\"wpb-content-wrapper\"><div class=\"vc_row wpb_row vc_row-fluid vc_row-o-equal-height vc_row-flex wd-rs-63df7195dd723\"><div class=\"wpb_column vc_column_container vc_col-sm-12 vc_col-xs-12 wd-rs-63dc05d3bab9f\"><div class=\"vc_column-inner vc_custom_1675363805480\"><div class=\"wpb_wrapper\">\t\t<div id=\"wd-641c3e9a077c0\" class=\"wd-text-block wd-wpb reset-last-child wd-rs-641c3e9a077c0 text-left vc_custom_1679572642720\">\n\t\t\t<p>Dimensions - \u00d8 15.2 cm x 5 cm<\/p>\n<p>Composition - 100 % high-quality food-safe silicone, 100% free of BPA and phthalates. Silicone complies with the European food quality standard, EN 14372, 21 CFR 177.2600.<\/p>\n<p>Use in the oven, microwave, freezer and dishwasher.<\/p>\n<p>Be sure to wash the bowl before using it.<\/p>\n\t\t<\/div>\n\t\t<\/div><\/div><\/div><\/div>\n<\/section>","protected":false},"excerpt":{"rendered":"<p>Eeveve silicone dishes are not only practical, but also timeless in design! One edge of the silicone bowl is slightly lowered to make it even easier for the baby to take the spoon out of the bowl.<\/p>\n<p>Perfect for breakfast porridge or warming up food.<\/p>\n<p>Each marble silicone product is unique. This means that each bowl can have a different pattern. This special technique allows you to create a realistic marble look.<\/p>\n<p>Note - the main photo is of a representative nature, taken in the light of the photo session, so in reality the colors of the bowl are &quot;calmer&quot;.<\/p>\n<p><strong>Product delivery in 2-3 days<\/strong><\/p>","protected":false},"featured_media":8716,"comment_status":"closed","ping_status":"closed","template":"","meta":[],"product_cat":[71,72],"product_tag":[],"yoast_head":"<!-- This site is optimized with the Yoast SEO plugin v21.0 - https:\/\/yoast.com\/wordpress\/plugins\/seo\/ -->\n<title>Silikoninis duben\u0117lis vaikams - Marble Granite Grey - Dreamy Bunny - prek\u0117s vaikams<\/title>\n<meta name=\"description\" content=\"Silikoninis duben\u0117lis vaikams - Marble Granite Grey ir kitos vaik\u0173 prek\u0117s. Prek\u0117s valgymui, miegui, \u017eaidimams, vaik\u0173 tekstil\u0117, prek\u0117s kambariui ir kitos prek\u0117s vaikams.\" \/>\n<meta name=\"robots\" content=\"index, follow, max-snippet:-1, max-image-preview:large, max-video-preview:-1\" \/>\n<link rel=\"canonical\" href=\"https:\/\/dreamybunny.lt\/en\/product\/silikoninis-dubenelis-vaikams-marble-green-kopija\/\" \/>\n<meta property=\"og:locale\" content=\"en_US\" \/>\n<meta property=\"og:type\" content=\"article\" \/>\n<meta property=\"og:title\" content=\"Silikoninis duben\u0117lis vaikams - Marble Granite Grey - Dreamy Bunny - prek\u0117s vaikams\" \/>\n<meta property=\"og:description\" content=\"Silikoninis duben\u0117lis vaikams - Marble Granite Grey ir kitos vaik\u0173 prek\u0117s. Prek\u0117s valgymui, miegui, \u017eaidimams, vaik\u0173 tekstil\u0117, prek\u0117s kambariui ir kitos prek\u0117s vaikams.\" \/>\n<meta property=\"og:url\" content=\"https:\/\/dreamybunny.lt\/en\/product\/silikoninis-dubenelis-vaikams-marble-green-kopija\/\" \/>\n<meta property=\"og:site_name\" content=\"Dreamy Bunny - prek\u0117s vaikams\" \/>\n<meta property=\"article:modified_time\" content=\"2023-04-12T10:24:50+00:00\" \/>\n<meta property=\"og:image\" content=\"https:\/\/dreamybunny.lt\/wp-content\/uploads\/2023\/03\/silikoninis-dubenelis-vaikams-granite-grey.png\" \/>\n\t<meta property=\"og:image:width\" content=\"1300\" \/>\n\t<meta property=\"og:image:height\" content=\"683\" \/>\n\t<meta property=\"og:image:type\" content=\"image\/png\" \/>\n<meta name=\"twitter:card\" content=\"summary_large_image\" \/>\n<meta name=\"twitter:label1\" content=\"Est. reading time\" \/>\n\t<meta name=\"twitter:data1\" content=\"1 minute\" \/>\n<script type=\"application\/ld+json\" class=\"yoast-schema-graph\">{\"@context\":\"https:\/\/schema.org\",\"@graph\":[{\"@type\":\"WebPage\",\"@id\":\"https:\/\/dreamybunny.lt\/produktas\/silikoninis-dubenelis-vaikams-marble-green-kopija\/\",\"url\":\"https:\/\/dreamybunny.lt\/produktas\/silikoninis-dubenelis-vaikams-marble-green-kopija\/\",\"name\":\"Silikoninis duben\u0117lis vaikams - Marble Granite Grey - Dreamy Bunny - prek\u0117s vaikams\",\"isPartOf\":{\"@id\":\"https:\/\/dreamybunny.lt\/#website\"},\"datePublished\":\"2023-03-22T12:27:51+00:00\",\"dateModified\":\"2023-04-12T10:24:50+00:00\",\"description\":\"Silikoninis duben\u0117lis vaikams - Marble Granite Grey ir kitos vaik\u0173 prek\u0117s. Prek\u0117s valgymui, miegui, \u017eaidimams, vaik\u0173 tekstil\u0117, prek\u0117s kambariui ir kitos prek\u0117s vaikams.\",\"breadcrumb\":{\"@id\":\"https:\/\/dreamybunny.lt\/produktas\/silikoninis-dubenelis-vaikams-marble-green-kopija\/#breadcrumb\"},\"inLanguage\":\"en-US\",\"potentialAction\":[{\"@type\":\"ReadAction\",\"target\":[\"https:\/\/dreamybunny.lt\/produktas\/silikoninis-dubenelis-vaikams-marble-green-kopija\/\"]}]},{\"@type\":\"BreadcrumbList\",\"@id\":\"https:\/\/dreamybunny.lt\/produktas\/silikoninis-dubenelis-vaikams-marble-green-kopija\/#breadcrumb\",\"itemListElement\":[{\"@type\":\"ListItem\",\"position\":1,\"name\":\"Home\",\"item\":\"https:\/\/dreamybunny.lt\/\"},{\"@type\":\"ListItem\",\"position\":2,\"name\":\"Parduotuv\u0117\",\"item\":\"https:\/\/dreamybunny.lt\/parduotuve\/\"},{\"@type\":\"ListItem\",\"position\":3,\"name\":\"Silikoninis duben\u0117lis vaikams &#8211; Marble Granite Grey\"}]},{\"@type\":\"WebSite\",\"@id\":\"https:\/\/dreamybunny.lt\/#website\",\"url\":\"https:\/\/dreamybunny.lt\/\",\"name\":\"Dreamy Bunny - prek\u0117s vaikams\",\"description\":\"\",\"publisher\":{\"@id\":\"https:\/\/dreamybunny.lt\/#organization\"},\"potentialAction\":[{\"@type\":\"SearchAction\",\"target\":{\"@type\":\"EntryPoint\",\"urlTemplate\":\"https:\/\/dreamybunny.lt\/?s={search_term_string}\"},\"query-input\":\"required name=search_term_string\"}],\"inLanguage\":\"en-US\"},{\"@type\":\"Organization\",\"@id\":\"https:\/\/dreamybunny.lt\/#organization\",\"name\":\"MB DREAMY BUNNY\",\"url\":\"https:\/\/dreamybunny.lt\/\",\"logo\":{\"@type\":\"ImageObject\",\"inLanguage\":\"en-US\",\"@id\":\"https:\/\/dreamybunny.lt\/#\/schema\/logo\/image\/\",\"url\":\"http:\/\/dreamybunny.lt\/wp-content\/uploads\/2023\/01\/logo.png\",\"contentUrl\":\"http:\/\/dreamybunny.lt\/wp-content\/uploads\/2023\/01\/logo.png\",\"width\":500,\"height\":500,\"caption\":\"MB DREAMY BUNNY\"},\"image\":{\"@id\":\"https:\/\/dreamybunny.lt\/#\/schema\/logo\/image\/\"}}]}<\/script>\n<!-- \/ Yoast SEO plugin. -->","yoast_head_json":{"title":"Silikoninis duben\u0117lis vaikams - Marble Granite Grey - Dreamy Bunny - prek\u0117s vaikams","description":"Silikoninis duben\u0117lis vaikams - Marble Granite Grey ir kitos vaik\u0173 prek\u0117s. Prek\u0117s valgymui, miegui, \u017eaidimams, vaik\u0173 tekstil\u0117, prek\u0117s kambariui ir kitos prek\u0117s vaikams.","robots":{"index":"index","follow":"follow","max-snippet":"max-snippet:-1","max-image-preview":"max-image-preview:large","max-video-preview":"max-video-preview:-1"},"canonical":"https:\/\/dreamybunny.lt\/en\/product\/silikoninis-dubenelis-vaikams-marble-green-kopija\/","og_locale":"en_US","og_type":"article","og_title":"Silikoninis duben\u0117lis vaikams - Marble Granite Grey - Dreamy Bunny - prek\u0117s vaikams","og_description":"Silikoninis duben\u0117lis vaikams - Marble Granite Grey ir kitos vaik\u0173 prek\u0117s. Prek\u0117s valgymui, miegui, \u017eaidimams, vaik\u0173 tekstil\u0117, prek\u0117s kambariui ir kitos prek\u0117s vaikams.","og_url":"https:\/\/dreamybunny.lt\/en\/product\/silikoninis-dubenelis-vaikams-marble-green-kopija\/","og_site_name":"Dreamy Bunny - prek\u0117s vaikams","article_modified_time":"2023-04-12T10:24:50+00:00","og_image":[{"url":"https:\/\/dreamybunny.lt\/wp-content\/uploads\/2023\/03\/silikoninis-dubenelis-vaikams-granite-grey.png","width":1300,"height":683,"type":"image\/png"}],"twitter_card":"summary_large_image","twitter_misc":{"Est. reading time":"1 minute"},"schema":{"@context":"https:\/\/schema.org","@graph":[{"@type":"WebPage","@id":"https:\/\/dreamybunny.lt\/produktas\/silikoninis-dubenelis-vaikams-marble-green-kopija\/","url":"https:\/\/dreamybunny.lt\/produktas\/silikoninis-dubenelis-vaikams-marble-green-kopija\/","name":"Silikoninis duben\u0117lis vaikams - Marble Granite Grey - Dreamy Bunny - prek\u0117s vaikams","isPartOf":{"@id":"https:\/\/dreamybunny.lt\/#website"},"datePublished":"2023-03-22T12:27:51+00:00","dateModified":"2023-04-12T10:24:50+00:00","description":"Silikoninis duben\u0117lis vaikams - Marble Granite Grey ir kitos vaik\u0173 prek\u0117s. Prek\u0117s valgymui, miegui, \u017eaidimams, vaik\u0173 tekstil\u0117, prek\u0117s kambariui ir kitos prek\u0117s vaikams.","breadcrumb":{"@id":"https:\/\/dreamybunny.lt\/produktas\/silikoninis-dubenelis-vaikams-marble-green-kopija\/#breadcrumb"},"inLanguage":"en-US","potentialAction":[{"@type":"ReadAction","target":["https:\/\/dreamybunny.lt\/produktas\/silikoninis-dubenelis-vaikams-marble-green-kopija\/"]}]},{"@type":"BreadcrumbList","@id":"https:\/\/dreamybunny.lt\/produktas\/silikoninis-dubenelis-vaikams-marble-green-kopija\/#breadcrumb","itemListElement":[{"@type":"ListItem","position":1,"name":"Home","item":"https:\/\/dreamybunny.lt\/"},{"@type":"ListItem","position":2,"name":"Parduotuv\u0117","item":"https:\/\/dreamybunny.lt\/parduotuve\/"},{"@type":"ListItem","position":3,"name":"Silikoninis duben\u0117lis vaikams &#8211; Marble Granite Grey"}]},{"@type":"WebSite","@id":"https:\/\/dreamybunny.lt\/#website","url":"https:\/\/dreamybunny.lt\/","name":"Dreamy Bunny - prek\u0117s vaikams","description":"","publisher":{"@id":"https:\/\/dreamybunny.lt\/#organization"},"potentialAction":[{"@type":"SearchAction","target":{"@type":"EntryPoint","urlTemplate":"https:\/\/dreamybunny.lt\/?s={search_term_string}"},"query-input":"required name=search_term_string"}],"inLanguage":"en-US"},{"@type":"Organization","@id":"https:\/\/dreamybunny.lt\/#organization","name":"MB DREAMY BUNNY","url":"https:\/\/dreamybunny.lt\/","logo":{"@type":"ImageObject","inLanguage":"en-US","@id":"https:\/\/dreamybunny.lt\/#\/schema\/logo\/image\/","url":"http:\/\/dreamybunny.lt\/wp-content\/uploads\/2023\/01\/logo.png","contentUrl":"http:\/\/dreamybunny.lt\/wp-content\/uploads\/2023\/01\/logo.png","width":500,"height":500,"caption":"MB DREAMY BUNNY"},"image":{"@id":"https:\/\/dreamybunny.lt\/#\/schema\/logo\/image\/"}}]}},"_links":{"self":[{"href":"https:\/\/dreamybunny.lt\/en\/wp-json\/wp\/v2\/product\/8715"}],"collection":[{"href":"https:\/\/dreamybunny.lt\/en\/wp-json\/wp\/v2\/product"}],"about":[{"href":"https:\/\/dreamybunny.lt\/en\/wp-json\/wp\/v2\/types\/product"}],"replies":[{"embeddable":true,"href":"https:\/\/dreamybunny.lt\/en\/wp-json\/wp\/v2\/comments?post=8715"}],"wp:featuredmedia":[{"embeddable":true,"href":"https:\/\/dreamybunny.lt\/en\/wp-json\/wp\/v2\/media\/8716"}],"wp:attachment":[{"href":"https:\/\/dreamybunny.lt\/en\/wp-json\/wp\/v2\/media?parent=8715"}],"wp:term":[{"taxonomy":"product_cat","embeddable":true,"href":"https:\/\/dreamybunny.lt\/en\/wp-json\/wp\/v2\/product_cat?post=8715"},{"taxonomy":"product_tag","embeddable":true,"href":"https:\/\/dreamybunny.lt\/en\/wp-json\/wp\/v2\/product_tag?post=8715"}],"curies":[{"name":"wp","href":"https:\/\/api.w.org\/{rel}","templated":true}]}}