{"id":9016,"date":"2023-05-03T14:59:06","date_gmt":"2023-05-03T11:59:06","guid":{"rendered":"https:\/\/dreamybunny.lt\/?post_type=product&#038;p=9016"},"modified":"2023-06-29T23:04:29","modified_gmt":"2023-06-29T20:04:29","slug":"automobilines-kedutes-ideklas-3-dydziai-savannah","status":"publish","type":"product","link":"https:\/\/dreamybunny.lt\/en\/product\/automobilines-kedutes-ideklas-3-dydziai-savannah\/","title":{"rendered":"Car seat insert (3 sizes) - Savannah"},"content":{"rendered":"<section class=\"wpb-content-wrapper\"><div class=\"vc_row wpb_row vc_row-fluid vc_row-o-equal-height vc_row-flex wd-rs-63df7195dd723\"><div class=\"wpb_column vc_column_container vc_col-sm-12 vc_col-xs-12 wd-rs-63dc05d3bab9f\"><div class=\"vc_column-inner vc_custom_1675363805480\"><div class=\"wpb_wrapper\">\t\t<div id=\"wd-649de3c40055c\" class=\"wd-text-block wd-wpb reset-last-child wd-rs-649de3c40055c text-left vc_custom_1688069064705\">\n\t\t\t<p>The breathable car seat insert has a fantastic, &quot;smart&quot; mesh fabric sewn into it, the benefits of which are endless.<\/p>\n<p>One side of the liner is made of 3D fabric, a material with high air circulation. The structure of the fabric allows for easy evaporation of moisture and temperature regulation. The fabric is anti-allergic, light, easy to clean, has antibacterial properties, and most importantly, it is breathable, which helps reduce sweating even on hot days.<\/p>\n<p>The insert gives the baby comfort in hot weather and protects his skin from the synthetic upholstery of the seat.<\/p>\n<p>One side of the liner is made of 100 % bamboo fabric, the other side is made of mesh fabric. The liner has an elastic band at the top and cords to attach to the seat for safety and comfort.<\/p>\n<p>Don&#039;t forget that this insert can be combined with other Makaszka products, thus taking into account not only the quality of items for the little one, but also fostering the harmony of style in her\/his environment. Makaszka products are sewn by hand, cultivating care and attention to detail, and the highest quality fabrics ensure the durability of the products.<\/p>\n<p>This car seat insert is a great and practical gift idea for a baby.<\/p>\n<p>Dimensions of the insert:<br \/>\n0 - 13 kg (65 cm x 27 cm);<br \/>\n9 \u2013 18 kg (90 cm x 37 cm);<br \/>\n15 - 36 kg (110 cm x 40 cm).<\/p>\n<p>Composition:<br \/>\n1<span class=\"Y2IQFc\" lang=\"lt\">00 % premium bamboo fabric with OEKO-TEX 100 Class I certificate;<br \/>\n3D mesh material.<br \/>\n<\/span><\/p>\n<p>Washing method:<br \/>\nRekomenduojame skalbti rankomis 30\u00b0 temperat\u016broje (delika\u010diai, netrinant);<br \/>\nDo not tumble dry;<br \/>\nIron at minimum temperature (do not iron mesh fabric!).<\/p>\n<p>Note - due to frequent washing and\/or sunlight, bamboo products may naturally wear out - the fabric may swell or fray, and the colors may lose their intensity.<\/p>\n\t\t<\/div>\n\t\t<\/div><\/div><\/div><\/div>\n<\/section>","protected":false},"excerpt":{"rendered":"<p>Air-permeable and moisture-absorbing car seat liner, which is made of bamboo fabric on one side and mesh 3D fabric on the other side.<\/p>\n<p>The car seat insert is available in 3 sizes:<br \/>\n0 - 13 kg;<br \/>\n9 \u2013 18 kg;<br \/>\n15 - 36 kg.<\/p>\n<p>Sewn by hand.<\/p>\n<p><strong>Product preparation and delivery in 1-1.5 weeks.<\/strong><\/p>","protected":false},"featured_media":9020,"comment_status":"closed","ping_status":"closed","template":"","meta":[],"product_cat":[22,89],"product_tag":[],"yoast_head":"<!-- This site is optimized with the Yoast SEO plugin v21.0 - https:\/\/yoast.com\/wordpress\/plugins\/seo\/ -->\n<title>Automobilin\u0117s k\u0117dut\u0117s \u012fd\u0117klas (3 dyd\u017eiai) - Savannah - Dreamy Bunny - prek\u0117s vaikams<\/title>\n<meta name=\"description\" content=\"Automobilin\u0117s k\u0117dut\u0117s \u012fd\u0117klas (3 dyd\u017eiai) - Savannah ir kitos vaik\u0173 prek\u0117s. Prek\u0117s valgymui, miegui, \u017eaidimams, vaik\u0173 tekstil\u0117, prek\u0117s kambariui ir kitos prek\u0117s vaikams.\" \/>\n<meta name=\"robots\" content=\"index, follow, max-snippet:-1, max-image-preview:large, max-video-preview:-1\" \/>\n<link rel=\"canonical\" href=\"https:\/\/dreamybunny.lt\/en\/product\/automobilines-kedutes-ideklas-3-dydziai-savannah\/\" \/>\n<meta property=\"og:locale\" content=\"en_US\" \/>\n<meta property=\"og:type\" content=\"article\" \/>\n<meta property=\"og:title\" content=\"Automobilin\u0117s k\u0117dut\u0117s \u012fd\u0117klas (3 dyd\u017eiai) - Savannah - Dreamy Bunny - prek\u0117s vaikams\" \/>\n<meta property=\"og:description\" content=\"Automobilin\u0117s k\u0117dut\u0117s \u012fd\u0117klas (3 dyd\u017eiai) - Savannah ir kitos vaik\u0173 prek\u0117s. Prek\u0117s valgymui, miegui, \u017eaidimams, vaik\u0173 tekstil\u0117, prek\u0117s kambariui ir kitos prek\u0117s vaikams.\" \/>\n<meta property=\"og:url\" content=\"https:\/\/dreamybunny.lt\/en\/product\/automobilines-kedutes-ideklas-3-dydziai-savannah\/\" \/>\n<meta property=\"og:site_name\" content=\"Dreamy Bunny - prek\u0117s vaikams\" \/>\n<meta property=\"article:modified_time\" content=\"2023-06-29T20:04:29+00:00\" \/>\n<meta property=\"og:image\" content=\"https:\/\/dreamybunny.lt\/wp-content\/uploads\/2023\/05\/Automobilines-kedutes-ideklas-3-dydziai-savannah2.jpg\" \/>\n\t<meta property=\"og:image:width\" content=\"1000\" \/>\n\t<meta property=\"og:image:height\" content=\"1000\" \/>\n\t<meta property=\"og:image:type\" content=\"image\/jpeg\" \/>\n<meta name=\"twitter:card\" content=\"summary_large_image\" \/>\n<meta name=\"twitter:label1\" content=\"Est. reading time\" \/>\n\t<meta name=\"twitter:data1\" content=\"2 minutes\" \/>\n<script type=\"application\/ld+json\" class=\"yoast-schema-graph\">{\"@context\":\"https:\/\/schema.org\",\"@graph\":[{\"@type\":\"WebPage\",\"@id\":\"https:\/\/dreamybunny.lt\/produktas\/automobilines-kedutes-ideklas-3-dydziai-savannah\/\",\"url\":\"https:\/\/dreamybunny.lt\/produktas\/automobilines-kedutes-ideklas-3-dydziai-savannah\/\",\"name\":\"Automobilin\u0117s k\u0117dut\u0117s \u012fd\u0117klas (3 dyd\u017eiai) - Savannah - Dreamy Bunny - prek\u0117s vaikams\",\"isPartOf\":{\"@id\":\"https:\/\/dreamybunny.lt\/#website\"},\"datePublished\":\"2023-05-03T11:59:06+00:00\",\"dateModified\":\"2023-06-29T20:04:29+00:00\",\"description\":\"Automobilin\u0117s k\u0117dut\u0117s \u012fd\u0117klas (3 dyd\u017eiai) - Savannah ir kitos vaik\u0173 prek\u0117s. Prek\u0117s valgymui, miegui, \u017eaidimams, vaik\u0173 tekstil\u0117, prek\u0117s kambariui ir kitos prek\u0117s vaikams.\",\"breadcrumb\":{\"@id\":\"https:\/\/dreamybunny.lt\/produktas\/automobilines-kedutes-ideklas-3-dydziai-savannah\/#breadcrumb\"},\"inLanguage\":\"en-US\",\"potentialAction\":[{\"@type\":\"ReadAction\",\"target\":[\"https:\/\/dreamybunny.lt\/produktas\/automobilines-kedutes-ideklas-3-dydziai-savannah\/\"]}]},{\"@type\":\"BreadcrumbList\",\"@id\":\"https:\/\/dreamybunny.lt\/produktas\/automobilines-kedutes-ideklas-3-dydziai-savannah\/#breadcrumb\",\"itemListElement\":[{\"@type\":\"ListItem\",\"position\":1,\"name\":\"Home\",\"item\":\"https:\/\/dreamybunny.lt\/\"},{\"@type\":\"ListItem\",\"position\":2,\"name\":\"Parduotuv\u0117\",\"item\":\"https:\/\/dreamybunny.lt\/parduotuve\/\"},{\"@type\":\"ListItem\",\"position\":3,\"name\":\"Automobilin\u0117s k\u0117dut\u0117s \u012fd\u0117klas (3 dyd\u017eiai) &#8211; Savannah\"}]},{\"@type\":\"WebSite\",\"@id\":\"https:\/\/dreamybunny.lt\/#website\",\"url\":\"https:\/\/dreamybunny.lt\/\",\"name\":\"Dreamy Bunny - prek\u0117s vaikams\",\"description\":\"\",\"publisher\":{\"@id\":\"https:\/\/dreamybunny.lt\/#organization\"},\"potentialAction\":[{\"@type\":\"SearchAction\",\"target\":{\"@type\":\"EntryPoint\",\"urlTemplate\":\"https:\/\/dreamybunny.lt\/?s={search_term_string}\"},\"query-input\":\"required name=search_term_string\"}],\"inLanguage\":\"en-US\"},{\"@type\":\"Organization\",\"@id\":\"https:\/\/dreamybunny.lt\/#organization\",\"name\":\"MB DREAMY BUNNY\",\"url\":\"https:\/\/dreamybunny.lt\/\",\"logo\":{\"@type\":\"ImageObject\",\"inLanguage\":\"en-US\",\"@id\":\"https:\/\/dreamybunny.lt\/#\/schema\/logo\/image\/\",\"url\":\"http:\/\/dreamybunny.lt\/wp-content\/uploads\/2023\/01\/logo.png\",\"contentUrl\":\"http:\/\/dreamybunny.lt\/wp-content\/uploads\/2023\/01\/logo.png\",\"width\":500,\"height\":500,\"caption\":\"MB DREAMY BUNNY\"},\"image\":{\"@id\":\"https:\/\/dreamybunny.lt\/#\/schema\/logo\/image\/\"}}]}<\/script>\n<!-- \/ Yoast SEO plugin. -->","yoast_head_json":{"title":"Automobilin\u0117s k\u0117dut\u0117s \u012fd\u0117klas (3 dyd\u017eiai) - Savannah - Dreamy Bunny - prek\u0117s vaikams","description":"Automobilin\u0117s k\u0117dut\u0117s \u012fd\u0117klas (3 dyd\u017eiai) - Savannah ir kitos vaik\u0173 prek\u0117s. Prek\u0117s valgymui, miegui, \u017eaidimams, vaik\u0173 tekstil\u0117, prek\u0117s kambariui ir kitos prek\u0117s vaikams.","robots":{"index":"index","follow":"follow","max-snippet":"max-snippet:-1","max-image-preview":"max-image-preview:large","max-video-preview":"max-video-preview:-1"},"canonical":"https:\/\/dreamybunny.lt\/en\/product\/automobilines-kedutes-ideklas-3-dydziai-savannah\/","og_locale":"en_US","og_type":"article","og_title":"Automobilin\u0117s k\u0117dut\u0117s \u012fd\u0117klas (3 dyd\u017eiai) - Savannah - Dreamy Bunny - prek\u0117s vaikams","og_description":"Automobilin\u0117s k\u0117dut\u0117s \u012fd\u0117klas (3 dyd\u017eiai) - Savannah ir kitos vaik\u0173 prek\u0117s. Prek\u0117s valgymui, miegui, \u017eaidimams, vaik\u0173 tekstil\u0117, prek\u0117s kambariui ir kitos prek\u0117s vaikams.","og_url":"https:\/\/dreamybunny.lt\/en\/product\/automobilines-kedutes-ideklas-3-dydziai-savannah\/","og_site_name":"Dreamy Bunny - prek\u0117s vaikams","article_modified_time":"2023-06-29T20:04:29+00:00","og_image":[{"width":1000,"height":1000,"url":"https:\/\/dreamybunny.lt\/wp-content\/uploads\/2023\/05\/Automobilines-kedutes-ideklas-3-dydziai-savannah2.jpg","type":"image\/jpeg"}],"twitter_card":"summary_large_image","twitter_misc":{"Est. reading time":"2 minutes"},"schema":{"@context":"https:\/\/schema.org","@graph":[{"@type":"WebPage","@id":"https:\/\/dreamybunny.lt\/produktas\/automobilines-kedutes-ideklas-3-dydziai-savannah\/","url":"https:\/\/dreamybunny.lt\/produktas\/automobilines-kedutes-ideklas-3-dydziai-savannah\/","name":"Automobilin\u0117s k\u0117dut\u0117s \u012fd\u0117klas (3 dyd\u017eiai) - Savannah - Dreamy Bunny - prek\u0117s vaikams","isPartOf":{"@id":"https:\/\/dreamybunny.lt\/#website"},"datePublished":"2023-05-03T11:59:06+00:00","dateModified":"2023-06-29T20:04:29+00:00","description":"Automobilin\u0117s k\u0117dut\u0117s \u012fd\u0117klas (3 dyd\u017eiai) - Savannah ir kitos vaik\u0173 prek\u0117s. Prek\u0117s valgymui, miegui, \u017eaidimams, vaik\u0173 tekstil\u0117, prek\u0117s kambariui ir kitos prek\u0117s vaikams.","breadcrumb":{"@id":"https:\/\/dreamybunny.lt\/produktas\/automobilines-kedutes-ideklas-3-dydziai-savannah\/#breadcrumb"},"inLanguage":"en-US","potentialAction":[{"@type":"ReadAction","target":["https:\/\/dreamybunny.lt\/produktas\/automobilines-kedutes-ideklas-3-dydziai-savannah\/"]}]},{"@type":"BreadcrumbList","@id":"https:\/\/dreamybunny.lt\/produktas\/automobilines-kedutes-ideklas-3-dydziai-savannah\/#breadcrumb","itemListElement":[{"@type":"ListItem","position":1,"name":"Home","item":"https:\/\/dreamybunny.lt\/"},{"@type":"ListItem","position":2,"name":"Parduotuv\u0117","item":"https:\/\/dreamybunny.lt\/parduotuve\/"},{"@type":"ListItem","position":3,"name":"Automobilin\u0117s k\u0117dut\u0117s \u012fd\u0117klas (3 dyd\u017eiai) &#8211; Savannah"}]},{"@type":"WebSite","@id":"https:\/\/dreamybunny.lt\/#website","url":"https:\/\/dreamybunny.lt\/","name":"Dreamy Bunny - prek\u0117s vaikams","description":"","publisher":{"@id":"https:\/\/dreamybunny.lt\/#organization"},"potentialAction":[{"@type":"SearchAction","target":{"@type":"EntryPoint","urlTemplate":"https:\/\/dreamybunny.lt\/?s={search_term_string}"},"query-input":"required name=search_term_string"}],"inLanguage":"en-US"},{"@type":"Organization","@id":"https:\/\/dreamybunny.lt\/#organization","name":"MB DREAMY BUNNY","url":"https:\/\/dreamybunny.lt\/","logo":{"@type":"ImageObject","inLanguage":"en-US","@id":"https:\/\/dreamybunny.lt\/#\/schema\/logo\/image\/","url":"http:\/\/dreamybunny.lt\/wp-content\/uploads\/2023\/01\/logo.png","contentUrl":"http:\/\/dreamybunny.lt\/wp-content\/uploads\/2023\/01\/logo.png","width":500,"height":500,"caption":"MB DREAMY BUNNY"},"image":{"@id":"https:\/\/dreamybunny.lt\/#\/schema\/logo\/image\/"}}]}},"_links":{"self":[{"href":"https:\/\/dreamybunny.lt\/en\/wp-json\/wp\/v2\/product\/9016"}],"collection":[{"href":"https:\/\/dreamybunny.lt\/en\/wp-json\/wp\/v2\/product"}],"about":[{"href":"https:\/\/dreamybunny.lt\/en\/wp-json\/wp\/v2\/types\/product"}],"replies":[{"embeddable":true,"href":"https:\/\/dreamybunny.lt\/en\/wp-json\/wp\/v2\/comments?post=9016"}],"wp:featuredmedia":[{"embeddable":true,"href":"https:\/\/dreamybunny.lt\/en\/wp-json\/wp\/v2\/media\/9020"}],"wp:attachment":[{"href":"https:\/\/dreamybunny.lt\/en\/wp-json\/wp\/v2\/media?parent=9016"}],"wp:term":[{"taxonomy":"product_cat","embeddable":true,"href":"https:\/\/dreamybunny.lt\/en\/wp-json\/wp\/v2\/product_cat?post=9016"},{"taxonomy":"product_tag","embeddable":true,"href":"https:\/\/dreamybunny.lt\/en\/wp-json\/wp\/v2\/product_tag?post=9016"}],"curies":[{"name":"wp","href":"https:\/\/api.w.org\/{rel}","templated":true}]}}