{"id":9035,"date":"2023-05-03T23:48:38","date_gmt":"2023-05-03T20:48:38","guid":{"rendered":"https:\/\/dreamybunny.lt\/?post_type=product&#038;p=9035"},"modified":"2024-06-24T01:37:03","modified_gmt":"2024-06-23T22:37:03","slug":"vaikiskas-chalatas-is-100-bambuko-linen","status":"publish","type":"product","link":"https:\/\/dreamybunny.lt\/en\/product\/vaikiskas-chalatas-is-100-bambuko-linen\/","title":{"rendered":"Children&#039;s bathrobe made of 100 % bamboo - Linen"},"content":{"rendered":"<section class=\"wpb-content-wrapper\"><div class=\"vc_row wpb_row vc_row-fluid vc_row-o-equal-height vc_row-flex wd-rs-63df7195dd723\"><div class=\"wpb_column vc_column_container vc_col-sm-12 vc_col-xs-12 wd-rs-63dc05d3bab9f\"><div class=\"vc_column-inner vc_custom_1675363805480\"><div class=\"wpb_wrapper\">\t\t<div id=\"wd-6452c7133ae8a\" class=\"wd-text-block wd-wpb reset-last-child wd-rs-6452c7133ae8a text-left vc_custom_1683146713025\">\n\t\t\t<p>The robe is perfect not only after swimming in the bath, but also by the pool or on the beach. It has a practical hood with cute ears and pockets for small things. The robe also has a loop for easy hanging.<\/p>\n<p>Bamboo 60 % absorbs water and unpleasant odors more efficiently than cotton. It is one of the highest quality and at the same time the most natural fabrics that you can give your baby. Bamboo has antibacterial, anti-allergic and antifungal properties. The bamboo material from which the robe is woven is free of pesticides or other pollutants.<\/p>\n<p>Don&#039;t forget that this robe can be combined with other Makaszka products, thus taking into account not only the quality of the items for the little one, but also fostering the harmony of style in her\/his environment. Makaszka products are sewn by hand, cultivating care and attention to detail, and the highest quality fabrics ensure the durability of the products.<\/p>\n<p>This robe is a great and practical gift idea for a baby.<\/p>\n<p>Dimensions - width 32 cm, length 58 cm, sleeve length 32 cm (+\/- 3 cm), size 92 - 110.<\/p>\n<p>Composition - 100% high-quality bamboo terry cloth, approved by OEKO-TEX 100 Class I certificate.<\/p>\n<p>Washing method:<br \/>\nWash in the washing machine delicate program 30\u00b0;<br \/>\nDo not tumble dry;<br \/>\nDo not hand wash.<\/p>\n<p>Note - due to frequent washing and\/or sunlight, bamboo products may naturally wear out - the fabric may swell or fray, and the colors may lose their intensity.<\/p>\n\t\t<\/div>\n\t\t<\/div><\/div><\/div><\/div>\n<\/section>","protected":false},"excerpt":{"rendered":"<p>100 % bamboo children&#039;s bathrobe.<\/p>\n<p>Extremely soft and fluffy bamboo robe, which is necessary for a child&#039;s daily hygiene.<\/p>\n<p>For children from size 92 to 110.<\/p>\n<p>Sewn by hand.<\/p>\n<p><strong>Product preparation and delivery in 1-1.5 weeks.<\/strong><\/p>","protected":false},"featured_media":9036,"comment_status":"closed","ping_status":"closed","template":"","meta":[],"product_cat":[84,86],"product_tag":[],"yoast_head":"<!-- This site is optimized with the Yoast SEO plugin v21.0 - https:\/\/yoast.com\/wordpress\/plugins\/seo\/ -->\n<title>Vaiki\u0161kas chalatas i\u0161 100 % bambuko - Linen - Dreamy Bunny - prek\u0117s vaikams<\/title>\n<meta name=\"description\" content=\"Vaiki\u0161kas chalatas i\u0161 100 % bambuko - Linen ir kitos vaik\u0173 prek\u0117s. Prek\u0117s valgymui, miegui, \u017eaidimams, vaik\u0173 tekstil\u0117, prek\u0117s kambariui ir kitos prek\u0117s vaikams.\" \/>\n<meta name=\"robots\" content=\"index, follow, max-snippet:-1, max-image-preview:large, max-video-preview:-1\" \/>\n<link rel=\"canonical\" href=\"https:\/\/dreamybunny.lt\/en\/product\/vaikiskas-chalatas-is-100-bambuko-linen\/\" \/>\n<meta property=\"og:locale\" content=\"en_US\" \/>\n<meta property=\"og:type\" content=\"article\" \/>\n<meta property=\"og:title\" content=\"Vaiki\u0161kas chalatas i\u0161 100 % bambuko - Linen - Dreamy Bunny - prek\u0117s vaikams\" \/>\n<meta property=\"og:description\" content=\"Vaiki\u0161kas chalatas i\u0161 100 % bambuko - Linen ir kitos vaik\u0173 prek\u0117s. Prek\u0117s valgymui, miegui, \u017eaidimams, vaik\u0173 tekstil\u0117, prek\u0117s kambariui ir kitos prek\u0117s vaikams.\" \/>\n<meta property=\"og:url\" content=\"https:\/\/dreamybunny.lt\/en\/product\/vaikiskas-chalatas-is-100-bambuko-linen\/\" \/>\n<meta property=\"og:site_name\" content=\"Dreamy Bunny - prek\u0117s vaikams\" \/>\n<meta property=\"article:modified_time\" content=\"2024-06-23T22:37:03+00:00\" \/>\n<meta property=\"og:image\" content=\"https:\/\/dreamybunny.lt\/wp-content\/uploads\/2023\/05\/Vaikiskas-chalatas-is-100-bambuko-linen.jpg\" \/>\n\t<meta property=\"og:image:width\" content=\"1000\" \/>\n\t<meta property=\"og:image:height\" content=\"1000\" \/>\n\t<meta property=\"og:image:type\" content=\"image\/jpeg\" \/>\n<meta name=\"twitter:card\" content=\"summary_large_image\" \/>\n<meta name=\"twitter:label1\" content=\"Est. reading time\" \/>\n\t<meta name=\"twitter:data1\" content=\"2 minutes\" \/>\n<script type=\"application\/ld+json\" class=\"yoast-schema-graph\">{\"@context\":\"https:\/\/schema.org\",\"@graph\":[{\"@type\":\"WebPage\",\"@id\":\"https:\/\/dreamybunny.lt\/produktas\/vaikiskas-chalatas-is-100-bambuko-linen\/\",\"url\":\"https:\/\/dreamybunny.lt\/produktas\/vaikiskas-chalatas-is-100-bambuko-linen\/\",\"name\":\"Vaiki\u0161kas chalatas i\u0161 100 % bambuko - Linen - Dreamy Bunny - prek\u0117s vaikams\",\"isPartOf\":{\"@id\":\"https:\/\/dreamybunny.lt\/#website\"},\"datePublished\":\"2023-05-03T20:48:38+00:00\",\"dateModified\":\"2024-06-23T22:37:03+00:00\",\"description\":\"Vaiki\u0161kas chalatas i\u0161 100 % bambuko - Linen ir kitos vaik\u0173 prek\u0117s. Prek\u0117s valgymui, miegui, \u017eaidimams, vaik\u0173 tekstil\u0117, prek\u0117s kambariui ir kitos prek\u0117s vaikams.\",\"breadcrumb\":{\"@id\":\"https:\/\/dreamybunny.lt\/produktas\/vaikiskas-chalatas-is-100-bambuko-linen\/#breadcrumb\"},\"inLanguage\":\"en-US\",\"potentialAction\":[{\"@type\":\"ReadAction\",\"target\":[\"https:\/\/dreamybunny.lt\/produktas\/vaikiskas-chalatas-is-100-bambuko-linen\/\"]}]},{\"@type\":\"BreadcrumbList\",\"@id\":\"https:\/\/dreamybunny.lt\/produktas\/vaikiskas-chalatas-is-100-bambuko-linen\/#breadcrumb\",\"itemListElement\":[{\"@type\":\"ListItem\",\"position\":1,\"name\":\"Home\",\"item\":\"https:\/\/dreamybunny.lt\/\"},{\"@type\":\"ListItem\",\"position\":2,\"name\":\"Parduotuv\u0117\",\"item\":\"https:\/\/dreamybunny.lt\/parduotuve\/\"},{\"@type\":\"ListItem\",\"position\":3,\"name\":\"Vaiki\u0161kas chalatas i\u0161 100 % bambuko &#8211; Linen\"}]},{\"@type\":\"WebSite\",\"@id\":\"https:\/\/dreamybunny.lt\/#website\",\"url\":\"https:\/\/dreamybunny.lt\/\",\"name\":\"Dreamy Bunny - prek\u0117s vaikams\",\"description\":\"\",\"publisher\":{\"@id\":\"https:\/\/dreamybunny.lt\/#organization\"},\"potentialAction\":[{\"@type\":\"SearchAction\",\"target\":{\"@type\":\"EntryPoint\",\"urlTemplate\":\"https:\/\/dreamybunny.lt\/?s={search_term_string}\"},\"query-input\":\"required name=search_term_string\"}],\"inLanguage\":\"en-US\"},{\"@type\":\"Organization\",\"@id\":\"https:\/\/dreamybunny.lt\/#organization\",\"name\":\"MB DREAMY BUNNY\",\"url\":\"https:\/\/dreamybunny.lt\/\",\"logo\":{\"@type\":\"ImageObject\",\"inLanguage\":\"en-US\",\"@id\":\"https:\/\/dreamybunny.lt\/#\/schema\/logo\/image\/\",\"url\":\"http:\/\/dreamybunny.lt\/wp-content\/uploads\/2023\/01\/logo.png\",\"contentUrl\":\"http:\/\/dreamybunny.lt\/wp-content\/uploads\/2023\/01\/logo.png\",\"width\":500,\"height\":500,\"caption\":\"MB DREAMY BUNNY\"},\"image\":{\"@id\":\"https:\/\/dreamybunny.lt\/#\/schema\/logo\/image\/\"}}]}<\/script>\n<!-- \/ Yoast SEO plugin. -->","yoast_head_json":{"title":"Vaiki\u0161kas chalatas i\u0161 100 % bambuko - Linen - Dreamy Bunny - prek\u0117s vaikams","description":"Vaiki\u0161kas chalatas i\u0161 100 % bambuko - Linen ir kitos vaik\u0173 prek\u0117s. Prek\u0117s valgymui, miegui, \u017eaidimams, vaik\u0173 tekstil\u0117, prek\u0117s kambariui ir kitos prek\u0117s vaikams.","robots":{"index":"index","follow":"follow","max-snippet":"max-snippet:-1","max-image-preview":"max-image-preview:large","max-video-preview":"max-video-preview:-1"},"canonical":"https:\/\/dreamybunny.lt\/en\/product\/vaikiskas-chalatas-is-100-bambuko-linen\/","og_locale":"en_US","og_type":"article","og_title":"Vaiki\u0161kas chalatas i\u0161 100 % bambuko - Linen - Dreamy Bunny - prek\u0117s vaikams","og_description":"Vaiki\u0161kas chalatas i\u0161 100 % bambuko - Linen ir kitos vaik\u0173 prek\u0117s. Prek\u0117s valgymui, miegui, \u017eaidimams, vaik\u0173 tekstil\u0117, prek\u0117s kambariui ir kitos prek\u0117s vaikams.","og_url":"https:\/\/dreamybunny.lt\/en\/product\/vaikiskas-chalatas-is-100-bambuko-linen\/","og_site_name":"Dreamy Bunny - prek\u0117s vaikams","article_modified_time":"2024-06-23T22:37:03+00:00","og_image":[{"width":1000,"height":1000,"url":"https:\/\/dreamybunny.lt\/wp-content\/uploads\/2023\/05\/Vaikiskas-chalatas-is-100-bambuko-linen.jpg","type":"image\/jpeg"}],"twitter_card":"summary_large_image","twitter_misc":{"Est. reading time":"2 minutes"},"schema":{"@context":"https:\/\/schema.org","@graph":[{"@type":"WebPage","@id":"https:\/\/dreamybunny.lt\/produktas\/vaikiskas-chalatas-is-100-bambuko-linen\/","url":"https:\/\/dreamybunny.lt\/produktas\/vaikiskas-chalatas-is-100-bambuko-linen\/","name":"Vaiki\u0161kas chalatas i\u0161 100 % bambuko - Linen - Dreamy Bunny - prek\u0117s vaikams","isPartOf":{"@id":"https:\/\/dreamybunny.lt\/#website"},"datePublished":"2023-05-03T20:48:38+00:00","dateModified":"2024-06-23T22:37:03+00:00","description":"Vaiki\u0161kas chalatas i\u0161 100 % bambuko - Linen ir kitos vaik\u0173 prek\u0117s. Prek\u0117s valgymui, miegui, \u017eaidimams, vaik\u0173 tekstil\u0117, prek\u0117s kambariui ir kitos prek\u0117s vaikams.","breadcrumb":{"@id":"https:\/\/dreamybunny.lt\/produktas\/vaikiskas-chalatas-is-100-bambuko-linen\/#breadcrumb"},"inLanguage":"en-US","potentialAction":[{"@type":"ReadAction","target":["https:\/\/dreamybunny.lt\/produktas\/vaikiskas-chalatas-is-100-bambuko-linen\/"]}]},{"@type":"BreadcrumbList","@id":"https:\/\/dreamybunny.lt\/produktas\/vaikiskas-chalatas-is-100-bambuko-linen\/#breadcrumb","itemListElement":[{"@type":"ListItem","position":1,"name":"Home","item":"https:\/\/dreamybunny.lt\/"},{"@type":"ListItem","position":2,"name":"Parduotuv\u0117","item":"https:\/\/dreamybunny.lt\/parduotuve\/"},{"@type":"ListItem","position":3,"name":"Vaiki\u0161kas chalatas i\u0161 100 % bambuko &#8211; Linen"}]},{"@type":"WebSite","@id":"https:\/\/dreamybunny.lt\/#website","url":"https:\/\/dreamybunny.lt\/","name":"Dreamy Bunny - prek\u0117s vaikams","description":"","publisher":{"@id":"https:\/\/dreamybunny.lt\/#organization"},"potentialAction":[{"@type":"SearchAction","target":{"@type":"EntryPoint","urlTemplate":"https:\/\/dreamybunny.lt\/?s={search_term_string}"},"query-input":"required name=search_term_string"}],"inLanguage":"en-US"},{"@type":"Organization","@id":"https:\/\/dreamybunny.lt\/#organization","name":"MB DREAMY BUNNY","url":"https:\/\/dreamybunny.lt\/","logo":{"@type":"ImageObject","inLanguage":"en-US","@id":"https:\/\/dreamybunny.lt\/#\/schema\/logo\/image\/","url":"http:\/\/dreamybunny.lt\/wp-content\/uploads\/2023\/01\/logo.png","contentUrl":"http:\/\/dreamybunny.lt\/wp-content\/uploads\/2023\/01\/logo.png","width":500,"height":500,"caption":"MB DREAMY BUNNY"},"image":{"@id":"https:\/\/dreamybunny.lt\/#\/schema\/logo\/image\/"}}]}},"_links":{"self":[{"href":"https:\/\/dreamybunny.lt\/en\/wp-json\/wp\/v2\/product\/9035"}],"collection":[{"href":"https:\/\/dreamybunny.lt\/en\/wp-json\/wp\/v2\/product"}],"about":[{"href":"https:\/\/dreamybunny.lt\/en\/wp-json\/wp\/v2\/types\/product"}],"replies":[{"embeddable":true,"href":"https:\/\/dreamybunny.lt\/en\/wp-json\/wp\/v2\/comments?post=9035"}],"wp:featuredmedia":[{"embeddable":true,"href":"https:\/\/dreamybunny.lt\/en\/wp-json\/wp\/v2\/media\/9036"}],"wp:attachment":[{"href":"https:\/\/dreamybunny.lt\/en\/wp-json\/wp\/v2\/media?parent=9035"}],"wp:term":[{"taxonomy":"product_cat","embeddable":true,"href":"https:\/\/dreamybunny.lt\/en\/wp-json\/wp\/v2\/product_cat?post=9035"},{"taxonomy":"product_tag","embeddable":true,"href":"https:\/\/dreamybunny.lt\/en\/wp-json\/wp\/v2\/product_tag?post=9035"}],"curies":[{"name":"wp","href":"https:\/\/api.w.org\/{rel}","templated":true}]}}