{"id":9157,"date":"2023-05-15T13:18:41","date_gmt":"2023-05-15T10:18:41","guid":{"rendered":"https:\/\/dreamybunny.lt\/?post_type=product&#038;p=9157"},"modified":"2023-05-15T13:20:31","modified_gmt":"2023-05-15T10:20:31","slug":"chalatas-is-muslino-audinio-navy-blue","status":"publish","type":"product","link":"https:\/\/dreamybunny.lt\/en\/product\/chalatas-is-muslino-audinio-navy-blue\/","title":{"rendered":"Chalatas i\u0161 muslino audinio &#8211; Navy Blue"},"content":{"rendered":"<p>Chalato kapi\u0161onas turi \u017eaving\u0105 kutuk\u0105. Suri\u0161amas ties juosmeniu. Tiks ir kaip chalatas namuose, ir kaip atostog\u0173 &#8222;palerina&#8221; papl\u016bdimyje ar prie baseino. <\/p>\n<p>Maintenance:<br \/>\nSkalbti skalbimo ma\u0161inoje ne auk\u0161tesn\u0117je kaip 40\u00b0C;<br \/>\nUse gentle detergents designed for delicate baby skin;<br \/>\nDo not bleach or use chlorine;<br \/>\nD\u017eiovykl\u0117je naudoti tik \u017eem\u0105 temperat\u016br\u0105 arba pakabinti, kad i\u0161d\u017ei\u016bt\u0173 savaime. <\/p>","protected":false},"excerpt":{"rendered":"<p>Vaiki\u0161kas chalatas i\u0161 \u0161velnaus dvigubo medvilninio muslino. <\/p>\n<p><strong>Product preparation and delivery in 1-1.5 weeks. <\/strong><\/p>","protected":false},"featured_media":9160,"comment_status":"closed","ping_status":"closed","template":"","meta":[],"product_cat":[84,86],"product_tag":[],"yoast_head":"<!-- This site is optimized with the Yoast SEO plugin v21.0 - https:\/\/yoast.com\/wordpress\/plugins\/seo\/ -->\n<title>Chalatas i\u0161 muslino audinio - Navy Blue - Dreamy Bunny - prek\u0117s vaikams<\/title>\n<meta name=\"description\" content=\"Chalatas i\u0161 muslino audinio - Navy Blue ir kitos vaik\u0173 prek\u0117s. Prek\u0117s valgymui, miegui, \u017eaidimams, vaik\u0173 tekstil\u0117, prek\u0117s kambariui ir kitos prek\u0117s vaikams.\" \/>\n<meta name=\"robots\" content=\"index, follow, max-snippet:-1, max-image-preview:large, max-video-preview:-1\" \/>\n<link rel=\"canonical\" href=\"https:\/\/dreamybunny.lt\/en\/product\/chalatas-is-muslino-audinio-navy-blue\/\" \/>\n<meta property=\"og:locale\" content=\"en_US\" \/>\n<meta property=\"og:type\" content=\"article\" \/>\n<meta property=\"og:title\" content=\"Chalatas i\u0161 muslino audinio - Navy Blue - Dreamy Bunny - prek\u0117s vaikams\" \/>\n<meta property=\"og:description\" content=\"Chalatas i\u0161 muslino audinio - Navy Blue ir kitos vaik\u0173 prek\u0117s. Prek\u0117s valgymui, miegui, \u017eaidimams, vaik\u0173 tekstil\u0117, prek\u0117s kambariui ir kitos prek\u0117s vaikams.\" \/>\n<meta property=\"og:url\" content=\"https:\/\/dreamybunny.lt\/en\/product\/chalatas-is-muslino-audinio-navy-blue\/\" \/>\n<meta property=\"og:site_name\" content=\"Dreamy Bunny - prek\u0117s vaikams\" \/>\n<meta property=\"article:modified_time\" content=\"2023-05-15T10:20:31+00:00\" \/>\n<meta property=\"og:image\" content=\"https:\/\/dreamybunny.lt\/wp-content\/uploads\/2023\/05\/Chalatas-is-muslino-audinio-Navy-Blue.jpg\" \/>\n\t<meta property=\"og:image:width\" content=\"1024\" \/>\n\t<meta property=\"og:image:height\" content=\"1024\" \/>\n\t<meta property=\"og:image:type\" content=\"image\/jpeg\" \/>\n<meta name=\"twitter:card\" content=\"summary_large_image\" \/>\n<meta name=\"twitter:label1\" content=\"Est. reading time\" \/>\n\t<meta name=\"twitter:data1\" content=\"1 minute\" \/>\n<script type=\"application\/ld+json\" class=\"yoast-schema-graph\">{\"@context\":\"https:\/\/schema.org\",\"@graph\":[{\"@type\":\"WebPage\",\"@id\":\"https:\/\/dreamybunny.lt\/en\/product\/chalatas-is-muslino-audinio-navy-blue\/\",\"url\":\"https:\/\/dreamybunny.lt\/en\/product\/chalatas-is-muslino-audinio-navy-blue\/\",\"name\":\"Chalatas i\u0161 muslino audinio - Navy Blue - Dreamy Bunny - prek\u0117s vaikams\",\"isPartOf\":{\"@id\":\"https:\/\/dreamybunny.lt\/#website\"},\"datePublished\":\"2023-05-15T10:18:41+00:00\",\"dateModified\":\"2023-05-15T10:20:31+00:00\",\"description\":\"Chalatas i\u0161 muslino audinio - Navy Blue ir kitos vaik\u0173 prek\u0117s. Prek\u0117s valgymui, miegui, \u017eaidimams, vaik\u0173 tekstil\u0117, prek\u0117s kambariui ir kitos prek\u0117s vaikams.\",\"breadcrumb\":{\"@id\":\"https:\/\/dreamybunny.lt\/en\/product\/chalatas-is-muslino-audinio-navy-blue\/#breadcrumb\"},\"inLanguage\":\"en-US\",\"potentialAction\":[{\"@type\":\"ReadAction\",\"target\":[\"https:\/\/dreamybunny.lt\/en\/product\/chalatas-is-muslino-audinio-navy-blue\/\"]}]},{\"@type\":\"BreadcrumbList\",\"@id\":\"https:\/\/dreamybunny.lt\/en\/product\/chalatas-is-muslino-audinio-navy-blue\/#breadcrumb\",\"itemListElement\":[{\"@type\":\"ListItem\",\"position\":1,\"name\":\"Home\",\"item\":\"https:\/\/dreamybunny.lt\/\"},{\"@type\":\"ListItem\",\"position\":2,\"name\":\"Parduotuv\u0117\",\"item\":\"https:\/\/dreamybunny.lt\/parduotuve\/\"},{\"@type\":\"ListItem\",\"position\":3,\"name\":\"Chalatas i\u0161 muslino audinio &#8211; Navy Blue\"}]},{\"@type\":\"WebSite\",\"@id\":\"https:\/\/dreamybunny.lt\/#website\",\"url\":\"https:\/\/dreamybunny.lt\/\",\"name\":\"Dreamy Bunny - prek\u0117s vaikams\",\"description\":\"\",\"publisher\":{\"@id\":\"https:\/\/dreamybunny.lt\/#organization\"},\"potentialAction\":[{\"@type\":\"SearchAction\",\"target\":{\"@type\":\"EntryPoint\",\"urlTemplate\":\"https:\/\/dreamybunny.lt\/?s={search_term_string}\"},\"query-input\":\"required name=search_term_string\"}],\"inLanguage\":\"en-US\"},{\"@type\":\"Organization\",\"@id\":\"https:\/\/dreamybunny.lt\/#organization\",\"name\":\"MB DREAMY BUNNY\",\"url\":\"https:\/\/dreamybunny.lt\/\",\"logo\":{\"@type\":\"ImageObject\",\"inLanguage\":\"en-US\",\"@id\":\"https:\/\/dreamybunny.lt\/#\/schema\/logo\/image\/\",\"url\":\"http:\/\/dreamybunny.lt\/wp-content\/uploads\/2023\/01\/logo.png\",\"contentUrl\":\"http:\/\/dreamybunny.lt\/wp-content\/uploads\/2023\/01\/logo.png\",\"width\":500,\"height\":500,\"caption\":\"MB DREAMY BUNNY\"},\"image\":{\"@id\":\"https:\/\/dreamybunny.lt\/#\/schema\/logo\/image\/\"}}]}<\/script>\n<!-- \/ Yoast SEO plugin. -->","yoast_head_json":{"title":"Chalatas i\u0161 muslino audinio - Navy Blue - Dreamy Bunny - prek\u0117s vaikams","description":"Chalatas i\u0161 muslino audinio - Navy Blue ir kitos vaik\u0173 prek\u0117s. Prek\u0117s valgymui, miegui, \u017eaidimams, vaik\u0173 tekstil\u0117, prek\u0117s kambariui ir kitos prek\u0117s vaikams.","robots":{"index":"index","follow":"follow","max-snippet":"max-snippet:-1","max-image-preview":"max-image-preview:large","max-video-preview":"max-video-preview:-1"},"canonical":"https:\/\/dreamybunny.lt\/en\/product\/chalatas-is-muslino-audinio-navy-blue\/","og_locale":"en_US","og_type":"article","og_title":"Chalatas i\u0161 muslino audinio - Navy Blue - Dreamy Bunny - prek\u0117s vaikams","og_description":"Chalatas i\u0161 muslino audinio - Navy Blue ir kitos vaik\u0173 prek\u0117s. Prek\u0117s valgymui, miegui, \u017eaidimams, vaik\u0173 tekstil\u0117, prek\u0117s kambariui ir kitos prek\u0117s vaikams.","og_url":"https:\/\/dreamybunny.lt\/en\/product\/chalatas-is-muslino-audinio-navy-blue\/","og_site_name":"Dreamy Bunny - prek\u0117s vaikams","article_modified_time":"2023-05-15T10:20:31+00:00","og_image":[{"width":1024,"height":1024,"url":"https:\/\/dreamybunny.lt\/wp-content\/uploads\/2023\/05\/Chalatas-is-muslino-audinio-Navy-Blue.jpg","type":"image\/jpeg"}],"twitter_card":"summary_large_image","twitter_misc":{"Est. reading time":"1 minute"},"schema":{"@context":"https:\/\/schema.org","@graph":[{"@type":"WebPage","@id":"https:\/\/dreamybunny.lt\/en\/product\/chalatas-is-muslino-audinio-navy-blue\/","url":"https:\/\/dreamybunny.lt\/en\/product\/chalatas-is-muslino-audinio-navy-blue\/","name":"Chalatas i\u0161 muslino audinio - Navy Blue - Dreamy Bunny - prek\u0117s vaikams","isPartOf":{"@id":"https:\/\/dreamybunny.lt\/#website"},"datePublished":"2023-05-15T10:18:41+00:00","dateModified":"2023-05-15T10:20:31+00:00","description":"Chalatas i\u0161 muslino audinio - Navy Blue ir kitos vaik\u0173 prek\u0117s. Prek\u0117s valgymui, miegui, \u017eaidimams, vaik\u0173 tekstil\u0117, prek\u0117s kambariui ir kitos prek\u0117s vaikams.","breadcrumb":{"@id":"https:\/\/dreamybunny.lt\/en\/product\/chalatas-is-muslino-audinio-navy-blue\/#breadcrumb"},"inLanguage":"en-US","potentialAction":[{"@type":"ReadAction","target":["https:\/\/dreamybunny.lt\/en\/product\/chalatas-is-muslino-audinio-navy-blue\/"]}]},{"@type":"BreadcrumbList","@id":"https:\/\/dreamybunny.lt\/en\/product\/chalatas-is-muslino-audinio-navy-blue\/#breadcrumb","itemListElement":[{"@type":"ListItem","position":1,"name":"Home","item":"https:\/\/dreamybunny.lt\/"},{"@type":"ListItem","position":2,"name":"Parduotuv\u0117","item":"https:\/\/dreamybunny.lt\/parduotuve\/"},{"@type":"ListItem","position":3,"name":"Chalatas i\u0161 muslino audinio &#8211; Navy Blue"}]},{"@type":"WebSite","@id":"https:\/\/dreamybunny.lt\/#website","url":"https:\/\/dreamybunny.lt\/","name":"Dreamy Bunny - prek\u0117s vaikams","description":"","publisher":{"@id":"https:\/\/dreamybunny.lt\/#organization"},"potentialAction":[{"@type":"SearchAction","target":{"@type":"EntryPoint","urlTemplate":"https:\/\/dreamybunny.lt\/?s={search_term_string}"},"query-input":"required name=search_term_string"}],"inLanguage":"en-US"},{"@type":"Organization","@id":"https:\/\/dreamybunny.lt\/#organization","name":"MB DREAMY BUNNY","url":"https:\/\/dreamybunny.lt\/","logo":{"@type":"ImageObject","inLanguage":"en-US","@id":"https:\/\/dreamybunny.lt\/#\/schema\/logo\/image\/","url":"http:\/\/dreamybunny.lt\/wp-content\/uploads\/2023\/01\/logo.png","contentUrl":"http:\/\/dreamybunny.lt\/wp-content\/uploads\/2023\/01\/logo.png","width":500,"height":500,"caption":"MB DREAMY BUNNY"},"image":{"@id":"https:\/\/dreamybunny.lt\/#\/schema\/logo\/image\/"}}]}},"_links":{"self":[{"href":"https:\/\/dreamybunny.lt\/en\/wp-json\/wp\/v2\/product\/9157"}],"collection":[{"href":"https:\/\/dreamybunny.lt\/en\/wp-json\/wp\/v2\/product"}],"about":[{"href":"https:\/\/dreamybunny.lt\/en\/wp-json\/wp\/v2\/types\/product"}],"replies":[{"embeddable":true,"href":"https:\/\/dreamybunny.lt\/en\/wp-json\/wp\/v2\/comments?post=9157"}],"wp:featuredmedia":[{"embeddable":true,"href":"https:\/\/dreamybunny.lt\/en\/wp-json\/wp\/v2\/media\/9160"}],"wp:attachment":[{"href":"https:\/\/dreamybunny.lt\/en\/wp-json\/wp\/v2\/media?parent=9157"}],"wp:term":[{"taxonomy":"product_cat","embeddable":true,"href":"https:\/\/dreamybunny.lt\/en\/wp-json\/wp\/v2\/product_cat?post=9157"},{"taxonomy":"product_tag","embeddable":true,"href":"https:\/\/dreamybunny.lt\/en\/wp-json\/wp\/v2\/product_tag?post=9157"}],"curies":[{"name":"wp","href":"https:\/\/api.w.org\/{rel}","templated":true}]}}