{"id":9179,"date":"2023-05-15T14:27:04","date_gmt":"2023-05-15T11:27:04","guid":{"rendered":"https:\/\/dreamybunny.lt\/?post_type=product&#038;p=9179"},"modified":"2023-05-15T14:30:17","modified_gmt":"2023-05-15T11:30:17","slug":"kudikio-vystyklas-is-100-bambuko-free-horses","status":"publish","type":"product","link":"https:\/\/dreamybunny.lt\/en\/product\/kudikio-vystyklas-is-100-bambuko-free-horses\/","title":{"rendered":"Baby diaper made of 100% % bamboo \u2013 Free Horses"},"content":{"rendered":"<p>Vystyklas apgobs k\u016bdik\u012f \u0161velnia med\u017eiaga, kar\u0161tomis dienomis apsaugos nuo saul\u0117s spinduli\u0173, pasitarnaus kaip rank\u0161luostis ir ras dar t\u016bkstan\u010dius kit\u0173 panaudojimo b\u016bd\u0173. Kartu su pagalv\u0117le, taip pat pagaminta i\u0161 bambuko, sukurs puik\u0173 derin\u012f \u0161iltoms dienoms. Pagalv\u0117l\u0117 plok\u0161\u010dia, pritaikyta maksimaliam k\u016bdikio komfortui. <\/p>\n<p>Kaip \u017einoma, bambuko audinys yra antibakterinis, antialerginis ir higroskopi\u0161kas \u2013 daug geriau nei medviln\u0117 sugeria dr\u0117gm\u0119 ir greitai d\u017ei\u016bsta. D\u0117l \u0161ios prie\u017easties vystyklas kar\u0161tu oru pad\u0117s palaikyti 2 laipsniais \u017eemesn\u0119 temperat\u016br\u0105 nei aplinkos temperat\u016bra.<\/p>\n<p>This is a product that is ideal for children struggling with skin problems and allergies.<\/p>\n<p>Sud\u0117tis &#8211; 100 % bambuko viskoz\u0117.<\/p>\n<p>Vystyklo matmenys &#8211; 100 cm x 120 cm (+\/- 2 cm);<br \/>\nPagalv\u0117l\u0117s matmenys &#8211; 40 cm x 30 cm (+\/- 2 cm).<\/p>\n<p>Maintenance:<br \/>\nSkalbimo temperat\u016bra: 30\u00b0C;<br \/>\nGr\u0119\u017eimas: 800\/min., ned\u017eiovinti d\u017eiovykl\u0117je;<br \/>\nDo not wash by hand.<\/p>\n<p>D\u0117l da\u017eno naudojimo, skalbimo, d\u017eiovinimo ar saul\u0117s spinduli\u0173 nat\u016bral\u016bs audiniai gali susid\u0117v\u0117ti \u2013 audinys gali tapti standesnis ir spalvos prarasti savo intensyvum\u0105.<\/p>","protected":false},"excerpt":{"rendered":"<p>Vystyklas i\u0161 100 % bambuko viskoz\u0117s yra daugiafunkcinis gaminys, kuris patiks ne tik ma\u017eyliams, bet kiekvienai mamai. Tai premium gaminys, nuo audinio ra\u0161t\u0173 iki pagaminimo &#8211; viskas sukurta pa\u010dio prekinio \u017eenklo Malomi Kids.<\/p>\n<p><strong>Prek\u0117s paruo\u0161imas ir pristatymas 8-12 d.d. <\/strong><\/p>","protected":false},"featured_media":9182,"comment_status":"closed","ping_status":"closed","template":"","meta":[],"product_cat":[188,84],"product_tag":[],"yoast_head":"<!-- This site is optimized with the Yoast SEO plugin v21.0 - https:\/\/yoast.com\/wordpress\/plugins\/seo\/ -->\n<title>K\u016bdikio vystyklas i\u0161 100 % bambuko - Free Horses - Dreamy Bunny - prek\u0117s vaikams<\/title>\n<meta name=\"description\" content=\"K\u016bdikio vystyklas i\u0161 100 % bambuko - Free Horses ir kitos vaik\u0173 prek\u0117s. Prek\u0117s valgymui, miegui, \u017eaidimams, vaik\u0173 tekstil\u0117, prek\u0117s kambariui ir kitos prek\u0117s vaikams.\" \/>\n<meta name=\"robots\" content=\"index, follow, max-snippet:-1, max-image-preview:large, max-video-preview:-1\" \/>\n<link rel=\"canonical\" href=\"https:\/\/dreamybunny.lt\/en\/product\/kudikio-vystyklas-is-100-bambuko-free-horses\/\" \/>\n<meta property=\"og:locale\" content=\"en_US\" \/>\n<meta property=\"og:type\" content=\"article\" \/>\n<meta property=\"og:title\" content=\"K\u016bdikio vystyklas i\u0161 100 % bambuko - Free Horses - Dreamy Bunny - prek\u0117s vaikams\" \/>\n<meta property=\"og:description\" content=\"K\u016bdikio vystyklas i\u0161 100 % bambuko - Free Horses ir kitos vaik\u0173 prek\u0117s. Prek\u0117s valgymui, miegui, \u017eaidimams, vaik\u0173 tekstil\u0117, prek\u0117s kambariui ir kitos prek\u0117s vaikams.\" \/>\n<meta property=\"og:url\" content=\"https:\/\/dreamybunny.lt\/en\/product\/kudikio-vystyklas-is-100-bambuko-free-horses\/\" \/>\n<meta property=\"og:site_name\" content=\"Dreamy Bunny - prek\u0117s vaikams\" \/>\n<meta property=\"article:modified_time\" content=\"2023-05-15T11:30:17+00:00\" \/>\n<meta property=\"og:image\" content=\"https:\/\/dreamybunny.lt\/wp-content\/uploads\/2023\/05\/Kudikio-vystyklas-is-100-bambuko-free-horses2.jpg\" \/>\n\t<meta property=\"og:image:width\" content=\"1366\" \/>\n\t<meta property=\"og:image:height\" content=\"2048\" \/>\n\t<meta property=\"og:image:type\" content=\"image\/jpeg\" \/>\n<meta name=\"twitter:card\" content=\"summary_large_image\" \/>\n<meta name=\"twitter:label1\" content=\"Est. reading time\" \/>\n\t<meta name=\"twitter:data1\" content=\"1 minute\" \/>\n<script type=\"application\/ld+json\" class=\"yoast-schema-graph\">{\"@context\":\"https:\/\/schema.org\",\"@graph\":[{\"@type\":\"WebPage\",\"@id\":\"https:\/\/dreamybunny.lt\/en\/product\/kudikio-vystyklas-is-100-bambuko-free-horses\/\",\"url\":\"https:\/\/dreamybunny.lt\/en\/product\/kudikio-vystyklas-is-100-bambuko-free-horses\/\",\"name\":\"K\u016bdikio vystyklas i\u0161 100 % bambuko - Free Horses - Dreamy Bunny - prek\u0117s vaikams\",\"isPartOf\":{\"@id\":\"https:\/\/dreamybunny.lt\/#website\"},\"datePublished\":\"2023-05-15T11:27:04+00:00\",\"dateModified\":\"2023-05-15T11:30:17+00:00\",\"description\":\"K\u016bdikio vystyklas i\u0161 100 % bambuko - Free Horses ir kitos vaik\u0173 prek\u0117s. Prek\u0117s valgymui, miegui, \u017eaidimams, vaik\u0173 tekstil\u0117, prek\u0117s kambariui ir kitos prek\u0117s vaikams.\",\"breadcrumb\":{\"@id\":\"https:\/\/dreamybunny.lt\/en\/product\/kudikio-vystyklas-is-100-bambuko-free-horses\/#breadcrumb\"},\"inLanguage\":\"en-US\",\"potentialAction\":[{\"@type\":\"ReadAction\",\"target\":[\"https:\/\/dreamybunny.lt\/en\/product\/kudikio-vystyklas-is-100-bambuko-free-horses\/\"]}]},{\"@type\":\"BreadcrumbList\",\"@id\":\"https:\/\/dreamybunny.lt\/en\/product\/kudikio-vystyklas-is-100-bambuko-free-horses\/#breadcrumb\",\"itemListElement\":[{\"@type\":\"ListItem\",\"position\":1,\"name\":\"Home\",\"item\":\"https:\/\/dreamybunny.lt\/\"},{\"@type\":\"ListItem\",\"position\":2,\"name\":\"Parduotuv\u0117\",\"item\":\"https:\/\/dreamybunny.lt\/parduotuve\/\"},{\"@type\":\"ListItem\",\"position\":3,\"name\":\"K\u016bdikio vystyklas i\u0161 100 % bambuko &#8211; Free Horses\"}]},{\"@type\":\"WebSite\",\"@id\":\"https:\/\/dreamybunny.lt\/#website\",\"url\":\"https:\/\/dreamybunny.lt\/\",\"name\":\"Dreamy Bunny - prek\u0117s vaikams\",\"description\":\"\",\"publisher\":{\"@id\":\"https:\/\/dreamybunny.lt\/#organization\"},\"potentialAction\":[{\"@type\":\"SearchAction\",\"target\":{\"@type\":\"EntryPoint\",\"urlTemplate\":\"https:\/\/dreamybunny.lt\/?s={search_term_string}\"},\"query-input\":\"required name=search_term_string\"}],\"inLanguage\":\"en-US\"},{\"@type\":\"Organization\",\"@id\":\"https:\/\/dreamybunny.lt\/#organization\",\"name\":\"MB DREAMY BUNNY\",\"url\":\"https:\/\/dreamybunny.lt\/\",\"logo\":{\"@type\":\"ImageObject\",\"inLanguage\":\"en-US\",\"@id\":\"https:\/\/dreamybunny.lt\/#\/schema\/logo\/image\/\",\"url\":\"http:\/\/dreamybunny.lt\/wp-content\/uploads\/2023\/01\/logo.png\",\"contentUrl\":\"http:\/\/dreamybunny.lt\/wp-content\/uploads\/2023\/01\/logo.png\",\"width\":500,\"height\":500,\"caption\":\"MB DREAMY BUNNY\"},\"image\":{\"@id\":\"https:\/\/dreamybunny.lt\/#\/schema\/logo\/image\/\"}}]}<\/script>\n<!-- \/ Yoast SEO plugin. -->","yoast_head_json":{"title":"K\u016bdikio vystyklas i\u0161 100 % bambuko - Free Horses - Dreamy Bunny - prek\u0117s vaikams","description":"K\u016bdikio vystyklas i\u0161 100 % bambuko - Free Horses ir kitos vaik\u0173 prek\u0117s. Prek\u0117s valgymui, miegui, \u017eaidimams, vaik\u0173 tekstil\u0117, prek\u0117s kambariui ir kitos prek\u0117s vaikams.","robots":{"index":"index","follow":"follow","max-snippet":"max-snippet:-1","max-image-preview":"max-image-preview:large","max-video-preview":"max-video-preview:-1"},"canonical":"https:\/\/dreamybunny.lt\/en\/product\/kudikio-vystyklas-is-100-bambuko-free-horses\/","og_locale":"en_US","og_type":"article","og_title":"K\u016bdikio vystyklas i\u0161 100 % bambuko - Free Horses - Dreamy Bunny - prek\u0117s vaikams","og_description":"K\u016bdikio vystyklas i\u0161 100 % bambuko - Free Horses ir kitos vaik\u0173 prek\u0117s. Prek\u0117s valgymui, miegui, \u017eaidimams, vaik\u0173 tekstil\u0117, prek\u0117s kambariui ir kitos prek\u0117s vaikams.","og_url":"https:\/\/dreamybunny.lt\/en\/product\/kudikio-vystyklas-is-100-bambuko-free-horses\/","og_site_name":"Dreamy Bunny - prek\u0117s vaikams","article_modified_time":"2023-05-15T11:30:17+00:00","og_image":[{"width":1366,"height":2048,"url":"https:\/\/dreamybunny.lt\/wp-content\/uploads\/2023\/05\/Kudikio-vystyklas-is-100-bambuko-free-horses2.jpg","type":"image\/jpeg"}],"twitter_card":"summary_large_image","twitter_misc":{"Est. reading time":"1 minute"},"schema":{"@context":"https:\/\/schema.org","@graph":[{"@type":"WebPage","@id":"https:\/\/dreamybunny.lt\/en\/product\/kudikio-vystyklas-is-100-bambuko-free-horses\/","url":"https:\/\/dreamybunny.lt\/en\/product\/kudikio-vystyklas-is-100-bambuko-free-horses\/","name":"K\u016bdikio vystyklas i\u0161 100 % bambuko - Free Horses - Dreamy Bunny - prek\u0117s vaikams","isPartOf":{"@id":"https:\/\/dreamybunny.lt\/#website"},"datePublished":"2023-05-15T11:27:04+00:00","dateModified":"2023-05-15T11:30:17+00:00","description":"K\u016bdikio vystyklas i\u0161 100 % bambuko - Free Horses ir kitos vaik\u0173 prek\u0117s. Prek\u0117s valgymui, miegui, \u017eaidimams, vaik\u0173 tekstil\u0117, prek\u0117s kambariui ir kitos prek\u0117s vaikams.","breadcrumb":{"@id":"https:\/\/dreamybunny.lt\/en\/product\/kudikio-vystyklas-is-100-bambuko-free-horses\/#breadcrumb"},"inLanguage":"en-US","potentialAction":[{"@type":"ReadAction","target":["https:\/\/dreamybunny.lt\/en\/product\/kudikio-vystyklas-is-100-bambuko-free-horses\/"]}]},{"@type":"BreadcrumbList","@id":"https:\/\/dreamybunny.lt\/en\/product\/kudikio-vystyklas-is-100-bambuko-free-horses\/#breadcrumb","itemListElement":[{"@type":"ListItem","position":1,"name":"Home","item":"https:\/\/dreamybunny.lt\/"},{"@type":"ListItem","position":2,"name":"Parduotuv\u0117","item":"https:\/\/dreamybunny.lt\/parduotuve\/"},{"@type":"ListItem","position":3,"name":"K\u016bdikio vystyklas i\u0161 100 % bambuko &#8211; Free Horses"}]},{"@type":"WebSite","@id":"https:\/\/dreamybunny.lt\/#website","url":"https:\/\/dreamybunny.lt\/","name":"Dreamy Bunny - prek\u0117s vaikams","description":"","publisher":{"@id":"https:\/\/dreamybunny.lt\/#organization"},"potentialAction":[{"@type":"SearchAction","target":{"@type":"EntryPoint","urlTemplate":"https:\/\/dreamybunny.lt\/?s={search_term_string}"},"query-input":"required name=search_term_string"}],"inLanguage":"en-US"},{"@type":"Organization","@id":"https:\/\/dreamybunny.lt\/#organization","name":"MB DREAMY BUNNY","url":"https:\/\/dreamybunny.lt\/","logo":{"@type":"ImageObject","inLanguage":"en-US","@id":"https:\/\/dreamybunny.lt\/#\/schema\/logo\/image\/","url":"http:\/\/dreamybunny.lt\/wp-content\/uploads\/2023\/01\/logo.png","contentUrl":"http:\/\/dreamybunny.lt\/wp-content\/uploads\/2023\/01\/logo.png","width":500,"height":500,"caption":"MB DREAMY BUNNY"},"image":{"@id":"https:\/\/dreamybunny.lt\/#\/schema\/logo\/image\/"}}]}},"_links":{"self":[{"href":"https:\/\/dreamybunny.lt\/en\/wp-json\/wp\/v2\/product\/9179"}],"collection":[{"href":"https:\/\/dreamybunny.lt\/en\/wp-json\/wp\/v2\/product"}],"about":[{"href":"https:\/\/dreamybunny.lt\/en\/wp-json\/wp\/v2\/types\/product"}],"replies":[{"embeddable":true,"href":"https:\/\/dreamybunny.lt\/en\/wp-json\/wp\/v2\/comments?post=9179"}],"wp:featuredmedia":[{"embeddable":true,"href":"https:\/\/dreamybunny.lt\/en\/wp-json\/wp\/v2\/media\/9182"}],"wp:attachment":[{"href":"https:\/\/dreamybunny.lt\/en\/wp-json\/wp\/v2\/media?parent=9179"}],"wp:term":[{"taxonomy":"product_cat","embeddable":true,"href":"https:\/\/dreamybunny.lt\/en\/wp-json\/wp\/v2\/product_cat?post=9179"},{"taxonomy":"product_tag","embeddable":true,"href":"https:\/\/dreamybunny.lt\/en\/wp-json\/wp\/v2\/product_tag?post=9179"}],"curies":[{"name":"wp","href":"https:\/\/api.w.org\/{rel}","templated":true}]}}