{"id":9304,"date":"2023-05-28T22:09:58","date_gmt":"2023-05-28T19:09:58","guid":{"rendered":"https:\/\/dreamybunny.lt\/?post_type=product&#038;p=9304"},"modified":"2023-08-02T21:39:13","modified_gmt":"2023-08-02T18:39:13","slug":"vandeniui-atspari-tipi-palapine-garden-blue","status":"publish","type":"product","link":"https:\/\/dreamybunny.lt\/en\/product\/vandeniui-atspari-tipi-palapine-garden-blue\/","title":{"rendered":"Vandeniui atspari tipi palapin\u0117 &#8211; Garden Blue"},"content":{"rendered":"<p>\u0160is tipis talpina 2-3 vaikus. Tipis yra lengvai sulankstomas ir neu\u017eima daug vietos, j\u012f lengva transportuoti. Visi audiniai gali b\u016bti skalbiami skalbimo ma\u0161inoje.<\/p>\n<p>Cozy &amp; Dozy Garden Tipi rinkin\u012f sudaro:<br \/>\nPalapin\u0117;<br \/>\nDekoratyvin\u0117s v\u0117liav\u0117l\u0117s;<br \/>\n4 strypeliai i\u0161 nat\u016bralios pu\u0161ies medienos (r\u0117mas);<br \/>\nStabilizatorius (neleid\u017eia r\u0117mui jud\u0117ti);<br \/>\nMink\u0161tas kilim\u0117lis (pasirinktinai).<\/p>\n<p>Parametrai:<br \/>\nR\u0117mo auk\u0161tis &#8211; 170 cm;<br \/>\nPalapin\u0117s auk\u0161tis pasta\u010dius &#8211; 150 cm;<br \/>\nPagrindo plotis &#8211; 110 cm x 110 cm;<br \/>\nAudinys &#8211; 100 % poliesteris 180g\/m2.<\/p>\n<p>Skalbimas:<br \/>\nDelikati programa, naudojant \u017eem\u0105 temperat\u016br\u0105;<br \/>\nNebalinkite, nemirkykite;<br \/>\nDo not tumble dry;<br \/>\nAudin\u012f lyginkite i\u0161 vidin\u0117s pus\u0117s.<\/p>","protected":false},"excerpt":{"rendered":"<p>Lauko palapin\u0117 pasi\u016bta i\u0161 vandeniui atsparaus PREMIUM audinio, tad tinka \u017eaisti kieme.<\/p>\n<p>Tipis turi \u012fsi\u016bt\u0105 plon\u0105 vandeniui atspar\u0173 pagrind\u0105, dekoratyvines v\u0117liav\u0117les, sulankstomus pu\u0161ies medienos strypelius, stabilizatori\u0173 palapinei, vidin\u0119 ki\u0161en\u0117l\u0119 ma\u017eiems \u017eaisliukams ir du langelius su &#8222;\u017ealiuz\u0117mis&#8221;. Palapin\u0119 papildomai galima rinktis kartu su pamink\u0161tintu kilim\u0117liu arba be jo.<\/p>\n<p>Made by hand.<\/p>\n<p><strong>Product preparation and delivery 1-1.5 weeks.<\/strong><\/p>","protected":false},"featured_media":9307,"comment_status":"closed","ping_status":"closed","template":"","meta":[],"product_cat":[190,189,94,87],"product_tag":[],"yoast_head":"<!-- This site is optimized with the Yoast SEO plugin v21.0 - https:\/\/yoast.com\/wordpress\/plugins\/seo\/ -->\n<title>Vandeniui atspari tipi palapin\u0117 - Garden Blue - Dreamy Bunny - prek\u0117s vaikams<\/title>\n<meta name=\"description\" content=\"Vandeniui atspari tipi palapin\u0117 - Garden Blue ir kitos vaik\u0173 prek\u0117s. Prek\u0117s valgymui, miegui, \u017eaidimams, vaik\u0173 tekstil\u0117, prek\u0117s kambariui ir kitos prek\u0117s vaikams.\" \/>\n<meta name=\"robots\" content=\"index, follow, max-snippet:-1, max-image-preview:large, max-video-preview:-1\" \/>\n<link rel=\"canonical\" href=\"https:\/\/dreamybunny.lt\/en\/product\/vandeniui-atspari-tipi-palapine-garden-blue\/\" \/>\n<meta property=\"og:locale\" content=\"en_US\" \/>\n<meta property=\"og:type\" content=\"article\" \/>\n<meta property=\"og:title\" content=\"Vandeniui atspari tipi palapin\u0117 - Garden Blue - Dreamy Bunny - prek\u0117s vaikams\" \/>\n<meta property=\"og:description\" content=\"Vandeniui atspari tipi palapin\u0117 - Garden Blue ir kitos vaik\u0173 prek\u0117s. Prek\u0117s valgymui, miegui, \u017eaidimams, vaik\u0173 tekstil\u0117, prek\u0117s kambariui ir kitos prek\u0117s vaikams.\" \/>\n<meta property=\"og:url\" content=\"https:\/\/dreamybunny.lt\/en\/product\/vandeniui-atspari-tipi-palapine-garden-blue\/\" \/>\n<meta property=\"og:site_name\" content=\"Dreamy Bunny - prek\u0117s vaikams\" \/>\n<meta property=\"article:modified_time\" content=\"2023-08-02T18:39:13+00:00\" \/>\n<meta property=\"og:image\" content=\"https:\/\/dreamybunny.lt\/wp-content\/uploads\/2023\/05\/Vandeniui-atspari-tipi-palapine-Garden-Blue.jpg\" \/>\n\t<meta property=\"og:image:width\" content=\"1200\" \/>\n\t<meta property=\"og:image:height\" content=\"1200\" \/>\n\t<meta property=\"og:image:type\" content=\"image\/jpeg\" \/>\n<meta name=\"twitter:card\" content=\"summary_large_image\" \/>\n<meta name=\"twitter:label1\" content=\"Est. reading time\" \/>\n\t<meta name=\"twitter:data1\" content=\"1 minute\" \/>\n<script type=\"application\/ld+json\" class=\"yoast-schema-graph\">{\"@context\":\"https:\/\/schema.org\",\"@graph\":[{\"@type\":\"WebPage\",\"@id\":\"https:\/\/dreamybunny.lt\/produktas\/vandeniui-atspari-tipi-palapine-garden-blue\/\",\"url\":\"https:\/\/dreamybunny.lt\/produktas\/vandeniui-atspari-tipi-palapine-garden-blue\/\",\"name\":\"Vandeniui atspari tipi palapin\u0117 - Garden Blue - Dreamy Bunny - prek\u0117s vaikams\",\"isPartOf\":{\"@id\":\"https:\/\/dreamybunny.lt\/#website\"},\"datePublished\":\"2023-05-28T19:09:58+00:00\",\"dateModified\":\"2023-08-02T18:39:13+00:00\",\"description\":\"Vandeniui atspari tipi palapin\u0117 - Garden Blue ir kitos vaik\u0173 prek\u0117s. Prek\u0117s valgymui, miegui, \u017eaidimams, vaik\u0173 tekstil\u0117, prek\u0117s kambariui ir kitos prek\u0117s vaikams.\",\"breadcrumb\":{\"@id\":\"https:\/\/dreamybunny.lt\/produktas\/vandeniui-atspari-tipi-palapine-garden-blue\/#breadcrumb\"},\"inLanguage\":\"en-US\",\"potentialAction\":[{\"@type\":\"ReadAction\",\"target\":[\"https:\/\/dreamybunny.lt\/produktas\/vandeniui-atspari-tipi-palapine-garden-blue\/\"]}]},{\"@type\":\"BreadcrumbList\",\"@id\":\"https:\/\/dreamybunny.lt\/produktas\/vandeniui-atspari-tipi-palapine-garden-blue\/#breadcrumb\",\"itemListElement\":[{\"@type\":\"ListItem\",\"position\":1,\"name\":\"Home\",\"item\":\"https:\/\/dreamybunny.lt\/\"},{\"@type\":\"ListItem\",\"position\":2,\"name\":\"Parduotuv\u0117\",\"item\":\"https:\/\/dreamybunny.lt\/parduotuve\/\"},{\"@type\":\"ListItem\",\"position\":3,\"name\":\"Vandeniui atspari tipi palapin\u0117 &#8211; Garden Blue\"}]},{\"@type\":\"WebSite\",\"@id\":\"https:\/\/dreamybunny.lt\/#website\",\"url\":\"https:\/\/dreamybunny.lt\/\",\"name\":\"Dreamy Bunny - prek\u0117s vaikams\",\"description\":\"\",\"publisher\":{\"@id\":\"https:\/\/dreamybunny.lt\/#organization\"},\"potentialAction\":[{\"@type\":\"SearchAction\",\"target\":{\"@type\":\"EntryPoint\",\"urlTemplate\":\"https:\/\/dreamybunny.lt\/?s={search_term_string}\"},\"query-input\":\"required name=search_term_string\"}],\"inLanguage\":\"en-US\"},{\"@type\":\"Organization\",\"@id\":\"https:\/\/dreamybunny.lt\/#organization\",\"name\":\"MB DREAMY BUNNY\",\"url\":\"https:\/\/dreamybunny.lt\/\",\"logo\":{\"@type\":\"ImageObject\",\"inLanguage\":\"en-US\",\"@id\":\"https:\/\/dreamybunny.lt\/#\/schema\/logo\/image\/\",\"url\":\"http:\/\/dreamybunny.lt\/wp-content\/uploads\/2023\/01\/logo.png\",\"contentUrl\":\"http:\/\/dreamybunny.lt\/wp-content\/uploads\/2023\/01\/logo.png\",\"width\":500,\"height\":500,\"caption\":\"MB DREAMY BUNNY\"},\"image\":{\"@id\":\"https:\/\/dreamybunny.lt\/#\/schema\/logo\/image\/\"}}]}<\/script>\n<!-- \/ Yoast SEO plugin. -->","yoast_head_json":{"title":"Vandeniui atspari tipi palapin\u0117 - Garden Blue - Dreamy Bunny - prek\u0117s vaikams","description":"Vandeniui atspari tipi palapin\u0117 - Garden Blue ir kitos vaik\u0173 prek\u0117s. Prek\u0117s valgymui, miegui, \u017eaidimams, vaik\u0173 tekstil\u0117, prek\u0117s kambariui ir kitos prek\u0117s vaikams.","robots":{"index":"index","follow":"follow","max-snippet":"max-snippet:-1","max-image-preview":"max-image-preview:large","max-video-preview":"max-video-preview:-1"},"canonical":"https:\/\/dreamybunny.lt\/en\/product\/vandeniui-atspari-tipi-palapine-garden-blue\/","og_locale":"en_US","og_type":"article","og_title":"Vandeniui atspari tipi palapin\u0117 - Garden Blue - Dreamy Bunny - prek\u0117s vaikams","og_description":"Vandeniui atspari tipi palapin\u0117 - Garden Blue ir kitos vaik\u0173 prek\u0117s. Prek\u0117s valgymui, miegui, \u017eaidimams, vaik\u0173 tekstil\u0117, prek\u0117s kambariui ir kitos prek\u0117s vaikams.","og_url":"https:\/\/dreamybunny.lt\/en\/product\/vandeniui-atspari-tipi-palapine-garden-blue\/","og_site_name":"Dreamy Bunny - prek\u0117s vaikams","article_modified_time":"2023-08-02T18:39:13+00:00","og_image":[{"width":1200,"height":1200,"url":"https:\/\/dreamybunny.lt\/wp-content\/uploads\/2023\/05\/Vandeniui-atspari-tipi-palapine-Garden-Blue.jpg","type":"image\/jpeg"}],"twitter_card":"summary_large_image","twitter_misc":{"Est. reading time":"1 minute"},"schema":{"@context":"https:\/\/schema.org","@graph":[{"@type":"WebPage","@id":"https:\/\/dreamybunny.lt\/produktas\/vandeniui-atspari-tipi-palapine-garden-blue\/","url":"https:\/\/dreamybunny.lt\/produktas\/vandeniui-atspari-tipi-palapine-garden-blue\/","name":"Vandeniui atspari tipi palapin\u0117 - Garden Blue - Dreamy Bunny - prek\u0117s vaikams","isPartOf":{"@id":"https:\/\/dreamybunny.lt\/#website"},"datePublished":"2023-05-28T19:09:58+00:00","dateModified":"2023-08-02T18:39:13+00:00","description":"Vandeniui atspari tipi palapin\u0117 - Garden Blue ir kitos vaik\u0173 prek\u0117s. Prek\u0117s valgymui, miegui, \u017eaidimams, vaik\u0173 tekstil\u0117, prek\u0117s kambariui ir kitos prek\u0117s vaikams.","breadcrumb":{"@id":"https:\/\/dreamybunny.lt\/produktas\/vandeniui-atspari-tipi-palapine-garden-blue\/#breadcrumb"},"inLanguage":"en-US","potentialAction":[{"@type":"ReadAction","target":["https:\/\/dreamybunny.lt\/produktas\/vandeniui-atspari-tipi-palapine-garden-blue\/"]}]},{"@type":"BreadcrumbList","@id":"https:\/\/dreamybunny.lt\/produktas\/vandeniui-atspari-tipi-palapine-garden-blue\/#breadcrumb","itemListElement":[{"@type":"ListItem","position":1,"name":"Home","item":"https:\/\/dreamybunny.lt\/"},{"@type":"ListItem","position":2,"name":"Parduotuv\u0117","item":"https:\/\/dreamybunny.lt\/parduotuve\/"},{"@type":"ListItem","position":3,"name":"Vandeniui atspari tipi palapin\u0117 &#8211; Garden Blue"}]},{"@type":"WebSite","@id":"https:\/\/dreamybunny.lt\/#website","url":"https:\/\/dreamybunny.lt\/","name":"Dreamy Bunny - prek\u0117s vaikams","description":"","publisher":{"@id":"https:\/\/dreamybunny.lt\/#organization"},"potentialAction":[{"@type":"SearchAction","target":{"@type":"EntryPoint","urlTemplate":"https:\/\/dreamybunny.lt\/?s={search_term_string}"},"query-input":"required name=search_term_string"}],"inLanguage":"en-US"},{"@type":"Organization","@id":"https:\/\/dreamybunny.lt\/#organization","name":"MB DREAMY BUNNY","url":"https:\/\/dreamybunny.lt\/","logo":{"@type":"ImageObject","inLanguage":"en-US","@id":"https:\/\/dreamybunny.lt\/#\/schema\/logo\/image\/","url":"http:\/\/dreamybunny.lt\/wp-content\/uploads\/2023\/01\/logo.png","contentUrl":"http:\/\/dreamybunny.lt\/wp-content\/uploads\/2023\/01\/logo.png","width":500,"height":500,"caption":"MB DREAMY BUNNY"},"image":{"@id":"https:\/\/dreamybunny.lt\/#\/schema\/logo\/image\/"}}]}},"_links":{"self":[{"href":"https:\/\/dreamybunny.lt\/en\/wp-json\/wp\/v2\/product\/9304"}],"collection":[{"href":"https:\/\/dreamybunny.lt\/en\/wp-json\/wp\/v2\/product"}],"about":[{"href":"https:\/\/dreamybunny.lt\/en\/wp-json\/wp\/v2\/types\/product"}],"replies":[{"embeddable":true,"href":"https:\/\/dreamybunny.lt\/en\/wp-json\/wp\/v2\/comments?post=9304"}],"wp:featuredmedia":[{"embeddable":true,"href":"https:\/\/dreamybunny.lt\/en\/wp-json\/wp\/v2\/media\/9307"}],"wp:attachment":[{"href":"https:\/\/dreamybunny.lt\/en\/wp-json\/wp\/v2\/media?parent=9304"}],"wp:term":[{"taxonomy":"product_cat","embeddable":true,"href":"https:\/\/dreamybunny.lt\/en\/wp-json\/wp\/v2\/product_cat?post=9304"},{"taxonomy":"product_tag","embeddable":true,"href":"https:\/\/dreamybunny.lt\/en\/wp-json\/wp\/v2\/product_tag?post=9304"}],"curies":[{"name":"wp","href":"https:\/\/api.w.org\/{rel}","templated":true}]}}