{"id":9395,"date":"2023-07-12T15:44:52","date_gmt":"2023-07-12T12:44:52","guid":{"rendered":"https:\/\/dreamybunny.lt\/?post_type=product&#038;p=9395"},"modified":"2024-06-24T01:15:45","modified_gmt":"2024-06-23T22:15:45","slug":"vezimelio-ideklas-is-100-bambuko-pastel-gelato","status":"publish","type":"product","link":"https:\/\/dreamybunny.lt\/en\/product\/vezimelio-ideklas-is-100-bambuko-pastel-gelato\/","title":{"rendered":"Ve\u017eim\u0117lio \u012fd\u0117klas i\u0161 100 % bambuko &#8211; Pastel Gelato"},"content":{"rendered":"<section class=\"wpb-content-wrapper\"><div class=\"vc_row wpb_row vc_row-fluid vc_row-o-equal-height vc_row-flex wd-rs-63df7195dd723\"><div class=\"wpb_column vc_column_container vc_col-sm-12 vc_col-xs-12 wd-rs-63dc05d3bab9f\"><div class=\"vc_column-inner vc_custom_1675363805480\"><div class=\"wpb_wrapper\">\t\t<div id=\"wd-66789c9e03ec7\" class=\"wd-text-block wd-wpb reset-last-child wd-rs-66789c9e03ec7 text-left vc_custom_1719180460717\">\n\t\t\t<p>The insert protects the stroller from dirt. It helps to keep the child warm on cold days, and in hot weather it protects the child&#039;s skin from the often synthetic upholstery of the stroller. Undoubtedly, the insert gives the stroller a new look with its unique fabric pattern.<\/p>\n<p>Ve\u017eim\u0117lio \u012fd\u0117klas turi 2 ilgas skylutes, skirtas dir\u017eams. Jis yra universalus ir tinka beveik visiems ve\u017eim\u0117li\u0173 modeliams. Vir\u0161utin\u0117je \u012fd\u0117klo dalyje yra rai\u0161teliai, kurie leis pritvirtinti j\u012f prie ve\u017eim\u0117lio, o apa\u010dioje &#8211; elastin\u0117 guma, kuri leid\u017eia dar tvir\u010diau pritvirtinti \u012fd\u0117kl\u0105.<\/p>\n<p>Bambukas 60 % efektyviau sugeria vanden\u012f bei nemalonius kvapus nei medviln\u0117. Tai vienas i\u0161 kokybi\u0161kiausi\u0173 ir tuo pa\u010diu nat\u016braliausi\u0173 audini\u0173, kur\u012f galite padovanoti savo k\u016bdikiui. Bambukas pasi\u017eymi antibakterin\u0117mis, antialergin\u0117mis ir prie\u0161grybelin\u0117mis savyb\u0117mis. Taip pat bambukas pasi\u017eymi termoreguliacin\u0117mis savyb\u0117mis, tai rei\u0161kia, kad kar\u0161tu oru \u0161i med\u017eiaga palaikys 2 laipsniais \u017eemesn\u0119 temperat\u016br\u0105. Jis pad\u0117s apsaugoti nuo perkaitimo ir prakaitavimo. Bambukin\u0117 med\u017eiaga, i\u0161 kurios pagamintas \u012fd\u0117klas, yra be pesticid\u0173 ar kit\u0173 ter\u0161al\u0173.<\/p>\n<p>Makaszka gaminiai siuvami rankomis, puosel\u0117jant kruop\u0161tum\u0105 ir atidum\u0105 detal\u0117ms, o auk\u0161\u010diausios kokyb\u0117s audiniai u\u017etikrina gamini\u0173 ilgaam\u017ei\u0161kum\u0105.<\/p>\n<p>This stroller insert is a great and practical gift idea for a baby.<\/p>\n<p>\u012ed\u0117klo matmenys &#8211; 36 cm x 90 cm (+\/- 2 cm).<\/p>\n<p>Composition:<br \/>\nVir\u0161utin\u0117 dalis &#8211; 1<span class=\"Y2IQFc\" lang=\"lt\">00 % auk\u0161\u010diausios kokyb\u0117s bambuko viskoz\u0117. Audinys turi OEKO-TEX 100 I klas\u0117s sertifikat\u0105.<\/span><br \/>\nU\u017epildas\/apatin\u0117 dalis &#8211; 100 % poliesteris (tinklinis 3D audinys).<\/p>\n<p>Washing method:<br \/>\nRekomenduojame skalbti skalbimo ma\u0161inoje 30\u00b0C (maks. 800 apsisukim\u0173\/min.), naudojant delika\u010di\u0105 program\u0105 bei special\u0173 mai\u0161el\u012f, skirt\u0105 saugoti audinius;<br \/>\nDo not tumble dry;<br \/>\nBambukin\u0119 \u012fd\u0117klo dal\u012f lyginkite su maks. 110\u00b0C temperat\u016bra.<\/p>\n<p>Note - due to frequent washing and\/or sunlight, bamboo products may naturally wear out - the fabric may swell or fray, and the colors may lose their intensity.<\/p>\n\t\t<\/div>\n\t\t<\/div><\/div><\/div><\/div>\n<\/section>","protected":false},"excerpt":{"rendered":"<p>Ve\u017eim\u0117lio \u012fd\u0117klas pagamintas i\u0161 100 % bambuko. \u012ed\u0117klo galin\u0117 dalis pasi\u016bta i\u0161 \u201eprotingo\u201c 3D tinklelio audinio, kuris turi daug privalum\u0173. 3D audinys \u2013 moderni med\u017eiaga, pasi\u017eyminti puikia oro cirkuliacija ir minimaliu dr\u0117gm\u0117s sug\u0117rimu. Jis yra antialerginis, lengvas, lengvai valomas, pasi\u017eymi antibakterin\u0117mis savyb\u0117mis ir apsaugo nuo trinties, ta\u010diau, vis\u0173 pirma, jis puikiai praleid\u017eia or\u0105, o tai padeda i\u0161vengti pernelyg didelio prakaitavimo net kar\u0161tomis dienomis.<\/p>\n<p>Intended for children from 6 to 36 months.<\/p>\n<p>Sewn by hand.<\/p>\n<p><strong>Product preparation and delivery in 1-1.5 weeks.<\/strong><\/p>","protected":false},"featured_media":9878,"comment_status":"closed","ping_status":"closed","template":"","meta":[],"product_cat":[22,177],"product_tag":[],"yoast_head":"<!-- This site is optimized with the Yoast SEO plugin v21.0 - https:\/\/yoast.com\/wordpress\/plugins\/seo\/ -->\n<title>Ve\u017eim\u0117lio \u012fd\u0117klas i\u0161 100 % bambuko - Pastel Gelato - Dreamy Bunny - prek\u0117s vaikams<\/title>\n<meta name=\"description\" content=\"Ve\u017eim\u0117lio \u012fd\u0117klas i\u0161 100 % bambuko - Pastel Gelato ir kitos vaik\u0173 prek\u0117s. Prek\u0117s valgymui, miegui, \u017eaidimams, vaik\u0173 tekstil\u0117, prek\u0117s kambariui ir kitos prek\u0117s vaikams.\" \/>\n<meta name=\"robots\" content=\"index, follow, max-snippet:-1, max-image-preview:large, max-video-preview:-1\" \/>\n<link rel=\"canonical\" href=\"https:\/\/dreamybunny.lt\/en\/product\/vezimelio-ideklas-is-100-bambuko-pastel-gelato\/\" \/>\n<meta property=\"og:locale\" content=\"en_US\" \/>\n<meta property=\"og:type\" content=\"article\" \/>\n<meta property=\"og:title\" content=\"Ve\u017eim\u0117lio \u012fd\u0117klas i\u0161 100 % bambuko - Pastel Gelato - Dreamy Bunny - prek\u0117s vaikams\" \/>\n<meta property=\"og:description\" content=\"Ve\u017eim\u0117lio \u012fd\u0117klas i\u0161 100 % bambuko - Pastel Gelato ir kitos vaik\u0173 prek\u0117s. Prek\u0117s valgymui, miegui, \u017eaidimams, vaik\u0173 tekstil\u0117, prek\u0117s kambariui ir kitos prek\u0117s vaikams.\" \/>\n<meta property=\"og:url\" content=\"https:\/\/dreamybunny.lt\/en\/product\/vezimelio-ideklas-is-100-bambuko-pastel-gelato\/\" \/>\n<meta property=\"og:site_name\" content=\"Dreamy Bunny - prek\u0117s vaikams\" \/>\n<meta property=\"article:modified_time\" content=\"2024-06-23T22:15:45+00:00\" \/>\n<meta property=\"og:image\" content=\"https:\/\/dreamybunny.lt\/wp-content\/uploads\/2023\/07\/IMG_9920-min.png\" \/>\n\t<meta property=\"og:image:width\" content=\"1000\" \/>\n\t<meta property=\"og:image:height\" content=\"1000\" \/>\n\t<meta property=\"og:image:type\" content=\"image\/png\" \/>\n<meta name=\"twitter:card\" content=\"summary_large_image\" \/>\n<meta name=\"twitter:label1\" content=\"Est. reading time\" \/>\n\t<meta name=\"twitter:data1\" content=\"2 minutes\" \/>\n<script type=\"application\/ld+json\" class=\"yoast-schema-graph\">{\"@context\":\"https:\/\/schema.org\",\"@graph\":[{\"@type\":\"WebPage\",\"@id\":\"https:\/\/dreamybunny.lt\/produktas\/vezimelio-ideklas-is-100-bambuko-pastel-gelato\/\",\"url\":\"https:\/\/dreamybunny.lt\/produktas\/vezimelio-ideklas-is-100-bambuko-pastel-gelato\/\",\"name\":\"Ve\u017eim\u0117lio \u012fd\u0117klas i\u0161 100 % bambuko - Pastel Gelato - Dreamy Bunny - prek\u0117s vaikams\",\"isPartOf\":{\"@id\":\"https:\/\/dreamybunny.lt\/#website\"},\"datePublished\":\"2023-07-12T12:44:52+00:00\",\"dateModified\":\"2024-06-23T22:15:45+00:00\",\"description\":\"Ve\u017eim\u0117lio \u012fd\u0117klas i\u0161 100 % bambuko - Pastel Gelato ir kitos vaik\u0173 prek\u0117s. Prek\u0117s valgymui, miegui, \u017eaidimams, vaik\u0173 tekstil\u0117, prek\u0117s kambariui ir kitos prek\u0117s vaikams.\",\"breadcrumb\":{\"@id\":\"https:\/\/dreamybunny.lt\/produktas\/vezimelio-ideklas-is-100-bambuko-pastel-gelato\/#breadcrumb\"},\"inLanguage\":\"en-US\",\"potentialAction\":[{\"@type\":\"ReadAction\",\"target\":[\"https:\/\/dreamybunny.lt\/produktas\/vezimelio-ideklas-is-100-bambuko-pastel-gelato\/\"]}]},{\"@type\":\"BreadcrumbList\",\"@id\":\"https:\/\/dreamybunny.lt\/produktas\/vezimelio-ideklas-is-100-bambuko-pastel-gelato\/#breadcrumb\",\"itemListElement\":[{\"@type\":\"ListItem\",\"position\":1,\"name\":\"Home\",\"item\":\"https:\/\/dreamybunny.lt\/\"},{\"@type\":\"ListItem\",\"position\":2,\"name\":\"Parduotuv\u0117\",\"item\":\"https:\/\/dreamybunny.lt\/parduotuve\/\"},{\"@type\":\"ListItem\",\"position\":3,\"name\":\"Ve\u017eim\u0117lio \u012fd\u0117klas i\u0161 100 % bambuko &#8211; Pastel Gelato\"}]},{\"@type\":\"WebSite\",\"@id\":\"https:\/\/dreamybunny.lt\/#website\",\"url\":\"https:\/\/dreamybunny.lt\/\",\"name\":\"Dreamy Bunny - prek\u0117s vaikams\",\"description\":\"\",\"publisher\":{\"@id\":\"https:\/\/dreamybunny.lt\/#organization\"},\"potentialAction\":[{\"@type\":\"SearchAction\",\"target\":{\"@type\":\"EntryPoint\",\"urlTemplate\":\"https:\/\/dreamybunny.lt\/?s={search_term_string}\"},\"query-input\":\"required name=search_term_string\"}],\"inLanguage\":\"en-US\"},{\"@type\":\"Organization\",\"@id\":\"https:\/\/dreamybunny.lt\/#organization\",\"name\":\"MB DREAMY BUNNY\",\"url\":\"https:\/\/dreamybunny.lt\/\",\"logo\":{\"@type\":\"ImageObject\",\"inLanguage\":\"en-US\",\"@id\":\"https:\/\/dreamybunny.lt\/#\/schema\/logo\/image\/\",\"url\":\"http:\/\/dreamybunny.lt\/wp-content\/uploads\/2023\/01\/logo.png\",\"contentUrl\":\"http:\/\/dreamybunny.lt\/wp-content\/uploads\/2023\/01\/logo.png\",\"width\":500,\"height\":500,\"caption\":\"MB DREAMY BUNNY\"},\"image\":{\"@id\":\"https:\/\/dreamybunny.lt\/#\/schema\/logo\/image\/\"}}]}<\/script>\n<!-- \/ Yoast SEO plugin. -->","yoast_head_json":{"title":"Ve\u017eim\u0117lio \u012fd\u0117klas i\u0161 100 % bambuko - Pastel Gelato - Dreamy Bunny - prek\u0117s vaikams","description":"Ve\u017eim\u0117lio \u012fd\u0117klas i\u0161 100 % bambuko - Pastel Gelato ir kitos vaik\u0173 prek\u0117s. Prek\u0117s valgymui, miegui, \u017eaidimams, vaik\u0173 tekstil\u0117, prek\u0117s kambariui ir kitos prek\u0117s vaikams.","robots":{"index":"index","follow":"follow","max-snippet":"max-snippet:-1","max-image-preview":"max-image-preview:large","max-video-preview":"max-video-preview:-1"},"canonical":"https:\/\/dreamybunny.lt\/en\/product\/vezimelio-ideklas-is-100-bambuko-pastel-gelato\/","og_locale":"en_US","og_type":"article","og_title":"Ve\u017eim\u0117lio \u012fd\u0117klas i\u0161 100 % bambuko - Pastel Gelato - Dreamy Bunny - prek\u0117s vaikams","og_description":"Ve\u017eim\u0117lio \u012fd\u0117klas i\u0161 100 % bambuko - Pastel Gelato ir kitos vaik\u0173 prek\u0117s. Prek\u0117s valgymui, miegui, \u017eaidimams, vaik\u0173 tekstil\u0117, prek\u0117s kambariui ir kitos prek\u0117s vaikams.","og_url":"https:\/\/dreamybunny.lt\/en\/product\/vezimelio-ideklas-is-100-bambuko-pastel-gelato\/","og_site_name":"Dreamy Bunny - prek\u0117s vaikams","article_modified_time":"2024-06-23T22:15:45+00:00","og_image":[{"width":1000,"height":1000,"url":"https:\/\/dreamybunny.lt\/wp-content\/uploads\/2023\/07\/IMG_9920-min.png","type":"image\/png"}],"twitter_card":"summary_large_image","twitter_misc":{"Est. reading time":"2 minutes"},"schema":{"@context":"https:\/\/schema.org","@graph":[{"@type":"WebPage","@id":"https:\/\/dreamybunny.lt\/produktas\/vezimelio-ideklas-is-100-bambuko-pastel-gelato\/","url":"https:\/\/dreamybunny.lt\/produktas\/vezimelio-ideklas-is-100-bambuko-pastel-gelato\/","name":"Ve\u017eim\u0117lio \u012fd\u0117klas i\u0161 100 % bambuko - Pastel Gelato - Dreamy Bunny - prek\u0117s vaikams","isPartOf":{"@id":"https:\/\/dreamybunny.lt\/#website"},"datePublished":"2023-07-12T12:44:52+00:00","dateModified":"2024-06-23T22:15:45+00:00","description":"Ve\u017eim\u0117lio \u012fd\u0117klas i\u0161 100 % bambuko - Pastel Gelato ir kitos vaik\u0173 prek\u0117s. Prek\u0117s valgymui, miegui, \u017eaidimams, vaik\u0173 tekstil\u0117, prek\u0117s kambariui ir kitos prek\u0117s vaikams.","breadcrumb":{"@id":"https:\/\/dreamybunny.lt\/produktas\/vezimelio-ideklas-is-100-bambuko-pastel-gelato\/#breadcrumb"},"inLanguage":"en-US","potentialAction":[{"@type":"ReadAction","target":["https:\/\/dreamybunny.lt\/produktas\/vezimelio-ideklas-is-100-bambuko-pastel-gelato\/"]}]},{"@type":"BreadcrumbList","@id":"https:\/\/dreamybunny.lt\/produktas\/vezimelio-ideklas-is-100-bambuko-pastel-gelato\/#breadcrumb","itemListElement":[{"@type":"ListItem","position":1,"name":"Home","item":"https:\/\/dreamybunny.lt\/"},{"@type":"ListItem","position":2,"name":"Parduotuv\u0117","item":"https:\/\/dreamybunny.lt\/parduotuve\/"},{"@type":"ListItem","position":3,"name":"Ve\u017eim\u0117lio \u012fd\u0117klas i\u0161 100 % bambuko &#8211; Pastel Gelato"}]},{"@type":"WebSite","@id":"https:\/\/dreamybunny.lt\/#website","url":"https:\/\/dreamybunny.lt\/","name":"Dreamy Bunny - prek\u0117s vaikams","description":"","publisher":{"@id":"https:\/\/dreamybunny.lt\/#organization"},"potentialAction":[{"@type":"SearchAction","target":{"@type":"EntryPoint","urlTemplate":"https:\/\/dreamybunny.lt\/?s={search_term_string}"},"query-input":"required name=search_term_string"}],"inLanguage":"en-US"},{"@type":"Organization","@id":"https:\/\/dreamybunny.lt\/#organization","name":"MB DREAMY BUNNY","url":"https:\/\/dreamybunny.lt\/","logo":{"@type":"ImageObject","inLanguage":"en-US","@id":"https:\/\/dreamybunny.lt\/#\/schema\/logo\/image\/","url":"http:\/\/dreamybunny.lt\/wp-content\/uploads\/2023\/01\/logo.png","contentUrl":"http:\/\/dreamybunny.lt\/wp-content\/uploads\/2023\/01\/logo.png","width":500,"height":500,"caption":"MB DREAMY BUNNY"},"image":{"@id":"https:\/\/dreamybunny.lt\/#\/schema\/logo\/image\/"}}]}},"_links":{"self":[{"href":"https:\/\/dreamybunny.lt\/en\/wp-json\/wp\/v2\/product\/9395"}],"collection":[{"href":"https:\/\/dreamybunny.lt\/en\/wp-json\/wp\/v2\/product"}],"about":[{"href":"https:\/\/dreamybunny.lt\/en\/wp-json\/wp\/v2\/types\/product"}],"replies":[{"embeddable":true,"href":"https:\/\/dreamybunny.lt\/en\/wp-json\/wp\/v2\/comments?post=9395"}],"wp:featuredmedia":[{"embeddable":true,"href":"https:\/\/dreamybunny.lt\/en\/wp-json\/wp\/v2\/media\/9878"}],"wp:attachment":[{"href":"https:\/\/dreamybunny.lt\/en\/wp-json\/wp\/v2\/media?parent=9395"}],"wp:term":[{"taxonomy":"product_cat","embeddable":true,"href":"https:\/\/dreamybunny.lt\/en\/wp-json\/wp\/v2\/product_cat?post=9395"},{"taxonomy":"product_tag","embeddable":true,"href":"https:\/\/dreamybunny.lt\/en\/wp-json\/wp\/v2\/product_tag?post=9395"}],"curies":[{"name":"wp","href":"https:\/\/api.w.org\/{rel}","templated":true}]}}