{"id":9416,"date":"2023-07-14T14:09:30","date_gmt":"2023-07-14T11:09:30","guid":{"rendered":"https:\/\/dreamybunny.lt\/?post_type=product&#038;p=9416"},"modified":"2023-07-14T14:14:40","modified_gmt":"2023-07-14T11:14:40","slug":"dvipusis-vezimelio-ideklas-forest-life","status":"publish","type":"product","link":"https:\/\/dreamybunny.lt\/en\/product\/dvipusis-vezimelio-ideklas-forest-life\/","title":{"rendered":"Double-sided stroller insert \u2013 Forest Life"},"content":{"rendered":"<section class=\"wpb-content-wrapper\"><div class=\"vc_row wpb_row vc_row-fluid vc_row-o-equal-height vc_row-flex wd-rs-63df7195dd723\"><div class=\"wpb_column vc_column_container vc_col-sm-12 vc_col-xs-12 wd-rs-63dc05d3bab9f\"><div class=\"vc_column-inner vc_custom_1675363805480\"><div class=\"wpb_wrapper\">\t\t<div id=\"wd-64b11ff1ac6d7\" class=\"wd-text-block wd-wpb reset-last-child wd-rs-64b11ff1ac6d7 text-left vc_custom_1689330449993\">\n\t\t\t<p>Nat\u016bral\u016bs \u012fd\u0117klo audiniai yra ne tik gra\u017e\u016bs, bet ir funkcional\u016bs \u2013 draugi\u0161ki gle\u017enai vaik\u0173 odelei, ir padeda efektyviai kovoti su pertekliniu prakaitavimu.<\/p>\n<p>\u0160is \u012fd\u0117klas turi specialias juosteles, skirtas \u012fd\u0117kl\u0105 saugiai pritvirtinti prie ve\u017eim\u0117lio, tam, kad jis nejud\u0117t\u0173. Tinkantis 3 ir 5 ta\u0161k\u0173 ve\u017eim\u0117liams. Be to, p\u0117d\u0173 auk\u0161tyje \u012fd\u0117klas turi prakti\u0161k\u0105, vandeniui atspar\u0173 juod\u0105 audin\u012f, kur\u012f galima lengvai nuvalyti dr\u0117gna \u0161luoste. D\u0117l \u0161ios prie\u017easties \u012fd\u0117kl\u0105 itin lengva pri\u017ei\u016br\u0117ti, tad jis puikiai tarnaus ne tik vasar\u0105, bet ir kitais met\u0173 laikais.<\/p>\n<p>Dimensions:<br \/>\nVe\u017eim\u0117lio \u012fd\u0117klo ilgis &#8211; 85 cm;<br \/>\nAtlo\u0161as &#8211; 46 cm;<br \/>\nS\u0117dyn\u0117s ilgis su koj\u0173 atrama &#8211; 39 cm;<br \/>\nKoj\u0173 atramos ilgis &#8211; 15,5 cm;<br \/>\nAtlo\u0161o plotis &#8211; 27,5 cm &#8211; 34,5 cm;<br \/>\nS\u0117dyn\u0117s plotis 25 cm &#8211; 32,5 cm.<\/p>\n<p>Sud\u0117tis &#8211; 100 % auk\u0161\u010diausios kokyb\u0117s medviln\u0117 su OekoTex\u00aeStandard100 sertifikatu ir 100 % linas.<\/p>\n<p>U\u017epildas &#8211; putplas\u010dio \u010diu\u017ein\u0117lis su OekoTex\u00aeStandard100 sertifikatu.<\/p>\n<p>Maintenance:<br \/>\nRekomenduojame skalbti rankomis 30\u00b0 (\u0161velniai, netrinant) arba skalbti skalbimo ma\u0161ina, naudojant delika\u010di\u0105 program\u0105, 30\u00b0, dedant \u012f tinklin\u012f mai\u0161el\u012f, skirt\u0105 saugoti audinius;<br \/>\nDo not tumble dry;<br \/>\nNenaudokite balikli\u0173 ar kit\u0173 agresyvi\u0173 skalbimo priemoni\u0173.<\/p>\n\t\t<\/div>\n\t\t<\/div><\/div><\/div><\/div>\n<\/section>","protected":false},"excerpt":{"rendered":"<p>Paverskite savo kasdienius pasivaik\u0161\u010diojimus dar patogesniais ir m\u0117gaukit\u0117s ma\u017eylio komfortu, kur\u012f sukuria dvipusis \u012fd\u0117klas ve\u017eim\u0117liui. \u012ed\u0117klas yra universalus &#8211; lengvai tinka daugumai ve\u017eim\u0117li\u0173, tai rei\u0161kia, kad keisdami ve\u017eim\u0117l\u012f J\u016bs netur\u0117site jaudintis d\u0117l naujo \u012fd\u0117klo.<\/p>\n<p>\u012ed\u0117klas yra dvipusis \u2013 viena pus\u0117 i\u0161 nat\u016bralaus lino, o kita i\u0161 medviln\u0117s.<br \/>\n\u012ed\u0117klas parduodamas be papildom\u0173 ve\u017eim\u0117lio pried\u0173.<\/p>\n<p>\u012ed\u0117klas siuvamas pagal u\u017esakym\u0105.<\/p>\n<p><strong>Pasiuvimas &#8211; 5-7 d.d.<\/strong><br \/>\n<strong>Pristatymas &#8211; 2-4 d.d.<\/strong><\/p>","protected":false},"featured_media":9417,"comment_status":"closed","ping_status":"closed","template":"","meta":[],"product_cat":[22,177],"product_tag":[],"yoast_head":"<!-- This site is optimized with the Yoast SEO plugin v21.0 - https:\/\/yoast.com\/wordpress\/plugins\/seo\/ -->\n<title>Dvipusis ve\u017eim\u0117lio \u012fd\u0117klas - Forest Life - Dreamy Bunny - prek\u0117s vaikams<\/title>\n<meta name=\"description\" content=\"Dvipusis ve\u017eim\u0117lio \u012fd\u0117klas - Forest Life ir kitos vaik\u0173 prek\u0117s. Prek\u0117s valgymui, miegui, \u017eaidimams, vaik\u0173 tekstil\u0117, prek\u0117s kambariui ir kitos prek\u0117s vaikams.\" \/>\n<meta name=\"robots\" content=\"index, follow, max-snippet:-1, max-image-preview:large, max-video-preview:-1\" \/>\n<link rel=\"canonical\" href=\"https:\/\/dreamybunny.lt\/en\/product\/dvipusis-vezimelio-ideklas-forest-life\/\" \/>\n<meta property=\"og:locale\" content=\"en_US\" \/>\n<meta property=\"og:type\" content=\"article\" \/>\n<meta property=\"og:title\" content=\"Dvipusis ve\u017eim\u0117lio \u012fd\u0117klas - Forest Life - Dreamy Bunny - prek\u0117s vaikams\" \/>\n<meta property=\"og:description\" content=\"Dvipusis ve\u017eim\u0117lio \u012fd\u0117klas - Forest Life ir kitos vaik\u0173 prek\u0117s. Prek\u0117s valgymui, miegui, \u017eaidimams, vaik\u0173 tekstil\u0117, prek\u0117s kambariui ir kitos prek\u0117s vaikams.\" \/>\n<meta property=\"og:url\" content=\"https:\/\/dreamybunny.lt\/en\/product\/dvipusis-vezimelio-ideklas-forest-life\/\" \/>\n<meta property=\"og:site_name\" content=\"Dreamy Bunny - prek\u0117s vaikams\" \/>\n<meta property=\"article:modified_time\" content=\"2023-07-14T11:14:40+00:00\" \/>\n<meta property=\"og:image\" content=\"https:\/\/dreamybunny.lt\/wp-content\/uploads\/2023\/07\/dvipusis-vezimelio-ideklas-forest-life.png\" \/>\n\t<meta property=\"og:image:width\" content=\"800\" \/>\n\t<meta property=\"og:image:height\" content=\"800\" \/>\n\t<meta property=\"og:image:type\" content=\"image\/png\" \/>\n<meta name=\"twitter:card\" content=\"summary_large_image\" \/>\n<meta name=\"twitter:label1\" content=\"Est. reading time\" \/>\n\t<meta name=\"twitter:data1\" content=\"2 minutes\" \/>\n<script type=\"application\/ld+json\" class=\"yoast-schema-graph\">{\"@context\":\"https:\/\/schema.org\",\"@graph\":[{\"@type\":\"WebPage\",\"@id\":\"https:\/\/dreamybunny.lt\/produktas\/dvipusis-vezimelio-ideklas-forest-life\/\",\"url\":\"https:\/\/dreamybunny.lt\/produktas\/dvipusis-vezimelio-ideklas-forest-life\/\",\"name\":\"Dvipusis ve\u017eim\u0117lio \u012fd\u0117klas - Forest Life - Dreamy Bunny - prek\u0117s vaikams\",\"isPartOf\":{\"@id\":\"https:\/\/dreamybunny.lt\/#website\"},\"datePublished\":\"2023-07-14T11:09:30+00:00\",\"dateModified\":\"2023-07-14T11:14:40+00:00\",\"description\":\"Dvipusis ve\u017eim\u0117lio \u012fd\u0117klas - Forest Life ir kitos vaik\u0173 prek\u0117s. Prek\u0117s valgymui, miegui, \u017eaidimams, vaik\u0173 tekstil\u0117, prek\u0117s kambariui ir kitos prek\u0117s vaikams.\",\"breadcrumb\":{\"@id\":\"https:\/\/dreamybunny.lt\/produktas\/dvipusis-vezimelio-ideklas-forest-life\/#breadcrumb\"},\"inLanguage\":\"en-US\",\"potentialAction\":[{\"@type\":\"ReadAction\",\"target\":[\"https:\/\/dreamybunny.lt\/produktas\/dvipusis-vezimelio-ideklas-forest-life\/\"]}]},{\"@type\":\"BreadcrumbList\",\"@id\":\"https:\/\/dreamybunny.lt\/produktas\/dvipusis-vezimelio-ideklas-forest-life\/#breadcrumb\",\"itemListElement\":[{\"@type\":\"ListItem\",\"position\":1,\"name\":\"Home\",\"item\":\"https:\/\/dreamybunny.lt\/\"},{\"@type\":\"ListItem\",\"position\":2,\"name\":\"Parduotuv\u0117\",\"item\":\"https:\/\/dreamybunny.lt\/parduotuve\/\"},{\"@type\":\"ListItem\",\"position\":3,\"name\":\"Dvipusis ve\u017eim\u0117lio \u012fd\u0117klas &#8211; Forest Life\"}]},{\"@type\":\"WebSite\",\"@id\":\"https:\/\/dreamybunny.lt\/#website\",\"url\":\"https:\/\/dreamybunny.lt\/\",\"name\":\"Dreamy Bunny - prek\u0117s vaikams\",\"description\":\"\",\"publisher\":{\"@id\":\"https:\/\/dreamybunny.lt\/#organization\"},\"potentialAction\":[{\"@type\":\"SearchAction\",\"target\":{\"@type\":\"EntryPoint\",\"urlTemplate\":\"https:\/\/dreamybunny.lt\/?s={search_term_string}\"},\"query-input\":\"required name=search_term_string\"}],\"inLanguage\":\"en-US\"},{\"@type\":\"Organization\",\"@id\":\"https:\/\/dreamybunny.lt\/#organization\",\"name\":\"MB DREAMY BUNNY\",\"url\":\"https:\/\/dreamybunny.lt\/\",\"logo\":{\"@type\":\"ImageObject\",\"inLanguage\":\"en-US\",\"@id\":\"https:\/\/dreamybunny.lt\/#\/schema\/logo\/image\/\",\"url\":\"http:\/\/dreamybunny.lt\/wp-content\/uploads\/2023\/01\/logo.png\",\"contentUrl\":\"http:\/\/dreamybunny.lt\/wp-content\/uploads\/2023\/01\/logo.png\",\"width\":500,\"height\":500,\"caption\":\"MB DREAMY BUNNY\"},\"image\":{\"@id\":\"https:\/\/dreamybunny.lt\/#\/schema\/logo\/image\/\"}}]}<\/script>\n<!-- \/ Yoast SEO plugin. -->","yoast_head_json":{"title":"Dvipusis ve\u017eim\u0117lio \u012fd\u0117klas - Forest Life - Dreamy Bunny - prek\u0117s vaikams","description":"Dvipusis ve\u017eim\u0117lio \u012fd\u0117klas - Forest Life ir kitos vaik\u0173 prek\u0117s. Prek\u0117s valgymui, miegui, \u017eaidimams, vaik\u0173 tekstil\u0117, prek\u0117s kambariui ir kitos prek\u0117s vaikams.","robots":{"index":"index","follow":"follow","max-snippet":"max-snippet:-1","max-image-preview":"max-image-preview:large","max-video-preview":"max-video-preview:-1"},"canonical":"https:\/\/dreamybunny.lt\/en\/product\/dvipusis-vezimelio-ideklas-forest-life\/","og_locale":"en_US","og_type":"article","og_title":"Dvipusis ve\u017eim\u0117lio \u012fd\u0117klas - Forest Life - Dreamy Bunny - prek\u0117s vaikams","og_description":"Dvipusis ve\u017eim\u0117lio \u012fd\u0117klas - Forest Life ir kitos vaik\u0173 prek\u0117s. Prek\u0117s valgymui, miegui, \u017eaidimams, vaik\u0173 tekstil\u0117, prek\u0117s kambariui ir kitos prek\u0117s vaikams.","og_url":"https:\/\/dreamybunny.lt\/en\/product\/dvipusis-vezimelio-ideklas-forest-life\/","og_site_name":"Dreamy Bunny - prek\u0117s vaikams","article_modified_time":"2023-07-14T11:14:40+00:00","og_image":[{"url":"https:\/\/dreamybunny.lt\/wp-content\/uploads\/2023\/07\/dvipusis-vezimelio-ideklas-forest-life.png","width":800,"height":800,"type":"image\/png"}],"twitter_card":"summary_large_image","twitter_misc":{"Est. reading time":"2 minutes"},"schema":{"@context":"https:\/\/schema.org","@graph":[{"@type":"WebPage","@id":"https:\/\/dreamybunny.lt\/produktas\/dvipusis-vezimelio-ideklas-forest-life\/","url":"https:\/\/dreamybunny.lt\/produktas\/dvipusis-vezimelio-ideklas-forest-life\/","name":"Dvipusis ve\u017eim\u0117lio \u012fd\u0117klas - Forest Life - Dreamy Bunny - prek\u0117s vaikams","isPartOf":{"@id":"https:\/\/dreamybunny.lt\/#website"},"datePublished":"2023-07-14T11:09:30+00:00","dateModified":"2023-07-14T11:14:40+00:00","description":"Dvipusis ve\u017eim\u0117lio \u012fd\u0117klas - Forest Life ir kitos vaik\u0173 prek\u0117s. Prek\u0117s valgymui, miegui, \u017eaidimams, vaik\u0173 tekstil\u0117, prek\u0117s kambariui ir kitos prek\u0117s vaikams.","breadcrumb":{"@id":"https:\/\/dreamybunny.lt\/produktas\/dvipusis-vezimelio-ideklas-forest-life\/#breadcrumb"},"inLanguage":"en-US","potentialAction":[{"@type":"ReadAction","target":["https:\/\/dreamybunny.lt\/produktas\/dvipusis-vezimelio-ideklas-forest-life\/"]}]},{"@type":"BreadcrumbList","@id":"https:\/\/dreamybunny.lt\/produktas\/dvipusis-vezimelio-ideklas-forest-life\/#breadcrumb","itemListElement":[{"@type":"ListItem","position":1,"name":"Home","item":"https:\/\/dreamybunny.lt\/"},{"@type":"ListItem","position":2,"name":"Parduotuv\u0117","item":"https:\/\/dreamybunny.lt\/parduotuve\/"},{"@type":"ListItem","position":3,"name":"Dvipusis ve\u017eim\u0117lio \u012fd\u0117klas &#8211; Forest Life"}]},{"@type":"WebSite","@id":"https:\/\/dreamybunny.lt\/#website","url":"https:\/\/dreamybunny.lt\/","name":"Dreamy Bunny - prek\u0117s vaikams","description":"","publisher":{"@id":"https:\/\/dreamybunny.lt\/#organization"},"potentialAction":[{"@type":"SearchAction","target":{"@type":"EntryPoint","urlTemplate":"https:\/\/dreamybunny.lt\/?s={search_term_string}"},"query-input":"required name=search_term_string"}],"inLanguage":"en-US"},{"@type":"Organization","@id":"https:\/\/dreamybunny.lt\/#organization","name":"MB DREAMY BUNNY","url":"https:\/\/dreamybunny.lt\/","logo":{"@type":"ImageObject","inLanguage":"en-US","@id":"https:\/\/dreamybunny.lt\/#\/schema\/logo\/image\/","url":"http:\/\/dreamybunny.lt\/wp-content\/uploads\/2023\/01\/logo.png","contentUrl":"http:\/\/dreamybunny.lt\/wp-content\/uploads\/2023\/01\/logo.png","width":500,"height":500,"caption":"MB DREAMY BUNNY"},"image":{"@id":"https:\/\/dreamybunny.lt\/#\/schema\/logo\/image\/"}}]}},"_links":{"self":[{"href":"https:\/\/dreamybunny.lt\/en\/wp-json\/wp\/v2\/product\/9416"}],"collection":[{"href":"https:\/\/dreamybunny.lt\/en\/wp-json\/wp\/v2\/product"}],"about":[{"href":"https:\/\/dreamybunny.lt\/en\/wp-json\/wp\/v2\/types\/product"}],"replies":[{"embeddable":true,"href":"https:\/\/dreamybunny.lt\/en\/wp-json\/wp\/v2\/comments?post=9416"}],"wp:featuredmedia":[{"embeddable":true,"href":"https:\/\/dreamybunny.lt\/en\/wp-json\/wp\/v2\/media\/9417"}],"wp:attachment":[{"href":"https:\/\/dreamybunny.lt\/en\/wp-json\/wp\/v2\/media?parent=9416"}],"wp:term":[{"taxonomy":"product_cat","embeddable":true,"href":"https:\/\/dreamybunny.lt\/en\/wp-json\/wp\/v2\/product_cat?post=9416"},{"taxonomy":"product_tag","embeddable":true,"href":"https:\/\/dreamybunny.lt\/en\/wp-json\/wp\/v2\/product_tag?post=9416"}],"curies":[{"name":"wp","href":"https:\/\/api.w.org\/{rel}","templated":true}]}}