{"id":9537,"date":"2023-09-04T22:48:10","date_gmt":"2023-09-04T19:48:10","guid":{"rendered":"https:\/\/dreamybunny.lt\/?post_type=product&#038;p=9537"},"modified":"2023-09-04T23:03:40","modified_gmt":"2023-09-04T20:03:40","slug":"ranku-darbo-zaislas-liutukas","status":"publish","type":"product","link":"https:\/\/dreamybunny.lt\/en\/product\/ranku-darbo-zaislas-liutukas\/","title":{"rendered":"Rank\u0173 darbo \u017eaislas &#8211; Li\u016btukas"},"content":{"rendered":"<p>U\u017epildas &#8211; antialerginis silikoninis. Li\u016btuko kar\u010diai, tai dekoratyviniai kutai pasi\u016bti i\u0161 medvilnini\u0173 si\u016bl\u0173. Li\u016btas taip pat turi i\u0161siuvin\u0117t\u0105 veiduk\u0105, tod\u0117l po daugelio naudojimo met\u0173 jis atrodo taip pat.<\/p>\n<p>Tai bus puikus kompanionas kiekvieno ma\u017eylio \u017eaidimui ir snaudimui.<\/p>\n<p>Matmenys &#8211; 32 cm x 24 cm.<\/p>\n<p>Med\u017eiaga &#8211; 100 % ekologi\u0161ka medviln\u0117 su GOTS sertifikatu.<\/p>\n<p>Prie\u017ei\u016bra &#8211; skalbkite maks. 30 laipsni\u0173 temperat\u016broje skalbimo ma\u0161inoje.<\/p>","protected":false},"excerpt":{"rendered":"<p>Mink\u0161tas ir mielas li\u016bto formos pirmasis ma\u017eylio \u017eaislas, pagamintas i\u0161 ekologi\u0161kos medviln\u0117s su GOTS sertifikatu &#8211; fliso.<\/p>\n<p>Nepamir\u0161kite, kad li\u016btukai gaminami i\u0161 to pa\u010dio audinio, kaip ir Malomi Kids fliso pledukai, tad tai gali tapti labai gra\u017eia ir prakti\u0161ka dovana ma\u017eyliui.<\/p>\n<p>Sewn by hand.<\/p>\n<p><strong>Product sewing 6-8 dd<\/strong><br \/>\n<strong>Product preparation and delivery in 2-4 days<\/strong><\/p>","protected":false},"featured_media":9538,"comment_status":"closed","ping_status":"closed","template":"","meta":[],"product_cat":[87,121],"product_tag":[],"yoast_head":"<!-- This site is optimized with the Yoast SEO plugin v21.0 - https:\/\/yoast.com\/wordpress\/plugins\/seo\/ -->\n<title>Rank\u0173 darbo \u017eaislas - Li\u016btukas - Dreamy Bunny - prek\u0117s vaikams<\/title>\n<meta name=\"description\" content=\"Rank\u0173 darbo \u017eaislas - Li\u016btukas ir kitos vaik\u0173 prek\u0117s. Prek\u0117s valgymui, miegui, \u017eaidimams, vaik\u0173 tekstil\u0117, prek\u0117s kambariui ir kitos prek\u0117s vaikams.\" \/>\n<meta name=\"robots\" content=\"index, follow, max-snippet:-1, max-image-preview:large, max-video-preview:-1\" \/>\n<link rel=\"canonical\" href=\"https:\/\/dreamybunny.lt\/en\/product\/ranku-darbo-zaislas-liutukas\/\" \/>\n<meta property=\"og:locale\" content=\"en_US\" \/>\n<meta property=\"og:type\" content=\"article\" \/>\n<meta property=\"og:title\" content=\"Rank\u0173 darbo \u017eaislas - Li\u016btukas - Dreamy Bunny - prek\u0117s vaikams\" \/>\n<meta property=\"og:description\" content=\"Rank\u0173 darbo \u017eaislas - Li\u016btukas ir kitos vaik\u0173 prek\u0117s. Prek\u0117s valgymui, miegui, \u017eaidimams, vaik\u0173 tekstil\u0117, prek\u0117s kambariui ir kitos prek\u0117s vaikams.\" \/>\n<meta property=\"og:url\" content=\"https:\/\/dreamybunny.lt\/en\/product\/ranku-darbo-zaislas-liutukas\/\" \/>\n<meta property=\"og:site_name\" content=\"Dreamy Bunny - prek\u0117s vaikams\" \/>\n<meta property=\"article:modified_time\" content=\"2023-09-04T20:03:40+00:00\" \/>\n<meta property=\"og:image\" content=\"https:\/\/dreamybunny.lt\/wp-content\/uploads\/2023\/09\/Pirmasis-zaislas-Liutukas.jpg\" \/>\n\t<meta property=\"og:image:width\" content=\"2048\" \/>\n\t<meta property=\"og:image:height\" content=\"1366\" \/>\n\t<meta property=\"og:image:type\" content=\"image\/jpeg\" \/>\n<meta name=\"twitter:card\" content=\"summary_large_image\" \/>\n<meta name=\"twitter:label1\" content=\"Est. reading time\" \/>\n\t<meta name=\"twitter:data1\" content=\"1 minute\" \/>\n<script type=\"application\/ld+json\" class=\"yoast-schema-graph\">{\"@context\":\"https:\/\/schema.org\",\"@graph\":[{\"@type\":\"WebPage\",\"@id\":\"https:\/\/dreamybunny.lt\/en\/product\/ranku-darbo-zaislas-liutukas\/\",\"url\":\"https:\/\/dreamybunny.lt\/en\/product\/ranku-darbo-zaislas-liutukas\/\",\"name\":\"Rank\u0173 darbo \u017eaislas - Li\u016btukas - Dreamy Bunny - prek\u0117s vaikams\",\"isPartOf\":{\"@id\":\"https:\/\/dreamybunny.lt\/#website\"},\"datePublished\":\"2023-09-04T19:48:10+00:00\",\"dateModified\":\"2023-09-04T20:03:40+00:00\",\"description\":\"Rank\u0173 darbo \u017eaislas - Li\u016btukas ir kitos vaik\u0173 prek\u0117s. Prek\u0117s valgymui, miegui, \u017eaidimams, vaik\u0173 tekstil\u0117, prek\u0117s kambariui ir kitos prek\u0117s vaikams.\",\"breadcrumb\":{\"@id\":\"https:\/\/dreamybunny.lt\/en\/product\/ranku-darbo-zaislas-liutukas\/#breadcrumb\"},\"inLanguage\":\"en-US\",\"potentialAction\":[{\"@type\":\"ReadAction\",\"target\":[\"https:\/\/dreamybunny.lt\/en\/product\/ranku-darbo-zaislas-liutukas\/\"]}]},{\"@type\":\"BreadcrumbList\",\"@id\":\"https:\/\/dreamybunny.lt\/en\/product\/ranku-darbo-zaislas-liutukas\/#breadcrumb\",\"itemListElement\":[{\"@type\":\"ListItem\",\"position\":1,\"name\":\"Home\",\"item\":\"https:\/\/dreamybunny.lt\/\"},{\"@type\":\"ListItem\",\"position\":2,\"name\":\"Parduotuv\u0117\",\"item\":\"https:\/\/dreamybunny.lt\/parduotuve\/\"},{\"@type\":\"ListItem\",\"position\":3,\"name\":\"Rank\u0173 darbo \u017eaislas &#8211; Li\u016btukas\"}]},{\"@type\":\"WebSite\",\"@id\":\"https:\/\/dreamybunny.lt\/#website\",\"url\":\"https:\/\/dreamybunny.lt\/\",\"name\":\"Dreamy Bunny - prek\u0117s vaikams\",\"description\":\"\",\"publisher\":{\"@id\":\"https:\/\/dreamybunny.lt\/#organization\"},\"potentialAction\":[{\"@type\":\"SearchAction\",\"target\":{\"@type\":\"EntryPoint\",\"urlTemplate\":\"https:\/\/dreamybunny.lt\/?s={search_term_string}\"},\"query-input\":\"required name=search_term_string\"}],\"inLanguage\":\"en-US\"},{\"@type\":\"Organization\",\"@id\":\"https:\/\/dreamybunny.lt\/#organization\",\"name\":\"MB DREAMY BUNNY\",\"url\":\"https:\/\/dreamybunny.lt\/\",\"logo\":{\"@type\":\"ImageObject\",\"inLanguage\":\"en-US\",\"@id\":\"https:\/\/dreamybunny.lt\/#\/schema\/logo\/image\/\",\"url\":\"http:\/\/dreamybunny.lt\/wp-content\/uploads\/2023\/01\/logo.png\",\"contentUrl\":\"http:\/\/dreamybunny.lt\/wp-content\/uploads\/2023\/01\/logo.png\",\"width\":500,\"height\":500,\"caption\":\"MB DREAMY BUNNY\"},\"image\":{\"@id\":\"https:\/\/dreamybunny.lt\/#\/schema\/logo\/image\/\"}}]}<\/script>\n<!-- \/ Yoast SEO plugin. -->","yoast_head_json":{"title":"Rank\u0173 darbo \u017eaislas - Li\u016btukas - Dreamy Bunny - prek\u0117s vaikams","description":"Rank\u0173 darbo \u017eaislas - Li\u016btukas ir kitos vaik\u0173 prek\u0117s. Prek\u0117s valgymui, miegui, \u017eaidimams, vaik\u0173 tekstil\u0117, prek\u0117s kambariui ir kitos prek\u0117s vaikams.","robots":{"index":"index","follow":"follow","max-snippet":"max-snippet:-1","max-image-preview":"max-image-preview:large","max-video-preview":"max-video-preview:-1"},"canonical":"https:\/\/dreamybunny.lt\/en\/product\/ranku-darbo-zaislas-liutukas\/","og_locale":"en_US","og_type":"article","og_title":"Rank\u0173 darbo \u017eaislas - Li\u016btukas - Dreamy Bunny - prek\u0117s vaikams","og_description":"Rank\u0173 darbo \u017eaislas - Li\u016btukas ir kitos vaik\u0173 prek\u0117s. Prek\u0117s valgymui, miegui, \u017eaidimams, vaik\u0173 tekstil\u0117, prek\u0117s kambariui ir kitos prek\u0117s vaikams.","og_url":"https:\/\/dreamybunny.lt\/en\/product\/ranku-darbo-zaislas-liutukas\/","og_site_name":"Dreamy Bunny - prek\u0117s vaikams","article_modified_time":"2023-09-04T20:03:40+00:00","og_image":[{"width":2048,"height":1366,"url":"https:\/\/dreamybunny.lt\/wp-content\/uploads\/2023\/09\/Pirmasis-zaislas-Liutukas.jpg","type":"image\/jpeg"}],"twitter_card":"summary_large_image","twitter_misc":{"Est. reading time":"1 minute"},"schema":{"@context":"https:\/\/schema.org","@graph":[{"@type":"WebPage","@id":"https:\/\/dreamybunny.lt\/en\/product\/ranku-darbo-zaislas-liutukas\/","url":"https:\/\/dreamybunny.lt\/en\/product\/ranku-darbo-zaislas-liutukas\/","name":"Rank\u0173 darbo \u017eaislas - Li\u016btukas - Dreamy Bunny - prek\u0117s vaikams","isPartOf":{"@id":"https:\/\/dreamybunny.lt\/#website"},"datePublished":"2023-09-04T19:48:10+00:00","dateModified":"2023-09-04T20:03:40+00:00","description":"Rank\u0173 darbo \u017eaislas - Li\u016btukas ir kitos vaik\u0173 prek\u0117s. Prek\u0117s valgymui, miegui, \u017eaidimams, vaik\u0173 tekstil\u0117, prek\u0117s kambariui ir kitos prek\u0117s vaikams.","breadcrumb":{"@id":"https:\/\/dreamybunny.lt\/en\/product\/ranku-darbo-zaislas-liutukas\/#breadcrumb"},"inLanguage":"en-US","potentialAction":[{"@type":"ReadAction","target":["https:\/\/dreamybunny.lt\/en\/product\/ranku-darbo-zaislas-liutukas\/"]}]},{"@type":"BreadcrumbList","@id":"https:\/\/dreamybunny.lt\/en\/product\/ranku-darbo-zaislas-liutukas\/#breadcrumb","itemListElement":[{"@type":"ListItem","position":1,"name":"Home","item":"https:\/\/dreamybunny.lt\/"},{"@type":"ListItem","position":2,"name":"Parduotuv\u0117","item":"https:\/\/dreamybunny.lt\/parduotuve\/"},{"@type":"ListItem","position":3,"name":"Rank\u0173 darbo \u017eaislas &#8211; Li\u016btukas"}]},{"@type":"WebSite","@id":"https:\/\/dreamybunny.lt\/#website","url":"https:\/\/dreamybunny.lt\/","name":"Dreamy Bunny - prek\u0117s vaikams","description":"","publisher":{"@id":"https:\/\/dreamybunny.lt\/#organization"},"potentialAction":[{"@type":"SearchAction","target":{"@type":"EntryPoint","urlTemplate":"https:\/\/dreamybunny.lt\/?s={search_term_string}"},"query-input":"required name=search_term_string"}],"inLanguage":"en-US"},{"@type":"Organization","@id":"https:\/\/dreamybunny.lt\/#organization","name":"MB DREAMY BUNNY","url":"https:\/\/dreamybunny.lt\/","logo":{"@type":"ImageObject","inLanguage":"en-US","@id":"https:\/\/dreamybunny.lt\/#\/schema\/logo\/image\/","url":"http:\/\/dreamybunny.lt\/wp-content\/uploads\/2023\/01\/logo.png","contentUrl":"http:\/\/dreamybunny.lt\/wp-content\/uploads\/2023\/01\/logo.png","width":500,"height":500,"caption":"MB DREAMY BUNNY"},"image":{"@id":"https:\/\/dreamybunny.lt\/#\/schema\/logo\/image\/"}}]}},"_links":{"self":[{"href":"https:\/\/dreamybunny.lt\/en\/wp-json\/wp\/v2\/product\/9537"}],"collection":[{"href":"https:\/\/dreamybunny.lt\/en\/wp-json\/wp\/v2\/product"}],"about":[{"href":"https:\/\/dreamybunny.lt\/en\/wp-json\/wp\/v2\/types\/product"}],"replies":[{"embeddable":true,"href":"https:\/\/dreamybunny.lt\/en\/wp-json\/wp\/v2\/comments?post=9537"}],"wp:featuredmedia":[{"embeddable":true,"href":"https:\/\/dreamybunny.lt\/en\/wp-json\/wp\/v2\/media\/9538"}],"wp:attachment":[{"href":"https:\/\/dreamybunny.lt\/en\/wp-json\/wp\/v2\/media?parent=9537"}],"wp:term":[{"taxonomy":"product_cat","embeddable":true,"href":"https:\/\/dreamybunny.lt\/en\/wp-json\/wp\/v2\/product_cat?post=9537"},{"taxonomy":"product_tag","embeddable":true,"href":"https:\/\/dreamybunny.lt\/en\/wp-json\/wp\/v2\/product_tag?post=9537"}],"curies":[{"name":"wp","href":"https:\/\/api.w.org\/{rel}","templated":true}]}}