{"id":9610,"date":"2023-09-13T12:01:32","date_gmt":"2023-09-13T09:01:32","guid":{"rendered":"https:\/\/dreamybunny.lt\/?post_type=product&#038;p=9610"},"modified":"2023-09-13T12:02:54","modified_gmt":"2023-09-13T09:02:54","slug":"miegmaisis-kudikiui-lightness","status":"publish","type":"product","link":"https:\/\/dreamybunny.lt\/en\/product\/miegmaisis-kudikiui-lightness\/","title":{"rendered":"Miegmai\u0161is k\u016bdikiui &#8211; Lightness"},"content":{"rendered":"<section class=\"wpb-content-wrapper\"><div class=\"vc_row wpb_row vc_row-fluid vc_row-o-equal-height vc_row-flex wd-rs-63df7195dd723\"><div class=\"wpb_column vc_column_container vc_col-sm-12 vc_col-xs-12 wd-rs-63dc05d3bab9f\"><div class=\"vc_column-inner vc_custom_1675363805480\"><div class=\"wpb_wrapper\">\t\t<div id=\"wd-6501781a6ecce\" class=\"wd-text-block wd-wpb reset-last-child wd-rs-6501781a6ecce text-left vc_custom_1694595215154\">\n\t\t\t<p>Miegmai\u0161\u012f lengvai nuimsite ar u\u017ed\u0117site, taip pat lengvai pakeisite vystyklus k\u016bdikio nei\u0161\u0117m\u0119 i\u0161 miegmai\u0161io. Apatin\u0117 dalis yra itin plati, tad ma\u017eylis gal\u0117s laisvai spardytis kojel\u0117mis.<\/p>\n<p>Miegmai\u0161is patogus kaip pi\u017eama ir neslysta net laikant k\u016bdik\u012f ant rank\u0173.<\/p>\n<p>Miegmai\u0161io TOG skal\u0117je atitinka 2,5. Naudojamas i\u0161tisus metus kambario temperat\u016brai esant 15-23\u00b0C.<\/p>\n<p>Miegmai\u0161is i\u0161 abiej\u0173 pusi\u0173 pagamintas i\u0161 ekologi\u0161ko viskozinio trikota\u017eo (&#8222;jersey&#8221; audinio). U\u017epildas &#8211; antialerginis, lengvas silikoninis neaustinis audinys, kuris suteikia k\u016bdikiui \u0161ilumos ir dar daugiau mink\u0161tumo.<\/p>\n<p>Of course, this sleeping bag can be combined with various Makaszka products, thus creating a unique environment for your little one. The sleeping bag will also be suitable as a stylish gift for a baby shower or any other beautiful occasion.<\/p>\n<p>All Makaszka products are sewn by hand, with meticulous care and attention to detail, and the highest quality fabrics ensure the durability of the products.<\/p>\n<p>Skirta 0 &#8211; 12 m\u0117nesi\u0173 k\u016bdikiams.<\/p>\n<p>Dimensions:<br \/>\nIlgis 70 cm (+\/-2 cm);<br \/>\nPlotis per pla\u010diausi\u0105 viet\u0105 apa\u010dioje 48 cm (+\/-2 cm);<br \/>\nPlotis ties pa\u017eastimis 30 cm (+\/-2 cm);<br \/>\nPlotis tarp petne\u0161\u0173 (kaklo zonoje) 12 cm (+\/-2 cm).<\/p>\n<p>Composition \u2013 ecological jersey fabric, i.e. 95% % cotton and 5% % elastane.<\/p>\n<p>The filling is an anti-allergic, breathable silicone non-woven fabric that does not change its structure during washing and use. The filling does not move and does not change its structure during washing and use.<\/p>\n<p>Washing method:<br \/>\nWash at 30\u00b0C;<br \/>\nMaximum speed 800\/min;<br \/>\nDo not wash by hand;<br \/>\nDo not tumble dry.<\/p>\n\t\t<\/div>\n\t\t<\/div><\/div><\/div><\/div>\n<\/section>","protected":false},"excerpt":{"rendered":"<p>\u0160iltas bei patogus miegmai\u0161is i\u0161 mink\u0161to viskoz\u0117s trikota\u017eo, su petne\u0161omis, kurios u\u017esisega ma\u017eyt\u0117mis sagel\u0117mis. Miegmai\u0161is turi u\u017etrauktuk\u0105, kur\u012f galima atitraukti nuo pa\u017easties iki pat apa\u010dios. \u0160is miegmai\u0161is &#8211; tai patogiausias ir saugiausias pagalbininkas keliaujant \u012f miego \u0161al\u012f.<\/p>\n<p>Sewn by hand.<\/p>\n<p><strong>Product preparation and delivery in 1-1.5 weeks.<\/strong><\/p>","protected":false},"featured_media":9611,"comment_status":"closed","ping_status":"closed","template":"","meta":[],"product_cat":[75,82],"product_tag":[],"yoast_head":"<!-- This site is optimized with the Yoast SEO plugin v21.0 - https:\/\/yoast.com\/wordpress\/plugins\/seo\/ -->\n<title>Miegmai\u0161is k\u016bdikiui - Lightness - Dreamy Bunny - prek\u0117s vaikams<\/title>\n<meta name=\"description\" content=\"Miegmai\u0161is k\u016bdikiui - Lightness ir kitos vaik\u0173 prek\u0117s. Prek\u0117s valgymui, miegui, \u017eaidimams, vaik\u0173 tekstil\u0117, prek\u0117s kambariui ir kitos prek\u0117s vaikams.\" \/>\n<meta name=\"robots\" content=\"index, follow, max-snippet:-1, max-image-preview:large, max-video-preview:-1\" \/>\n<link rel=\"canonical\" href=\"https:\/\/dreamybunny.lt\/en\/product\/miegmaisis-kudikiui-lightness\/\" \/>\n<meta property=\"og:locale\" content=\"en_US\" \/>\n<meta property=\"og:type\" content=\"article\" \/>\n<meta property=\"og:title\" content=\"Miegmai\u0161is k\u016bdikiui - Lightness - Dreamy Bunny - prek\u0117s vaikams\" \/>\n<meta property=\"og:description\" content=\"Miegmai\u0161is k\u016bdikiui - Lightness ir kitos vaik\u0173 prek\u0117s. Prek\u0117s valgymui, miegui, \u017eaidimams, vaik\u0173 tekstil\u0117, prek\u0117s kambariui ir kitos prek\u0117s vaikams.\" \/>\n<meta property=\"og:url\" content=\"https:\/\/dreamybunny.lt\/en\/product\/miegmaisis-kudikiui-lightness\/\" \/>\n<meta property=\"og:site_name\" content=\"Dreamy Bunny - prek\u0117s vaikams\" \/>\n<meta property=\"article:modified_time\" content=\"2023-09-13T09:02:54+00:00\" \/>\n<meta property=\"og:image\" content=\"https:\/\/dreamybunny.lt\/wp-content\/uploads\/2023\/09\/Miegmaisis-kudikiui-Lightness.png\" \/>\n\t<meta property=\"og:image:width\" content=\"1000\" \/>\n\t<meta property=\"og:image:height\" content=\"1000\" \/>\n\t<meta property=\"og:image:type\" content=\"image\/png\" \/>\n<meta name=\"twitter:card\" content=\"summary_large_image\" \/>\n<meta name=\"twitter:label1\" content=\"Est. reading time\" \/>\n\t<meta name=\"twitter:data1\" content=\"2 minutes\" \/>\n<script type=\"application\/ld+json\" class=\"yoast-schema-graph\">{\"@context\":\"https:\/\/schema.org\",\"@graph\":[{\"@type\":\"WebPage\",\"@id\":\"https:\/\/dreamybunny.lt\/en\/product\/miegmaisis-kudikiui-lightness\/\",\"url\":\"https:\/\/dreamybunny.lt\/en\/product\/miegmaisis-kudikiui-lightness\/\",\"name\":\"Miegmai\u0161is k\u016bdikiui - Lightness - Dreamy Bunny - prek\u0117s vaikams\",\"isPartOf\":{\"@id\":\"https:\/\/dreamybunny.lt\/#website\"},\"datePublished\":\"2023-09-13T09:01:32+00:00\",\"dateModified\":\"2023-09-13T09:02:54+00:00\",\"description\":\"Miegmai\u0161is k\u016bdikiui - Lightness ir kitos vaik\u0173 prek\u0117s. Prek\u0117s valgymui, miegui, \u017eaidimams, vaik\u0173 tekstil\u0117, prek\u0117s kambariui ir kitos prek\u0117s vaikams.\",\"breadcrumb\":{\"@id\":\"https:\/\/dreamybunny.lt\/en\/product\/miegmaisis-kudikiui-lightness\/#breadcrumb\"},\"inLanguage\":\"en-US\",\"potentialAction\":[{\"@type\":\"ReadAction\",\"target\":[\"https:\/\/dreamybunny.lt\/en\/product\/miegmaisis-kudikiui-lightness\/\"]}]},{\"@type\":\"BreadcrumbList\",\"@id\":\"https:\/\/dreamybunny.lt\/en\/product\/miegmaisis-kudikiui-lightness\/#breadcrumb\",\"itemListElement\":[{\"@type\":\"ListItem\",\"position\":1,\"name\":\"Home\",\"item\":\"https:\/\/dreamybunny.lt\/\"},{\"@type\":\"ListItem\",\"position\":2,\"name\":\"Parduotuv\u0117\",\"item\":\"https:\/\/dreamybunny.lt\/parduotuve\/\"},{\"@type\":\"ListItem\",\"position\":3,\"name\":\"Miegmai\u0161is k\u016bdikiui &#8211; Lightness\"}]},{\"@type\":\"WebSite\",\"@id\":\"https:\/\/dreamybunny.lt\/#website\",\"url\":\"https:\/\/dreamybunny.lt\/\",\"name\":\"Dreamy Bunny - prek\u0117s vaikams\",\"description\":\"\",\"publisher\":{\"@id\":\"https:\/\/dreamybunny.lt\/#organization\"},\"potentialAction\":[{\"@type\":\"SearchAction\",\"target\":{\"@type\":\"EntryPoint\",\"urlTemplate\":\"https:\/\/dreamybunny.lt\/?s={search_term_string}\"},\"query-input\":\"required name=search_term_string\"}],\"inLanguage\":\"en-US\"},{\"@type\":\"Organization\",\"@id\":\"https:\/\/dreamybunny.lt\/#organization\",\"name\":\"MB DREAMY BUNNY\",\"url\":\"https:\/\/dreamybunny.lt\/\",\"logo\":{\"@type\":\"ImageObject\",\"inLanguage\":\"en-US\",\"@id\":\"https:\/\/dreamybunny.lt\/#\/schema\/logo\/image\/\",\"url\":\"http:\/\/dreamybunny.lt\/wp-content\/uploads\/2023\/01\/logo.png\",\"contentUrl\":\"http:\/\/dreamybunny.lt\/wp-content\/uploads\/2023\/01\/logo.png\",\"width\":500,\"height\":500,\"caption\":\"MB DREAMY BUNNY\"},\"image\":{\"@id\":\"https:\/\/dreamybunny.lt\/#\/schema\/logo\/image\/\"}}]}<\/script>\n<!-- \/ Yoast SEO plugin. -->","yoast_head_json":{"title":"Miegmai\u0161is k\u016bdikiui - Lightness - Dreamy Bunny - prek\u0117s vaikams","description":"Miegmai\u0161is k\u016bdikiui - Lightness ir kitos vaik\u0173 prek\u0117s. Prek\u0117s valgymui, miegui, \u017eaidimams, vaik\u0173 tekstil\u0117, prek\u0117s kambariui ir kitos prek\u0117s vaikams.","robots":{"index":"index","follow":"follow","max-snippet":"max-snippet:-1","max-image-preview":"max-image-preview:large","max-video-preview":"max-video-preview:-1"},"canonical":"https:\/\/dreamybunny.lt\/en\/product\/miegmaisis-kudikiui-lightness\/","og_locale":"en_US","og_type":"article","og_title":"Miegmai\u0161is k\u016bdikiui - Lightness - Dreamy Bunny - prek\u0117s vaikams","og_description":"Miegmai\u0161is k\u016bdikiui - Lightness ir kitos vaik\u0173 prek\u0117s. Prek\u0117s valgymui, miegui, \u017eaidimams, vaik\u0173 tekstil\u0117, prek\u0117s kambariui ir kitos prek\u0117s vaikams.","og_url":"https:\/\/dreamybunny.lt\/en\/product\/miegmaisis-kudikiui-lightness\/","og_site_name":"Dreamy Bunny - prek\u0117s vaikams","article_modified_time":"2023-09-13T09:02:54+00:00","og_image":[{"width":1000,"height":1000,"url":"https:\/\/dreamybunny.lt\/wp-content\/uploads\/2023\/09\/Miegmaisis-kudikiui-Lightness.png","type":"image\/png"}],"twitter_card":"summary_large_image","twitter_misc":{"Est. reading time":"2 minutes"},"schema":{"@context":"https:\/\/schema.org","@graph":[{"@type":"WebPage","@id":"https:\/\/dreamybunny.lt\/en\/product\/miegmaisis-kudikiui-lightness\/","url":"https:\/\/dreamybunny.lt\/en\/product\/miegmaisis-kudikiui-lightness\/","name":"Miegmai\u0161is k\u016bdikiui - Lightness - Dreamy Bunny - prek\u0117s vaikams","isPartOf":{"@id":"https:\/\/dreamybunny.lt\/#website"},"datePublished":"2023-09-13T09:01:32+00:00","dateModified":"2023-09-13T09:02:54+00:00","description":"Miegmai\u0161is k\u016bdikiui - Lightness ir kitos vaik\u0173 prek\u0117s. Prek\u0117s valgymui, miegui, \u017eaidimams, vaik\u0173 tekstil\u0117, prek\u0117s kambariui ir kitos prek\u0117s vaikams.","breadcrumb":{"@id":"https:\/\/dreamybunny.lt\/en\/product\/miegmaisis-kudikiui-lightness\/#breadcrumb"},"inLanguage":"en-US","potentialAction":[{"@type":"ReadAction","target":["https:\/\/dreamybunny.lt\/en\/product\/miegmaisis-kudikiui-lightness\/"]}]},{"@type":"BreadcrumbList","@id":"https:\/\/dreamybunny.lt\/en\/product\/miegmaisis-kudikiui-lightness\/#breadcrumb","itemListElement":[{"@type":"ListItem","position":1,"name":"Home","item":"https:\/\/dreamybunny.lt\/"},{"@type":"ListItem","position":2,"name":"Parduotuv\u0117","item":"https:\/\/dreamybunny.lt\/parduotuve\/"},{"@type":"ListItem","position":3,"name":"Miegmai\u0161is k\u016bdikiui &#8211; Lightness"}]},{"@type":"WebSite","@id":"https:\/\/dreamybunny.lt\/#website","url":"https:\/\/dreamybunny.lt\/","name":"Dreamy Bunny - prek\u0117s vaikams","description":"","publisher":{"@id":"https:\/\/dreamybunny.lt\/#organization"},"potentialAction":[{"@type":"SearchAction","target":{"@type":"EntryPoint","urlTemplate":"https:\/\/dreamybunny.lt\/?s={search_term_string}"},"query-input":"required name=search_term_string"}],"inLanguage":"en-US"},{"@type":"Organization","@id":"https:\/\/dreamybunny.lt\/#organization","name":"MB DREAMY BUNNY","url":"https:\/\/dreamybunny.lt\/","logo":{"@type":"ImageObject","inLanguage":"en-US","@id":"https:\/\/dreamybunny.lt\/#\/schema\/logo\/image\/","url":"http:\/\/dreamybunny.lt\/wp-content\/uploads\/2023\/01\/logo.png","contentUrl":"http:\/\/dreamybunny.lt\/wp-content\/uploads\/2023\/01\/logo.png","width":500,"height":500,"caption":"MB DREAMY BUNNY"},"image":{"@id":"https:\/\/dreamybunny.lt\/#\/schema\/logo\/image\/"}}]}},"_links":{"self":[{"href":"https:\/\/dreamybunny.lt\/en\/wp-json\/wp\/v2\/product\/9610"}],"collection":[{"href":"https:\/\/dreamybunny.lt\/en\/wp-json\/wp\/v2\/product"}],"about":[{"href":"https:\/\/dreamybunny.lt\/en\/wp-json\/wp\/v2\/types\/product"}],"replies":[{"embeddable":true,"href":"https:\/\/dreamybunny.lt\/en\/wp-json\/wp\/v2\/comments?post=9610"}],"wp:featuredmedia":[{"embeddable":true,"href":"https:\/\/dreamybunny.lt\/en\/wp-json\/wp\/v2\/media\/9611"}],"wp:attachment":[{"href":"https:\/\/dreamybunny.lt\/en\/wp-json\/wp\/v2\/media?parent=9610"}],"wp:term":[{"taxonomy":"product_cat","embeddable":true,"href":"https:\/\/dreamybunny.lt\/en\/wp-json\/wp\/v2\/product_cat?post=9610"},{"taxonomy":"product_tag","embeddable":true,"href":"https:\/\/dreamybunny.lt\/en\/wp-json\/wp\/v2\/product_tag?post=9610"}],"curies":[{"name":"wp","href":"https:\/\/api.w.org\/{rel}","templated":true}]}}