{"id":9783,"date":"2023-09-26T15:52:03","date_gmt":"2023-09-26T12:52:03","guid":{"rendered":"https:\/\/dreamybunny.lt\/?post_type=product&#038;p=9783"},"modified":"2023-09-27T23:41:31","modified_gmt":"2023-09-27T20:41:31","slug":"premium-zieminis-vokelis-nature-symphony","status":"publish","type":"product","link":"https:\/\/dreamybunny.lt\/en\/product\/premium-zieminis-vokelis-nature-symphony\/","title":{"rendered":"Premium winter envelope \u2013 Nature Symphony"},"content":{"rendered":"<section class=\"wpb-content-wrapper\"><div class=\"vc_row wpb_row vc_row-fluid vc_row-o-equal-height vc_row-flex wd-rs-63df7195dd723\"><div class=\"wpb_column vc_column_container vc_col-sm-12 vc_col-xs-12 wd-rs-63dc05d3bab9f\"><div class=\"vc_column-inner vc_custom_1675363805480\"><div class=\"wpb_wrapper\">\t\t<div id=\"wd-6514935332b65\" class=\"wd-text-block wd-wpb reset-last-child wd-rs-6514935332b65 text-left vc_custom_1695847260384\">\n\t\t\t<p>Vokel\u012f galite rinktis i\u0161 dviej\u0173 dyd\u017ei\u0173 &#8211; patiems ma\u017eiausiems 0 &#8211; 18 m\u0117n., ir vyresniems vaikams 12 &#8211; 36 m\u0117n. am\u017eiaus.<\/p>\n<p>Vokelis u\u017etraukiamas dviem auk\u0161\u010diausios kokyb\u0117s u\u017etrauktukais. Apatin\u0117 dalis yra atitraukiama, kad b\u016bt\u0173 galima palaikyti termoreguliacij\u0105 arba, kad atidengtum\u0117te vaiko kojas su ne\u0161variais batais. Taip nei\u0161tepsite vokelio. Taip pat galite visi\u0161kai nuimti vir\u0161utin\u0119 vokelio dal\u012f.<\/p>\n<p>Premium Uni vokelis yra atsparus v\u0117jui ir vandeniui, o tuo pa\u010diu \u201ekv\u0117puojantis\u201c.<\/p>\n<p>Vokelis turi vertikalias skylutes dir\u017eeliams, o u\u017e j\u0173 prisi\u016btos &#8222;velcro&#8221; tipo juostel\u0117s, padedan\u010dios pritaikyti vokel\u012f prie vis\u0173 tip\u0173 ve\u017eim\u0117li\u0173 ir automobilini\u0173 k\u0117du\u010di\u0173. Vokelis yra absoliu\u010diai universalus.<\/p>\n<p>Vir\u0161utin\u0117 dalis turi tvirt\u0105 elastin\u0119 juostel\u0119, kuri\u0105 u\u017eseg\u0119 galite dar geriau apsaugoti k\u016bdik\u012f nuo \u0161al\u010dio ir v\u0117jo.<\/p>\n<p>\u201ePremium Uni\u201c vokelis pagamintas i\u0161 mink\u0161to, malonaus liesti vandeniui atsparaus, tvirto audinio. Vidus pagamintas i\u0161 aksomo. U\u017epildas &#8211; antialerginis silikoninis audinys. Vokelio nugarin\u0117je dalyje yra prisi\u016btas specialus &#8222;stabdantis&#8221; audinys, kuris neleid\u017eia jam slysti nuo ve\u017eim\u0117lio, tod\u0117l jis visada i\u0161liks savo vietoje. P\u016bkuotas kailis vir\u0161utin\u0117je vokelio dalyje tvirtinasi sagomis, ta\u010diau gali b\u016bti bet kada nuimtas.<\/p>\n<p>Makaszka gaminiai siuvami rankomis, puosel\u0117jant kruop\u0161tum\u0105 ir atidum\u0105 detal\u0117ms, o auk\u0161\u010diausios kokyb\u0117s audiniai u\u017etikrina gamini\u0173 ilgaam\u017ei\u0161kum\u0105.<\/p>\n<p>Skirta k\u016bdikiams nuo 0 iki 18 m\u0117nesi\u0173 bei vaikams nuo 12 &#8211; 36 m\u0117nesi\u0173.<\/p>\n<p>Dimensions:<br \/>\n0 &#8211; 18 m\u0117n. &#8211; 47 cm x 85 cm (+\/-2 cm);<br \/>\n12 &#8211; 36 m\u0117n. &#8211; 50 cm x 110 cm (+\/-2 cm).<\/p>\n<p>Composition:<br \/>\nVandeniui atsparus audinys &#8211; 100 % poliamidas, vidin\u0117 pus\u0117 \u0161velnus velvetas. U\u017epildas &#8211; antialerginis, kv\u0117puojantis silikoninis neaustinis audinys 400g\/m2, kuris skalbimo ir naudojimo metu nekei\u010dia savo strukt\u016bros.<\/p>\n<p>Washing method:<br \/>\nSkalbkite 30\u00b0C;<br \/>\nDo not tumble dry;<br \/>\nKailio neplaukite ir stenkit\u0117s jo nesu\u0161lapinti.<\/p>\n\t\t<\/div>\n\t\t<\/div><\/div><\/div><\/div>\n<\/section>","protected":false},"excerpt":{"rendered":"<p>\u0160iltas, patogus ir vandeniui atsparus Premium Uni miegmai\u0161is automobilinei k\u0117dutei, ve\u017eim\u0117liui ar rogut\u0117ms.<\/p>\n<p>Sewn by hand.<\/p>\n<p><strong>Product preparation and delivery in 1-1.5 weeks.<\/strong><\/p>","protected":false},"featured_media":9786,"comment_status":"closed","ping_status":"closed","template":"","meta":[],"product_cat":[22,89,90,91],"product_tag":[],"yoast_head":"<!-- This site is optimized with the Yoast SEO plugin v21.0 - https:\/\/yoast.com\/wordpress\/plugins\/seo\/ -->\n<title>Premium \u017eieminis vokelis - Nature Symphony - Dreamy Bunny - prek\u0117s vaikams<\/title>\n<meta name=\"description\" content=\"Premium \u017eieminis vokelis - Nature Symphony ir kitos vaik\u0173 prek\u0117s. Prek\u0117s valgymui, miegui, \u017eaidimams, vaik\u0173 tekstil\u0117, prek\u0117s kambariui ir kitos prek\u0117s vaikams.\" \/>\n<meta name=\"robots\" content=\"index, follow, max-snippet:-1, max-image-preview:large, max-video-preview:-1\" \/>\n<link rel=\"canonical\" href=\"https:\/\/dreamybunny.lt\/en\/product\/premium-zieminis-vokelis-nature-symphony\/\" \/>\n<meta property=\"og:locale\" content=\"en_US\" \/>\n<meta property=\"og:type\" content=\"article\" \/>\n<meta property=\"og:title\" content=\"Premium \u017eieminis vokelis - Nature Symphony - Dreamy Bunny - prek\u0117s vaikams\" \/>\n<meta property=\"og:description\" content=\"Premium \u017eieminis vokelis - Nature Symphony ir kitos vaik\u0173 prek\u0117s. Prek\u0117s valgymui, miegui, \u017eaidimams, vaik\u0173 tekstil\u0117, prek\u0117s kambariui ir kitos prek\u0117s vaikams.\" \/>\n<meta property=\"og:url\" content=\"https:\/\/dreamybunny.lt\/en\/product\/premium-zieminis-vokelis-nature-symphony\/\" \/>\n<meta property=\"og:site_name\" content=\"Dreamy Bunny - prek\u0117s vaikams\" \/>\n<meta property=\"article:modified_time\" content=\"2023-09-27T20:41:31+00:00\" \/>\n<meta property=\"og:image\" content=\"https:\/\/dreamybunny.lt\/wp-content\/uploads\/2023\/09\/Premium-zieminis-vokelis-Nature-Symphony.jpg\" \/>\n\t<meta property=\"og:image:width\" content=\"1000\" \/>\n\t<meta property=\"og:image:height\" content=\"1000\" \/>\n\t<meta property=\"og:image:type\" content=\"image\/jpeg\" \/>\n<meta name=\"twitter:card\" content=\"summary_large_image\" \/>\n<meta name=\"twitter:label1\" content=\"Est. reading time\" \/>\n\t<meta name=\"twitter:data1\" content=\"2 minutes\" \/>\n<script type=\"application\/ld+json\" class=\"yoast-schema-graph\">{\"@context\":\"https:\/\/schema.org\",\"@graph\":[{\"@type\":\"WebPage\",\"@id\":\"https:\/\/dreamybunny.lt\/produktas\/premium-zieminis-vokelis-nature-symphony\/\",\"url\":\"https:\/\/dreamybunny.lt\/produktas\/premium-zieminis-vokelis-nature-symphony\/\",\"name\":\"Premium \u017eieminis vokelis - Nature Symphony - Dreamy Bunny - prek\u0117s vaikams\",\"isPartOf\":{\"@id\":\"https:\/\/dreamybunny.lt\/#website\"},\"datePublished\":\"2023-09-26T12:52:03+00:00\",\"dateModified\":\"2023-09-27T20:41:31+00:00\",\"description\":\"Premium \u017eieminis vokelis - Nature Symphony ir kitos vaik\u0173 prek\u0117s. Prek\u0117s valgymui, miegui, \u017eaidimams, vaik\u0173 tekstil\u0117, prek\u0117s kambariui ir kitos prek\u0117s vaikams.\",\"breadcrumb\":{\"@id\":\"https:\/\/dreamybunny.lt\/produktas\/premium-zieminis-vokelis-nature-symphony\/#breadcrumb\"},\"inLanguage\":\"en-US\",\"potentialAction\":[{\"@type\":\"ReadAction\",\"target\":[\"https:\/\/dreamybunny.lt\/produktas\/premium-zieminis-vokelis-nature-symphony\/\"]}]},{\"@type\":\"BreadcrumbList\",\"@id\":\"https:\/\/dreamybunny.lt\/produktas\/premium-zieminis-vokelis-nature-symphony\/#breadcrumb\",\"itemListElement\":[{\"@type\":\"ListItem\",\"position\":1,\"name\":\"Home\",\"item\":\"https:\/\/dreamybunny.lt\/\"},{\"@type\":\"ListItem\",\"position\":2,\"name\":\"Parduotuv\u0117\",\"item\":\"https:\/\/dreamybunny.lt\/parduotuve\/\"},{\"@type\":\"ListItem\",\"position\":3,\"name\":\"Premium \u017eieminis vokelis &#8211; Nature Symphony\"}]},{\"@type\":\"WebSite\",\"@id\":\"https:\/\/dreamybunny.lt\/#website\",\"url\":\"https:\/\/dreamybunny.lt\/\",\"name\":\"Dreamy Bunny - prek\u0117s vaikams\",\"description\":\"\",\"publisher\":{\"@id\":\"https:\/\/dreamybunny.lt\/#organization\"},\"potentialAction\":[{\"@type\":\"SearchAction\",\"target\":{\"@type\":\"EntryPoint\",\"urlTemplate\":\"https:\/\/dreamybunny.lt\/?s={search_term_string}\"},\"query-input\":\"required name=search_term_string\"}],\"inLanguage\":\"en-US\"},{\"@type\":\"Organization\",\"@id\":\"https:\/\/dreamybunny.lt\/#organization\",\"name\":\"MB DREAMY BUNNY\",\"url\":\"https:\/\/dreamybunny.lt\/\",\"logo\":{\"@type\":\"ImageObject\",\"inLanguage\":\"en-US\",\"@id\":\"https:\/\/dreamybunny.lt\/#\/schema\/logo\/image\/\",\"url\":\"http:\/\/dreamybunny.lt\/wp-content\/uploads\/2023\/01\/logo.png\",\"contentUrl\":\"http:\/\/dreamybunny.lt\/wp-content\/uploads\/2023\/01\/logo.png\",\"width\":500,\"height\":500,\"caption\":\"MB DREAMY BUNNY\"},\"image\":{\"@id\":\"https:\/\/dreamybunny.lt\/#\/schema\/logo\/image\/\"}}]}<\/script>\n<!-- \/ Yoast SEO plugin. -->","yoast_head_json":{"title":"Premium \u017eieminis vokelis - Nature Symphony - Dreamy Bunny - prek\u0117s vaikams","description":"Premium \u017eieminis vokelis - Nature Symphony ir kitos vaik\u0173 prek\u0117s. Prek\u0117s valgymui, miegui, \u017eaidimams, vaik\u0173 tekstil\u0117, prek\u0117s kambariui ir kitos prek\u0117s vaikams.","robots":{"index":"index","follow":"follow","max-snippet":"max-snippet:-1","max-image-preview":"max-image-preview:large","max-video-preview":"max-video-preview:-1"},"canonical":"https:\/\/dreamybunny.lt\/en\/product\/premium-zieminis-vokelis-nature-symphony\/","og_locale":"en_US","og_type":"article","og_title":"Premium \u017eieminis vokelis - Nature Symphony - Dreamy Bunny - prek\u0117s vaikams","og_description":"Premium \u017eieminis vokelis - Nature Symphony ir kitos vaik\u0173 prek\u0117s. Prek\u0117s valgymui, miegui, \u017eaidimams, vaik\u0173 tekstil\u0117, prek\u0117s kambariui ir kitos prek\u0117s vaikams.","og_url":"https:\/\/dreamybunny.lt\/en\/product\/premium-zieminis-vokelis-nature-symphony\/","og_site_name":"Dreamy Bunny - prek\u0117s vaikams","article_modified_time":"2023-09-27T20:41:31+00:00","og_image":[{"width":1000,"height":1000,"url":"https:\/\/dreamybunny.lt\/wp-content\/uploads\/2023\/09\/Premium-zieminis-vokelis-Nature-Symphony.jpg","type":"image\/jpeg"}],"twitter_card":"summary_large_image","twitter_misc":{"Est. reading time":"2 minutes"},"schema":{"@context":"https:\/\/schema.org","@graph":[{"@type":"WebPage","@id":"https:\/\/dreamybunny.lt\/produktas\/premium-zieminis-vokelis-nature-symphony\/","url":"https:\/\/dreamybunny.lt\/produktas\/premium-zieminis-vokelis-nature-symphony\/","name":"Premium \u017eieminis vokelis - Nature Symphony - Dreamy Bunny - prek\u0117s vaikams","isPartOf":{"@id":"https:\/\/dreamybunny.lt\/#website"},"datePublished":"2023-09-26T12:52:03+00:00","dateModified":"2023-09-27T20:41:31+00:00","description":"Premium \u017eieminis vokelis - Nature Symphony ir kitos vaik\u0173 prek\u0117s. Prek\u0117s valgymui, miegui, \u017eaidimams, vaik\u0173 tekstil\u0117, prek\u0117s kambariui ir kitos prek\u0117s vaikams.","breadcrumb":{"@id":"https:\/\/dreamybunny.lt\/produktas\/premium-zieminis-vokelis-nature-symphony\/#breadcrumb"},"inLanguage":"en-US","potentialAction":[{"@type":"ReadAction","target":["https:\/\/dreamybunny.lt\/produktas\/premium-zieminis-vokelis-nature-symphony\/"]}]},{"@type":"BreadcrumbList","@id":"https:\/\/dreamybunny.lt\/produktas\/premium-zieminis-vokelis-nature-symphony\/#breadcrumb","itemListElement":[{"@type":"ListItem","position":1,"name":"Home","item":"https:\/\/dreamybunny.lt\/"},{"@type":"ListItem","position":2,"name":"Parduotuv\u0117","item":"https:\/\/dreamybunny.lt\/parduotuve\/"},{"@type":"ListItem","position":3,"name":"Premium \u017eieminis vokelis &#8211; Nature Symphony"}]},{"@type":"WebSite","@id":"https:\/\/dreamybunny.lt\/#website","url":"https:\/\/dreamybunny.lt\/","name":"Dreamy Bunny - prek\u0117s vaikams","description":"","publisher":{"@id":"https:\/\/dreamybunny.lt\/#organization"},"potentialAction":[{"@type":"SearchAction","target":{"@type":"EntryPoint","urlTemplate":"https:\/\/dreamybunny.lt\/?s={search_term_string}"},"query-input":"required name=search_term_string"}],"inLanguage":"en-US"},{"@type":"Organization","@id":"https:\/\/dreamybunny.lt\/#organization","name":"MB DREAMY BUNNY","url":"https:\/\/dreamybunny.lt\/","logo":{"@type":"ImageObject","inLanguage":"en-US","@id":"https:\/\/dreamybunny.lt\/#\/schema\/logo\/image\/","url":"http:\/\/dreamybunny.lt\/wp-content\/uploads\/2023\/01\/logo.png","contentUrl":"http:\/\/dreamybunny.lt\/wp-content\/uploads\/2023\/01\/logo.png","width":500,"height":500,"caption":"MB DREAMY BUNNY"},"image":{"@id":"https:\/\/dreamybunny.lt\/#\/schema\/logo\/image\/"}}]}},"_links":{"self":[{"href":"https:\/\/dreamybunny.lt\/en\/wp-json\/wp\/v2\/product\/9783"}],"collection":[{"href":"https:\/\/dreamybunny.lt\/en\/wp-json\/wp\/v2\/product"}],"about":[{"href":"https:\/\/dreamybunny.lt\/en\/wp-json\/wp\/v2\/types\/product"}],"replies":[{"embeddable":true,"href":"https:\/\/dreamybunny.lt\/en\/wp-json\/wp\/v2\/comments?post=9783"}],"wp:featuredmedia":[{"embeddable":true,"href":"https:\/\/dreamybunny.lt\/en\/wp-json\/wp\/v2\/media\/9786"}],"wp:attachment":[{"href":"https:\/\/dreamybunny.lt\/en\/wp-json\/wp\/v2\/media?parent=9783"}],"wp:term":[{"taxonomy":"product_cat","embeddable":true,"href":"https:\/\/dreamybunny.lt\/en\/wp-json\/wp\/v2\/product_cat?post=9783"},{"taxonomy":"product_tag","embeddable":true,"href":"https:\/\/dreamybunny.lt\/en\/wp-json\/wp\/v2\/product_tag?post=9783"}],"curies":[{"name":"wp","href":"https:\/\/api.w.org\/{rel}","templated":true}]}}